{"id":4260,"date":"2018-12-03T16:36:14","date_gmt":"2018-12-03T15:36:14","guid":{"rendered":"https:\/\/futurhobby.com\/rc2\/?page_id=4260"},"modified":"2018-12-28T03:27:33","modified_gmt":"2018-12-28T02:27:33","slug":"condiciones-de-uso","status":"publish","type":"page","link":"https:\/\/futurhobby.com\/tienda\/condiciones-de-uso\/","title":{"rendered":"CONDICIONES DE USO"},"content":{"rendered":"<p>Bienvenido a la Tienda Online de Futurhobby.com\/tienda<\/p>\n<p>Todos nuestros env\u00edos se realizan desde Le\u00f3n, Espa\u00f1a, tras el proceso de los mismos, que pude durar de 1 a 4 d\u00edas salvo aviso en contra.<\/p>\n<p>La forma de env\u00edo es Nacex servicio Urgente,que normalmente tarda 24 horas en entregar en Pen\u00ednsula, Baleares y Portugal.<\/p>\n<p>Todos los env\u00edos se realizan, una vez recibido el pago del pedido, con seguro de transporte contra p\u00e9rdida o rotura.<\/p>\n<h5 style=\"text-align: center;\"><strong>ATENCION POR FAVOR:<\/strong><\/h5>\n<p><span style=\"color: #ff0000;\">Enviamos solamente a Espa\u00f1a y Europa, Zona IVA, no enviamos fuera de esta zona.<\/span><\/p>\n<p>Para env\u00edos a Canarias y Andorra, por favor cont\u00e1ctenos por email con sus datos de facturaci\u00f3n y tel\u00e9fono.<\/p>\n<h2 style=\"text-align: center;\"><strong>Funcionamiento de la Tienda Online<\/strong><\/h2>\n<p><span style=\"font-family: verdana,geneva;\">Recorriendo las p\u00e1ginas de nuestra tienda, puedes ver y a\u00f1adir a tu cesta art\u00edculos, modificar o borrar los contenidos de la cesta, calcular el importe con gastos de env\u00edo, etc.<\/span><\/p>\n<p><span style=\"font-family: verdana,geneva;\">Si deseas comprar, al dar al correspondiente bot\u00f3n, se te pedir\u00e1n los datos de tu identidad de usuario, si ye eres cliente registrado, o los datos necesarios para darte de alta como tal.<\/span><\/p>\n<p><span style=\"font-family: verdana,geneva;\">-El pedido se reserva y prepara al momento de recibir confirmaci\u00f3n de pago (es decir, no hay que esperar a recibir el pago).<\/span><br \/>\n<span style=\"font-family: verdana,geneva;\">-La forma de env\u00edo es,normalmente, para pen\u00ednsula, Portugal y Baleares, por Nacex Urgente. <\/span><\/p>\n<p><strong><span style=\"color: #ff0000;\">LA FORMA DE TRANSPORTE (24 HORAS) NO SUPONE COMPROMISO DE QUE PUEDA ENVIARSE SIEMPRE EN ESTE PLAZO:\u00a0 Art\u00edculos que requieran preparaci\u00f3n y\/o ajustes pueden requerir un tiempo de proceso de uno o mas d\u00edas, en caso de duda por favor consultar.<\/span><\/strong><\/p>\n<p><span style=\"color: #ff0000;\"><span style=\"color: #000000;\">Especialmente en Navidades, con ocasi\u00f3n de cumplea\u00f1os, puentes, vacaciones, algunos clientes exijen que se env\u00ede de inmediato lo que han comprado a \u00faltima hora. Nos gusta ser siempre los m\u00e1s r\u00e1pidos, pero no siempre es posible, sobre todo si varias personas lo piden simultaneamente.<\/span><\/span><\/p>\n<p><span style=\"color: #ff0000;\"><span style=\"color: #000000;\">Por favor, tenga en cuenta que el a\u00f1o tiene 365 d\u00edas y no espere al \u00faltimo para hacer su pedido \ud83d\ude09<br \/>\n<\/span><\/span><\/p>\n<p><span style=\"font-family: verdana,geneva;\">Inmediatamente despu\u00e9s de hecho el env\u00edo se le manda una confirmaci\u00f3n de env\u00edo por email y SMS si nos facilit\u00f3 un tel\u00e9fono m\u00f3vil con sus datos.<\/span><\/p>\n<p><span style=\"font-family: verdana,geneva;\">Todos los env\u00edos se realizan asegurados contra p\u00e9rdida o deterioro. Por favor contactar con Futurhobby si observa cualquier da\u00f1o o anomal\u00eda en el embalaje o su contenido, dentro de las 24 horas siguientes a su recepci\u00f3n, para que podamos darle una soluci\u00f3n inmediatamente.<br \/>\n<\/span><\/p>\n<p><span style=\"font-family: verdana,geneva;\"><strong>CONDICIONES GENERALES DE VENTA: <\/strong><\/span><\/p>\n<p><span style=\"font-family: verdana,geneva;\"><span style=\"color: #000000;\">-La compraventa se entiende a todos los efectos realizada en Futurhobby S.L., (Le\u00f3n). <\/span><\/span><br \/>\n<span style=\"font-family: verdana,geneva;\">En todos los casos el coste de transporte desde Futurhobby hasta el cliente y desde el cliente a Futurhobby corren a cargo del cliente, salvo en el caso de faltar algo en el contenido de lo enviado, ya que correr\u00e1n a cargo de Futurhobby.<\/span><\/p>\n<p><span style=\"font-family: verdana,geneva;\">-Los precios para nuevas remesas de art\u00edculos pueden estar sometidas a cambios.<\/span><\/p>\n<p><span style=\"font-family: verdana,geneva;\">-Como establece el c\u00f3digo de comercio, la compraventa es una operaci\u00f3n que se efect\u00faa por acuerdo expreso de ambas partes, comprador y vendedor. As\u00ed como el cliente no est\u00e1 obligado a comprar, Futurhobby se reserva el derecho de no seguir adelante con una operaci\u00f3n comercial en determinados casos, si detecta que el cliente puede ser problem\u00e1tico en su trato, menor de edad, si ha impagado un pedido anterior, o ha falseado datos en el formulario de su perfil de datos. Tambi\u00e9n en casos de terminales que usen enmascaradores de IP o cualquier indicio de fraude o phishing.<\/span><\/p>\n<p><span style=\"font-family: verdana,geneva;\">-Si alguno de los art\u00edculos encargados se ha agotado el comprador puede optar por la devoluci\u00f3n inmediata de su pago.<\/span><\/p>\n<p><span style=\"font-family: verdana,geneva;\">-Derecho de desestimiento: Acorde a la ley vigente, el comprador tiene derecho a desistir del pedido durante un plazo de 14 d\u00edas naturales a partir de la fecha de recepci\u00f3n del producto. La devoluci\u00f3n ser\u00e1 posible s\u00f3lo en los casos en los que el producto no haya sido extraido de su embalaje original ni usado, y devuelto en correcto estado y completo, es decir, en condiciones de volverse a vender a otro usuario.<\/span><\/p>\n<p>Modelo de formulario de desistimiento \u2013 A la atenci\u00f3n de<\/p>\n<p>Antonio Diez Sandes<\/p>\n<p>C.\/ Monasterio, N\u00ba 8<\/p>\n<p>24004 Le\u00f3n &#8211; Espa\u00f1a<\/p>\n<p>Correo electr\u00f3nico: info@futurhobby.com<\/p>\n<p>\u2013 Por la presente le comunico\/comunicamos (*) que desisto de mi\/desistimos de nuestro (*) contrato de venta del siguiente bien\/prestaci\u00f3n del siguiente servicio (*)<\/p>\n<p>\u2013 Pedido el\/recibido el (*)<\/p>\n<p>\u2013 Nombre del consumidor y usuario o de los consumidores y usuarios<\/p>\n<p>\u2013 Domicilio del consumidor y usuario o de los consumidores y usuarios<\/p>\n<p>\u2013 Firma del consumidor y usuario o de los consumidores y usuarios (solo si el presente formulario se presenta en papel)<\/p>\n<p>\u2013 Fecha<br \/>\n(*) T\u00e1chese lo que no proceda.<\/p>\n<div class=\"page\" title=\"Page 11\">\n<div class=\"section\">\n<div class=\"layoutArea\">\n<div class=\"column\">\n<p>Deber\u00e1 usted asumir el coste directo de devoluci\u00f3n de los bienes.<\/p>\n<\/div>\n<\/div>\n<\/div>\n<\/div>\n<p><span style=\"font-family: verdana,geneva;\"><strong>FORMAS DE PAGO: <\/strong><\/span><br \/>\n<span style=\"font-family: verdana,geneva;\">Nuestras formas de pago aceptadas son: Transferencia bancaria y Paypal. <\/span><br \/>\n<span style=\"font-family: verdana,geneva;\">ATENCION: SOLO ADMITIMOS PAGOS POR PAYPAL DE ESPA\u00d1A, EUROPA Y REINO UNIDO. Por tanto desde fuera de estas zonas admitimos s\u00f3lo pagos por transferencia bancaria. <\/span><\/p>\n<p><span style=\"font-family: verdana,geneva;\">CONTRARREEMBOLSOS: Lo sentimos, Futurhobby no env\u00eda a pago contrarreembolso normalmente, nuestras formas de pago aceptadas son transferencia bancaria o PayPal.<\/span><\/p>\n<p><span style=\"font-family: verdana,geneva;\">Nos vemos obligados a no admitir contrarreembolsos debido al gran n\u00famero de devoluciones y los gastos que ello conlleva.<\/span><\/p>\n<p><span style=\"font-family: verdana,geneva;\">Para cualquier duda, puedes contactarnos utilizando el formulario que encontrar\u00e1s al pinchar en el enlace \u00abcont\u00e1ctanos\u00bb, en la parte inferior izquierda de esta p\u00e1gina, o tambi\u00e9n a trav\u00e9s del tel\u00e9fono en nuestra tienda: +34 <span style=\"font-size: 8pt;\"><span style=\"color: #333399;\"><span style=\"font-family: Arial Black,sans-serif;\"><span style=\"font-size: 10pt;\"> 646489771<\/span><\/span><\/span><\/span>., estamos para ayudarte.<\/span><\/p>\n<p style=\"margin-bottom: 0cm;\"><span style=\"font-size: 10pt; font-family: verdana,geneva;\"><strong>CONDICIONES DE VENTA Y GARANTIA <\/strong><\/span><\/p>\n<p style=\"margin-bottom: 0cm;\">\n<p style=\"margin-bottom: 0cm;\"><span style=\"font-family: verdana,geneva;\">1- Los Drones, helic\u00f3pteros y aviones de RC no son juguetes, contienen mecanismos electr\u00f3nicos sofisticados y fr\u00e1giles, y partes giratorias que pueden producir da\u00f1os materiales, y lesiones a las personas.<\/span><\/p>\n<p style=\"margin-bottom: 0cm;\"><span style=\"font-family: verdana,geneva;\">2- Su uso<em><strong> no es apropiado para ni\u00f1os<\/strong><\/em>, salvo bajo la total responsabilidad y control de adultos.<\/span><\/p>\n<p style=\"margin-bottom: 0cm;\"><span style=\"font-family: verdana,geneva;\">3- Si el usuario no sabe como usarlo, ha de aprender o buscar consejo, pero su falta de conocimiento no es responsabilidad del art\u00edculo, del fabricante, ni del vendedor. Estamos a su disposici\u00f3n para cualquier duda sobre el uso de nuestros productos.<br \/>\n<\/span><\/p>\n<p style=\"margin-bottom: 0cm;\"><span style=\"font-family: verdana,geneva;\">4-\u00a0La garant\u00eda de los art\u00edculos y productos vendidos en nuestra tienda la da el fabricante, Futurhobby no puede hacerse cargo de garantizar art\u00edculos que no fabrica. El plazo de cada producto lo establece el fabricante, tanto en el caso de particulares y en caso de empresas y aut\u00f3nomos. No obstante, en los supuesto de garant\u00eda de 2 a\u00f1os ofrecido por el fabricante, la garant\u00eda podr\u00eda extenderse a 2 a\u00f1os.<\/span><\/p>\n<p style=\"margin-bottom: 0cm;\"><span style=\"font-family: verdana,geneva;\">Por favor entienda que dicha garant\u00eda s\u00f3lo cubre defectos de fabricaci\u00f3n que impidan el normal uso del art\u00edculo.<\/span><\/p>\n<p style=\"margin-bottom: 0cm;\"><span style=\"font-family: verdana,geneva;\">EL USO LLEVA COMO CONSECUENCIA DESGASTES Y AVERIAS QUE EN NINGUN CASO QUEDAN CUBIERTAS POR LA GARANTIA.<\/span><\/p>\n<p><span style=\"font-family: verdana,geneva;\">5- En ning\u00fan caso la garant\u00eda cubrir\u00e1 dos veces la misma reparaci\u00f3n, o reparaciones que superen al precio de venta del producto.<br \/>\n<\/span><\/p>\n<p>6- Para poder ejecutar la garant\u00eda de un producto el cliente ha de ponerse en contacto con FUTURHOBBY en la direcci\u00f3n de correo: info@futurhobby.com informando de la aver\u00eda. Nuestro departamento t\u00e9cnico determinar\u00e1 si es necesaria una inspecci\u00f3n visual del art\u00edculo antes de proceder a la devoluci\u00f3n del art\u00edculo. No se aceptar\u00e1 ning\u00fan env\u00edo no autorizado por nuestro departamento t\u00e9cnico. En caso de que la inspecci\u00f3n visual del articulo determine que la aver\u00eda ha sido producida por mal uso o accidente, nuestro departamento t\u00e9cnico informar\u00e1 al cliente de las posibles soluciones que se encuentren a nuestro alcance y del coste de las mismas. En caso de no aceptaci\u00f3n de la aver\u00eda por tratarse de mal uso o accidente, el cliente deber\u00e1 hacerse cargo de los costes de manipulaci\u00f3n y env\u00edo del producto.<\/p>\n<p><span style=\"font-family: verdana,geneva;\">Si el cliente des\u00e9a reclamar en garant\u00eda, debe enviarnos el art\u00edculo en su embalaje original, completo con todos sus accesorios en instrucciones, tal como lo recibi\u00f3 de Futurhobby.<\/span><br \/>\n<span style=\"font-family: verdana,geneva;\">-Para comodidad del cliente Futurhobby puede concertar la recogida del producto por un transportista, y tanto los costes de env\u00edo como de devoluci\u00f3n correran a cargo del cliente, pagados por adelantado. <\/span><\/p>\n<p><span style=\"font-family: verdana,geneva;\">Ante cualquier duda o problema por favor no dudes en contactar con nosotros: nuestro primer objetivo es la satisfacci\u00f3n del cliente.<\/span><\/p>\n<p><span style=\"font-family: verdana,geneva;\">SI NO ESTA CONFORME CON ESTAS CONDICIONES POR FAVOR NO SIGA ADELANTE CON EL PROCESO DE COMPRA. Otras tiendas le dar\u00e1n menos garant\u00eda y servicio que nosotros, pero no se lo explicar\u00e1n tan claramente.<\/span><\/p>\n<p><span style=\"font-family: verdana,geneva;\">Direcciones email: <\/span><br \/>\n<span style=\"font-family: verdana,geneva;\">Informaci\u00f3n general, consultas sobre productos, env\u00edos, soporte t\u00e9cnico, etc: info@futurhobby.com <\/span><br \/>\n<span style=\"font-family: verdana,geneva;\">Asuntos comerciales, Proveedores, etc: comercial@futurhobby.com <\/span><\/p>\n<p><strong>SOBRE LOS EMAILS A FUTURHOBBY:<\/strong><\/p>\n<p>Normalmente recibimos una gran cantidad de emails al d\u00eda. Han de ser contestados por personal cualificado. El tiempo de respuesta puede variar de 24 horas a 3 d\u00edas.<\/p>\n<p>\u00bfNo le llega respuesta a su email? Por favor lea lo siguiente:<\/p>\n<p>&#8211; No contestamos emails de an\u00f3nimos o seud\u00f3nimos, etc.: Haga constar, por favor su nombre y apellidos, localidad y motivo del email en \u00abAsunto\u00bb.<\/p>\n<p>&#8211; No podemos contestar consultas postventa o dudas t\u00e9cnicas de art\u00edculos no comprados en nuestra tienda, por favor dirija su email a la tienda donde lo compr\u00f3.<\/p>\n<p>&#8211; Si no perteneciendo a estos grupos su email no recibe respuesta, le rogamos nos disculpe, puede estar parado por filtros o hab\u00e9rsenos pasado por fallo humano, le rogamos lo reenv\u00ede.<\/p>\n<p>Muchas Gracias<\/p>\n<p><span style=\"font-family: verdana,geneva;\">Queda prohibida la reproducci\u00f3n total o parcial del contenido de estas p\u00e1ginas sin autorizaci\u00f3n expresa del propietario.<\/span><\/p>\n","protected":false},"excerpt":{"rendered":"<p>Bienvenido a la Tienda Online de Futurhobby.com\/tienda Todos nuestros env\u00edos se realizan desde Le\u00f3n, Espa\u00f1a, tras el proceso de los mismos, que pude durar de 1 a 4 d\u00edas salvo aviso en contra. La forma de env\u00edo es Nacex servicio Urgente,que normalmente tarda 24 horas en entregar en Pen\u00ednsula, Baleares y Portugal. Todos los env\u00edos [&hellip;]<\/p>\n","protected":false},"author":1,"featured_media":0,"parent":0,"menu_order":0,"comment_status":"closed","ping_status":"closed","template":"","meta":{"footnotes":""},"yoast_head":"<!-- This site is optimized with the Yoast SEO plugin v20.2 - https:\/\/yoast.com\/wordpress\/plugins\/seo\/ -->\n<title>CONDICIONES DE USO &#8902; Futurhobby.com\/tienda<\/title>\n<meta name=\"robots\" content=\"index, follow, max-snippet:-1, max-image-preview:large, max-video-preview:-1\" \/>\n<link rel=\"canonical\" href=\"https:\/\/futurhobby.com\/tienda\/condiciones-de-uso\/\" \/>\n<meta property=\"og:locale\" content=\"es_ES\" \/>\n<meta property=\"og:type\" content=\"article\" \/>\n<meta property=\"og:title\" content=\"CONDICIONES DE USO &#8902; Futurhobby.com\/tienda\" \/>\n<meta property=\"og:description\" content=\"Bienvenido a la Tienda Online de Futurhobby.com\/tienda Todos nuestros env\u00edos se realizan desde Le\u00f3n, Espa\u00f1a, tras el proceso de los mismos, que pude durar de 1 a 4 d\u00edas salvo aviso en contra. La forma de env\u00edo es Nacex servicio Urgente,que normalmente tarda 24 horas en entregar en Pen\u00ednsula, Baleares y Portugal. Todos los env\u00edos [&hellip;]\" \/>\n<meta property=\"og:url\" content=\"https:\/\/futurhobby.com\/tienda\/condiciones-de-uso\/\" \/>\n<meta property=\"og:site_name\" content=\"Futurhobby.com\/tienda\" \/>\n<meta property=\"article:publisher\" content=\"https:\/\/www.facebook.com\/futurhobby\/\" \/>\n<meta property=\"article:modified_time\" content=\"2018-12-28T02:27:33+00:00\" \/>\n<meta name=\"twitter:card\" content=\"summary_large_image\" \/>\n<meta name=\"twitter:label1\" content=\"Tiempo de lectura\" \/>\n\t<meta name=\"twitter:data1\" content=\"8 minutos\" \/>\n<script type=\"application\/ld+json\" class=\"yoast-schema-graph\">{\"@context\":\"https:\/\/schema.org\",\"@graph\":[{\"@type\":\"WebPage\",\"@id\":\"https:\/\/futurhobby.com\/tienda\/condiciones-de-uso\/\",\"url\":\"https:\/\/futurhobby.com\/tienda\/condiciones-de-uso\/\",\"name\":\"CONDICIONES DE USO &#8902; Futurhobby.com\/tienda\",\"isPartOf\":{\"@id\":\"https:\/\/futurhobby.com\/tienda\/#website\"},\"datePublished\":\"2018-12-03T15:36:14+00:00\",\"dateModified\":\"2018-12-28T02:27:33+00:00\",\"breadcrumb\":{\"@id\":\"https:\/\/futurhobby.com\/tienda\/condiciones-de-uso\/#breadcrumb\"},\"inLanguage\":\"es\",\"potentialAction\":[{\"@type\":\"ReadAction\",\"target\":[\"https:\/\/futurhobby.com\/tienda\/condiciones-de-uso\/\"]}]},{\"@type\":\"BreadcrumbList\",\"@id\":\"https:\/\/futurhobby.com\/tienda\/condiciones-de-uso\/#breadcrumb\",\"itemListElement\":[{\"@type\":\"ListItem\",\"position\":1,\"name\":\"Portada\",\"item\":\"https:\/\/futurhobby.com\/tienda\/\"},{\"@type\":\"ListItem\",\"position\":2,\"name\":\"CONDICIONES DE USO\"}]},{\"@type\":\"WebSite\",\"@id\":\"https:\/\/futurhobby.com\/tienda\/#website\",\"url\":\"https:\/\/futurhobby.com\/tienda\/\",\"name\":\"Futurhobby.com\/tienda\",\"description\":\"Lo mejor en Drones, Aeromodelismo y Hobby\",\"potentialAction\":[{\"@type\":\"SearchAction\",\"target\":{\"@type\":\"EntryPoint\",\"urlTemplate\":\"https:\/\/futurhobby.com\/tienda\/?s={search_term_string}\"},\"query-input\":\"required name=search_term_string\"}],\"inLanguage\":\"es\"}]}<\/script>\n<!-- \/ Yoast SEO plugin. -->","yoast_head_json":{"title":"CONDICIONES DE USO &#8902; Futurhobby.com\/tienda","robots":{"index":"index","follow":"follow","max-snippet":"max-snippet:-1","max-image-preview":"max-image-preview:large","max-video-preview":"max-video-preview:-1"},"canonical":"https:\/\/futurhobby.com\/tienda\/condiciones-de-uso\/","og_locale":"es_ES","og_type":"article","og_title":"CONDICIONES DE USO &#8902; Futurhobby.com\/tienda","og_description":"Bienvenido a la Tienda Online de Futurhobby.com\/tienda Todos nuestros env\u00edos se realizan desde Le\u00f3n, Espa\u00f1a, tras el proceso de los mismos, que pude durar de 1 a 4 d\u00edas salvo aviso en contra. La forma de env\u00edo es Nacex servicio Urgente,que normalmente tarda 24 horas en entregar en Pen\u00ednsula, Baleares y Portugal. Todos los env\u00edos [&hellip;]","og_url":"https:\/\/futurhobby.com\/tienda\/condiciones-de-uso\/","og_site_name":"Futurhobby.com\/tienda","article_publisher":"https:\/\/www.facebook.com\/futurhobby\/","article_modified_time":"2018-12-28T02:27:33+00:00","twitter_card":"summary_large_image","twitter_misc":{"Tiempo de lectura":"8 minutos"},"schema":{"@context":"https:\/\/schema.org","@graph":[{"@type":"WebPage","@id":"https:\/\/futurhobby.com\/tienda\/condiciones-de-uso\/","url":"https:\/\/futurhobby.com\/tienda\/condiciones-de-uso\/","name":"CONDICIONES DE USO &#8902; Futurhobby.com\/tienda","isPartOf":{"@id":"https:\/\/futurhobby.com\/tienda\/#website"},"datePublished":"2018-12-03T15:36:14+00:00","dateModified":"2018-12-28T02:27:33+00:00","breadcrumb":{"@id":"https:\/\/futurhobby.com\/tienda\/condiciones-de-uso\/#breadcrumb"},"inLanguage":"es","potentialAction":[{"@type":"ReadAction","target":["https:\/\/futurhobby.com\/tienda\/condiciones-de-uso\/"]}]},{"@type":"BreadcrumbList","@id":"https:\/\/futurhobby.com\/tienda\/condiciones-de-uso\/#breadcrumb","itemListElement":[{"@type":"ListItem","position":1,"name":"Portada","item":"https:\/\/futurhobby.com\/tienda\/"},{"@type":"ListItem","position":2,"name":"CONDICIONES DE USO"}]},{"@type":"WebSite","@id":"https:\/\/futurhobby.com\/tienda\/#website","url":"https:\/\/futurhobby.com\/tienda\/","name":"Futurhobby.com\/tienda","description":"Lo mejor en Drones, Aeromodelismo y Hobby","potentialAction":[{"@type":"SearchAction","target":{"@type":"EntryPoint","urlTemplate":"https:\/\/futurhobby.com\/tienda\/?s={search_term_string}"},"query-input":"required name=search_term_string"}],"inLanguage":"es"}]}},"_links":{"self":[{"href":"https:\/\/futurhobby.com\/tienda\/wp-json\/wp\/v2\/pages\/4260"}],"collection":[{"href":"https:\/\/futurhobby.com\/tienda\/wp-json\/wp\/v2\/pages"}],"about":[{"href":"https:\/\/futurhobby.com\/tienda\/wp-json\/wp\/v2\/types\/page"}],"author":[{"embeddable":true,"href":"https:\/\/futurhobby.com\/tienda\/wp-json\/wp\/v2\/users\/1"}],"replies":[{"embeddable":true,"href":"https:\/\/futurhobby.com\/tienda\/wp-json\/wp\/v2\/comments?post=4260"}],"version-history":[{"count":0,"href":"https:\/\/futurhobby.com\/tienda\/wp-json\/wp\/v2\/pages\/4260\/revisions"}],"wp:attachment":[{"href":"https:\/\/futurhobby.com\/tienda\/wp-json\/wp\/v2\/media?parent=4260"}],"curies":[{"name":"wp","href":"https:\/\/api.w.org\/{rel}","templated":true}]}}