{"id":10297,"date":"2011-10-28T18:35:23","date_gmt":"2011-10-28T16:35:23","guid":{"rendered":"https:\/\/futurhobby.com\/tienda\/comprar\/gafas-lupa-con-cristales-intercambiables\/"},"modified":"2011-10-28T18:35:23","modified_gmt":"2011-10-28T16:35:23","slug":"gafas-lupa-con-cristales-intercambiables","status":"publish","type":"product","link":"https:\/\/futurhobby.com\/tienda\/comprar\/gafas-lupa-con-cristales-intercambiables\/","title":{"rendered":"Gafas Lupa con Cristales Intercambiables"},"content":{"rendered":"<p>Gafas Lupa con Cristales Intercambiables<\/p>\n<p>Ideal para todo tipo de manualidades, especialmente para ver con claridad microsc\u00f3pica hasta el mas m\u00ednimo detalle de la mec\u00e1nica de tu helic\u00f3ptero o modelo RC, etc.<\/p>\n<p>Incluye montura y cuatro cristales (1,6 &#8211; 2,0 &#8211; 2,5 &#8211; 3,5)<\/p>\n","protected":false},"excerpt":{"rendered":"<p>Gafas Lupa con Cristales Intercambiables<\/p>\n<p>Ideal para todo tipo de manualidades, especialmente para ver con claridad microsc\u00f3pica hasta el mas m\u00ednimo detalle de la mec\u00e1nica de tu helic\u00f3ptero o modelo RC, etc.<\/p>\n","protected":false},"featured_media":10296,"comment_status":"closed","ping_status":"closed","template":"","meta":[],"pwb-brand":[],"product_cat":[593],"product_tag":[],"yoast_head":"<!-- This site is optimized with the Yoast SEO plugin v20.2 - https:\/\/yoast.com\/wordpress\/plugins\/seo\/ -->\n<title>Gafas Lupa con Cristales Intercambiables &#8902; Futurhobby.com\/tienda<\/title>\n<meta name=\"robots\" content=\"index, follow, max-snippet:-1, max-image-preview:large, max-video-preview:-1\" \/>\n<link rel=\"canonical\" href=\"https:\/\/futurhobby.com\/tienda\/comprar\/gafas-lupa-con-cristales-intercambiables\/\" \/>\n<meta property=\"og:locale\" content=\"es_ES\" \/>\n<meta property=\"og:type\" content=\"article\" \/>\n<meta property=\"og:title\" content=\"Gafas Lupa con Cristales Intercambiables &#8902; Futurhobby.com\/tienda\" \/>\n<meta property=\"og:description\" content=\"Gafas Lupa con Cristales Intercambiables Ideal para todo tipo de manualidades, especialmente para ver con claridad microsc\u00f3pica hasta el mas m\u00ednimo detalle de la mec\u00e1nica de tu helic\u00f3ptero o modelo RC, etc.\" \/>\n<meta property=\"og:url\" content=\"https:\/\/futurhobby.com\/tienda\/comprar\/gafas-lupa-con-cristales-intercambiables\/\" \/>\n<meta property=\"og:site_name\" content=\"Futurhobby.com\/tienda\" \/>\n<meta property=\"article:publisher\" content=\"https:\/\/www.facebook.com\/futurhobby\/\" \/>\n<meta property=\"og:image\" content=\"https:\/\/futurhobby.com\/tienda\/wp-content\/uploads\/2011\/10\/1192-Gafas-Lupa-con-Cristales-Intercambiables.jpg\" \/>\n\t<meta property=\"og:image:width\" content=\"307\" \/>\n\t<meta property=\"og:image:height\" content=\"219\" \/>\n\t<meta property=\"og:image:type\" content=\"image\/jpeg\" \/>\n<meta name=\"twitter:card\" content=\"summary_large_image\" \/>\n<script type=\"application\/ld+json\" class=\"yoast-schema-graph\">{\"@context\":\"https:\/\/schema.org\",\"@graph\":[{\"@type\":\"WebPage\",\"@id\":\"https:\/\/futurhobby.com\/tienda\/comprar\/gafas-lupa-con-cristales-intercambiables\/\",\"url\":\"https:\/\/futurhobby.com\/tienda\/comprar\/gafas-lupa-con-cristales-intercambiables\/\",\"name\":\"Gafas Lupa con Cristales Intercambiables &#8902; Futurhobby.com\/tienda\",\"isPartOf\":{\"@id\":\"https:\/\/futurhobby.com\/tienda\/#website\"},\"datePublished\":\"2011-10-28T16:35:23+00:00\",\"dateModified\":\"2011-10-28T16:35:23+00:00\",\"breadcrumb\":{\"@id\":\"https:\/\/futurhobby.com\/tienda\/comprar\/gafas-lupa-con-cristales-intercambiables\/#breadcrumb\"},\"inLanguage\":\"es\",\"potentialAction\":[{\"@type\":\"ReadAction\",\"target\":[\"https:\/\/futurhobby.com\/tienda\/comprar\/gafas-lupa-con-cristales-intercambiables\/\"]}]},{\"@type\":\"BreadcrumbList\",\"@id\":\"https:\/\/futurhobby.com\/tienda\/comprar\/gafas-lupa-con-cristales-intercambiables\/#breadcrumb\",\"itemListElement\":[{\"@type\":\"ListItem\",\"position\":1,\"name\":\"Portada\",\"item\":\"https:\/\/futurhobby.com\/tienda\/\"},{\"@type\":\"ListItem\",\"position\":2,\"name\":\"Tienda\",\"item\":\"https:\/\/futurhobby.com\/tienda\/\"},{\"@type\":\"ListItem\",\"position\":3,\"name\":\"Gafas Lupa con Cristales Intercambiables\"}]},{\"@type\":\"WebSite\",\"@id\":\"https:\/\/futurhobby.com\/tienda\/#website\",\"url\":\"https:\/\/futurhobby.com\/tienda\/\",\"name\":\"Futurhobby.com\/tienda\",\"description\":\"Lo mejor en Drones, Aeromodelismo y Hobby\",\"potentialAction\":[{\"@type\":\"SearchAction\",\"target\":{\"@type\":\"EntryPoint\",\"urlTemplate\":\"https:\/\/futurhobby.com\/tienda\/?s={search_term_string}\"},\"query-input\":\"required name=search_term_string\"}],\"inLanguage\":\"es\"}]}<\/script>\n<!-- \/ Yoast SEO plugin. -->","yoast_head_json":{"title":"Gafas Lupa con Cristales Intercambiables &#8902; Futurhobby.com\/tienda","robots":{"index":"index","follow":"follow","max-snippet":"max-snippet:-1","max-image-preview":"max-image-preview:large","max-video-preview":"max-video-preview:-1"},"canonical":"https:\/\/futurhobby.com\/tienda\/comprar\/gafas-lupa-con-cristales-intercambiables\/","og_locale":"es_ES","og_type":"article","og_title":"Gafas Lupa con Cristales Intercambiables &#8902; Futurhobby.com\/tienda","og_description":"Gafas Lupa con Cristales Intercambiables Ideal para todo tipo de manualidades, especialmente para ver con claridad microsc\u00f3pica hasta el mas m\u00ednimo detalle de la mec\u00e1nica de tu helic\u00f3ptero o modelo RC, etc.","og_url":"https:\/\/futurhobby.com\/tienda\/comprar\/gafas-lupa-con-cristales-intercambiables\/","og_site_name":"Futurhobby.com\/tienda","article_publisher":"https:\/\/www.facebook.com\/futurhobby\/","og_image":[{"width":307,"height":219,"url":"https:\/\/futurhobby.com\/tienda\/wp-content\/uploads\/2011\/10\/1192-Gafas-Lupa-con-Cristales-Intercambiables.jpg","type":"image\/jpeg"}],"twitter_card":"summary_large_image","schema":{"@context":"https:\/\/schema.org","@graph":[{"@type":"WebPage","@id":"https:\/\/futurhobby.com\/tienda\/comprar\/gafas-lupa-con-cristales-intercambiables\/","url":"https:\/\/futurhobby.com\/tienda\/comprar\/gafas-lupa-con-cristales-intercambiables\/","name":"Gafas Lupa con Cristales Intercambiables &#8902; Futurhobby.com\/tienda","isPartOf":{"@id":"https:\/\/futurhobby.com\/tienda\/#website"},"datePublished":"2011-10-28T16:35:23+00:00","dateModified":"2011-10-28T16:35:23+00:00","breadcrumb":{"@id":"https:\/\/futurhobby.com\/tienda\/comprar\/gafas-lupa-con-cristales-intercambiables\/#breadcrumb"},"inLanguage":"es","potentialAction":[{"@type":"ReadAction","target":["https:\/\/futurhobby.com\/tienda\/comprar\/gafas-lupa-con-cristales-intercambiables\/"]}]},{"@type":"BreadcrumbList","@id":"https:\/\/futurhobby.com\/tienda\/comprar\/gafas-lupa-con-cristales-intercambiables\/#breadcrumb","itemListElement":[{"@type":"ListItem","position":1,"name":"Portada","item":"https:\/\/futurhobby.com\/tienda\/"},{"@type":"ListItem","position":2,"name":"Tienda","item":"https:\/\/futurhobby.com\/tienda\/"},{"@type":"ListItem","position":3,"name":"Gafas Lupa con Cristales Intercambiables"}]},{"@type":"WebSite","@id":"https:\/\/futurhobby.com\/tienda\/#website","url":"https:\/\/futurhobby.com\/tienda\/","name":"Futurhobby.com\/tienda","description":"Lo mejor en Drones, Aeromodelismo y Hobby","potentialAction":[{"@type":"SearchAction","target":{"@type":"EntryPoint","urlTemplate":"https:\/\/futurhobby.com\/tienda\/?s={search_term_string}"},"query-input":"required name=search_term_string"}],"inLanguage":"es"}]}},"brands":[],"_links":{"self":[{"href":"https:\/\/futurhobby.com\/tienda\/wp-json\/wp\/v2\/product\/10297"}],"collection":[{"href":"https:\/\/futurhobby.com\/tienda\/wp-json\/wp\/v2\/product"}],"about":[{"href":"https:\/\/futurhobby.com\/tienda\/wp-json\/wp\/v2\/types\/product"}],"replies":[{"embeddable":true,"href":"https:\/\/futurhobby.com\/tienda\/wp-json\/wp\/v2\/comments?post=10297"}],"wp:featuredmedia":[{"embeddable":true,"href":"https:\/\/futurhobby.com\/tienda\/wp-json\/wp\/v2\/media\/10296"}],"wp:attachment":[{"href":"https:\/\/futurhobby.com\/tienda\/wp-json\/wp\/v2\/media?parent=10297"}],"wp:term":[{"taxonomy":"pwb-brand","embeddable":true,"href":"https:\/\/futurhobby.com\/tienda\/wp-json\/wp\/v2\/pwb-brand?post=10297"},{"taxonomy":"product_cat","embeddable":true,"href":"https:\/\/futurhobby.com\/tienda\/wp-json\/wp\/v2\/product_cat?post=10297"},{"taxonomy":"product_tag","embeddable":true,"href":"https:\/\/futurhobby.com\/tienda\/wp-json\/wp\/v2\/product_tag?post=10297"}],"curies":[{"name":"wp","href":"https:\/\/api.w.org\/{rel}","templated":true}]}}