{"id":11283,"date":"2012-09-18T20:29:50","date_gmt":"2012-09-18T18:29:50","guid":{"rendered":"https:\/\/futurhobby.com\/tienda\/comprar\/motor-brushless-outrunner-himax-c-3516-0840-con-accesorios\/"},"modified":"2012-09-18T20:29:50","modified_gmt":"2012-09-18T18:29:50","slug":"motor-brushless-outrunner-himax-c-3516-0840-con-accesorios","status":"publish","type":"product","link":"https:\/\/futurhobby.com\/tienda\/comprar\/motor-brushless-outrunner-himax-c-3516-0840-con-accesorios\/","title":{"rendered":"Motor Brushless Outrunner Himax C 3516-0840 con accesorios"},"content":{"rendered":"<p>Motor Brushless Outrunner Himax C 3516-0840 con accesorios<\/p>\n<p>\u00a0<\/p>\n<p class=\"bodytext\">Motor el\u00e9ctrico del tipo 350 watios, adecuado para modelos 3D de 900 g hasta aprox. 1300 g, para modelos acrob\u00e1ticos de hasta 1600 g o para entrenadores de hasta aprox. 2000 g, adem\u00e1s de para veleros de hasta 3500 g.<\/p>\n<h2>Himax C 3516-0840<\/h2>\n<p><span>3S LiPo, H\u00e9lice 12&#8243; x 8&#8243; aprox. 33 A<\/span><br \/><span>4S LiPo, H\u00e9lice 10&#8243; x 7&#8243; aprox. 30 A<\/span><\/p>\n<p>\u00a0<\/p>\n<p><span>p.ej. para FunCub y EasyGlider Pro Tuning 3S de Multiplex<\/span><\/p>\n","protected":false},"excerpt":{"rendered":"<p>Motor Brushless Outrunner Himax C 3516-0840 con accesorios<\/p>\n","protected":false},"featured_media":11282,"comment_status":"closed","ping_status":"closed","template":"","meta":[],"pwb-brand":[],"product_cat":[599,594],"product_tag":[],"yoast_head":"<!-- This site is optimized with the Yoast SEO plugin v20.2 - https:\/\/yoast.com\/wordpress\/plugins\/seo\/ -->\n<title>Motor Brushless Outrunner Himax C 3516-0840 con accesorios &#8902; Futurhobby.com\/tienda<\/title>\n<meta name=\"robots\" content=\"index, follow, max-snippet:-1, max-image-preview:large, max-video-preview:-1\" \/>\n<link rel=\"canonical\" href=\"https:\/\/futurhobby.com\/tienda\/comprar\/motor-brushless-outrunner-himax-c-3516-0840-con-accesorios\/\" \/>\n<meta property=\"og:locale\" content=\"es_ES\" \/>\n<meta property=\"og:type\" content=\"article\" \/>\n<meta property=\"og:title\" content=\"Motor Brushless Outrunner Himax C 3516-0840 con accesorios &#8902; Futurhobby.com\/tienda\" \/>\n<meta property=\"og:description\" content=\"Motor Brushless Outrunner Himax C 3516-0840 con accesorios\" \/>\n<meta property=\"og:url\" content=\"https:\/\/futurhobby.com\/tienda\/comprar\/motor-brushless-outrunner-himax-c-3516-0840-con-accesorios\/\" \/>\n<meta property=\"og:site_name\" content=\"Futurhobby.com\/tienda\" \/>\n<meta property=\"article:publisher\" content=\"https:\/\/www.facebook.com\/futurhobby\/\" \/>\n<meta property=\"og:image\" content=\"https:\/\/futurhobby.com\/tienda\/wp-content\/uploads\/2012\/09\/2083-thickbox_default-Motor-Brushless-Outrunner-Himax-C-3516-0840-con-accesorios.jpg\" \/>\n\t<meta property=\"og:image:width\" content=\"800\" \/>\n\t<meta property=\"og:image:height\" content=\"800\" \/>\n\t<meta property=\"og:image:type\" content=\"image\/jpeg\" \/>\n<meta name=\"twitter:card\" content=\"summary_large_image\" \/>\n<script type=\"application\/ld+json\" class=\"yoast-schema-graph\">{\"@context\":\"https:\/\/schema.org\",\"@graph\":[{\"@type\":\"WebPage\",\"@id\":\"https:\/\/futurhobby.com\/tienda\/comprar\/motor-brushless-outrunner-himax-c-3516-0840-con-accesorios\/\",\"url\":\"https:\/\/futurhobby.com\/tienda\/comprar\/motor-brushless-outrunner-himax-c-3516-0840-con-accesorios\/\",\"name\":\"Motor Brushless Outrunner Himax C 3516-0840 con accesorios &#8902; Futurhobby.com\/tienda\",\"isPartOf\":{\"@id\":\"https:\/\/futurhobby.com\/tienda\/#website\"},\"datePublished\":\"2012-09-18T18:29:50+00:00\",\"dateModified\":\"2012-09-18T18:29:50+00:00\",\"breadcrumb\":{\"@id\":\"https:\/\/futurhobby.com\/tienda\/comprar\/motor-brushless-outrunner-himax-c-3516-0840-con-accesorios\/#breadcrumb\"},\"inLanguage\":\"es\",\"potentialAction\":[{\"@type\":\"ReadAction\",\"target\":[\"https:\/\/futurhobby.com\/tienda\/comprar\/motor-brushless-outrunner-himax-c-3516-0840-con-accesorios\/\"]}]},{\"@type\":\"BreadcrumbList\",\"@id\":\"https:\/\/futurhobby.com\/tienda\/comprar\/motor-brushless-outrunner-himax-c-3516-0840-con-accesorios\/#breadcrumb\",\"itemListElement\":[{\"@type\":\"ListItem\",\"position\":1,\"name\":\"Portada\",\"item\":\"https:\/\/futurhobby.com\/tienda\/\"},{\"@type\":\"ListItem\",\"position\":2,\"name\":\"Tienda\",\"item\":\"https:\/\/futurhobby.com\/tienda\/\"},{\"@type\":\"ListItem\",\"position\":3,\"name\":\"Motor Brushless Outrunner Himax C 3516-0840 con accesorios\"}]},{\"@type\":\"WebSite\",\"@id\":\"https:\/\/futurhobby.com\/tienda\/#website\",\"url\":\"https:\/\/futurhobby.com\/tienda\/\",\"name\":\"Futurhobby.com\/tienda\",\"description\":\"Lo mejor en Drones, Aeromodelismo y Hobby\",\"potentialAction\":[{\"@type\":\"SearchAction\",\"target\":{\"@type\":\"EntryPoint\",\"urlTemplate\":\"https:\/\/futurhobby.com\/tienda\/?s={search_term_string}\"},\"query-input\":\"required name=search_term_string\"}],\"inLanguage\":\"es\"}]}<\/script>\n<!-- \/ Yoast SEO plugin. -->","yoast_head_json":{"title":"Motor Brushless Outrunner Himax C 3516-0840 con accesorios &#8902; Futurhobby.com\/tienda","robots":{"index":"index","follow":"follow","max-snippet":"max-snippet:-1","max-image-preview":"max-image-preview:large","max-video-preview":"max-video-preview:-1"},"canonical":"https:\/\/futurhobby.com\/tienda\/comprar\/motor-brushless-outrunner-himax-c-3516-0840-con-accesorios\/","og_locale":"es_ES","og_type":"article","og_title":"Motor Brushless Outrunner Himax C 3516-0840 con accesorios &#8902; Futurhobby.com\/tienda","og_description":"Motor Brushless Outrunner Himax C 3516-0840 con accesorios","og_url":"https:\/\/futurhobby.com\/tienda\/comprar\/motor-brushless-outrunner-himax-c-3516-0840-con-accesorios\/","og_site_name":"Futurhobby.com\/tienda","article_publisher":"https:\/\/www.facebook.com\/futurhobby\/","og_image":[{"width":800,"height":800,"url":"https:\/\/futurhobby.com\/tienda\/wp-content\/uploads\/2012\/09\/2083-thickbox_default-Motor-Brushless-Outrunner-Himax-C-3516-0840-con-accesorios.jpg","type":"image\/jpeg"}],"twitter_card":"summary_large_image","schema":{"@context":"https:\/\/schema.org","@graph":[{"@type":"WebPage","@id":"https:\/\/futurhobby.com\/tienda\/comprar\/motor-brushless-outrunner-himax-c-3516-0840-con-accesorios\/","url":"https:\/\/futurhobby.com\/tienda\/comprar\/motor-brushless-outrunner-himax-c-3516-0840-con-accesorios\/","name":"Motor Brushless Outrunner Himax C 3516-0840 con accesorios &#8902; Futurhobby.com\/tienda","isPartOf":{"@id":"https:\/\/futurhobby.com\/tienda\/#website"},"datePublished":"2012-09-18T18:29:50+00:00","dateModified":"2012-09-18T18:29:50+00:00","breadcrumb":{"@id":"https:\/\/futurhobby.com\/tienda\/comprar\/motor-brushless-outrunner-himax-c-3516-0840-con-accesorios\/#breadcrumb"},"inLanguage":"es","potentialAction":[{"@type":"ReadAction","target":["https:\/\/futurhobby.com\/tienda\/comprar\/motor-brushless-outrunner-himax-c-3516-0840-con-accesorios\/"]}]},{"@type":"BreadcrumbList","@id":"https:\/\/futurhobby.com\/tienda\/comprar\/motor-brushless-outrunner-himax-c-3516-0840-con-accesorios\/#breadcrumb","itemListElement":[{"@type":"ListItem","position":1,"name":"Portada","item":"https:\/\/futurhobby.com\/tienda\/"},{"@type":"ListItem","position":2,"name":"Tienda","item":"https:\/\/futurhobby.com\/tienda\/"},{"@type":"ListItem","position":3,"name":"Motor Brushless Outrunner Himax C 3516-0840 con accesorios"}]},{"@type":"WebSite","@id":"https:\/\/futurhobby.com\/tienda\/#website","url":"https:\/\/futurhobby.com\/tienda\/","name":"Futurhobby.com\/tienda","description":"Lo mejor en Drones, Aeromodelismo y Hobby","potentialAction":[{"@type":"SearchAction","target":{"@type":"EntryPoint","urlTemplate":"https:\/\/futurhobby.com\/tienda\/?s={search_term_string}"},"query-input":"required name=search_term_string"}],"inLanguage":"es"}]}},"brands":[],"_links":{"self":[{"href":"https:\/\/futurhobby.com\/tienda\/wp-json\/wp\/v2\/product\/11283"}],"collection":[{"href":"https:\/\/futurhobby.com\/tienda\/wp-json\/wp\/v2\/product"}],"about":[{"href":"https:\/\/futurhobby.com\/tienda\/wp-json\/wp\/v2\/types\/product"}],"replies":[{"embeddable":true,"href":"https:\/\/futurhobby.com\/tienda\/wp-json\/wp\/v2\/comments?post=11283"}],"wp:featuredmedia":[{"embeddable":true,"href":"https:\/\/futurhobby.com\/tienda\/wp-json\/wp\/v2\/media\/11282"}],"wp:attachment":[{"href":"https:\/\/futurhobby.com\/tienda\/wp-json\/wp\/v2\/media?parent=11283"}],"wp:term":[{"taxonomy":"pwb-brand","embeddable":true,"href":"https:\/\/futurhobby.com\/tienda\/wp-json\/wp\/v2\/pwb-brand?post=11283"},{"taxonomy":"product_cat","embeddable":true,"href":"https:\/\/futurhobby.com\/tienda\/wp-json\/wp\/v2\/product_cat?post=11283"},{"taxonomy":"product_tag","embeddable":true,"href":"https:\/\/futurhobby.com\/tienda\/wp-json\/wp\/v2\/product_tag?post=11283"}],"curies":[{"name":"wp","href":"https:\/\/api.w.org\/{rel}","templated":true}]}}