{"id":11395,"date":"2012-10-31T18:42:28","date_gmt":"2012-10-31T17:42:28","guid":{"rendered":"https:\/\/futurhobby.com\/tienda\/comprar\/avion-rc-razzor-rr-multiplex\/"},"modified":"2012-10-31T18:42:28","modified_gmt":"2012-10-31T17:42:28","slug":"avion-rc-razzor-rr-multiplex","status":"publish","type":"product","link":"https:\/\/futurhobby.com\/tienda\/comprar\/avion-rc-razzor-rr-multiplex\/","title":{"rendered":"Razzor RR de Multiplex"},"content":{"rendered":"<p><strong><span style=\"font-size: 10pt;\">Razzor RR de Multiplex<\/span><\/strong><\/p>\n<p>\u00a0<\/p>\n<p><span style=\"font-size: 8pt;\"><strong>\u00a1 El aire est\u00e1 que arde !<\/strong><\/span><\/p>\n<p><span style=\"font-size: 8pt;\"><strong><br \/><\/strong><\/span><\/p>\n<ul>\n<li>Motor sin escobillas (brushless) de alta velocidad<\/li>\n<li>Alas y estabilizadores capaces de grandes esfuerzos, con refuerzos de carbono<\/li>\n<li>Atractiva decoraci\u00f3n \u00abRacing\u00bb ya colocada<\/li>\n<li>Muy f\u00e1cil de mantener, gracias a su gran parte superior del fuselaje desmontable<\/li>\n<li>F\u00e1cil de transportar gracias a sus alas f\u00e1cilmente desmontables<\/li>\n<\/ul>\n<p><span style=\"font-size: 8pt;\"><strong><br \/><\/strong><\/span><\/p>\n<p><strong>Contenido del Kit :<\/strong><\/p>\n<p class=\"bodytext\">ELAPOR\u00ae &#8211; Modelo montado al 95%, incluye Motor PERMAX BL-O 2316-1400, Regulador MULTIcont BL, H\u00e9lice 7&#215;6&#8243;, 4 x Servo MS-9004, Bater\u00eda Lipo FX-3\/1-800 (M6), Decoraci\u00f3n ya colocada y manual de instrucciones.<\/p>\n<p class=\"bodytext\">\u00a0<\/p>\n<p class=\"bodytext\"><strong>Datos T\u00e9cnicos :<\/strong><\/p>\n<table class=\"specs\">\n<tbody>\n<tr>\n<td>Envergadura:<\/td>\n<td>620 mm<\/td>\n<\/tr>\n<tr>\n<td>Longitud total:<\/td>\n<td>595 mm<\/td>\n<\/tr>\n<tr>\n<td>Peso:<\/td>\n<td>300 g<\/td>\n<\/tr>\n<tr>\n<td>Superficie alar:<\/td>\n<td>9,1 dm\u00b2<\/td>\n<\/tr>\n<tr>\n<td>Carga alar:<\/td>\n<td>33 gr\/dm<\/td>\n<\/tr>\n<tr>\n<td>Canales de mando RC:<\/td>\n<td>4<\/td>\n<\/tr>\n<tr>\n<td>Funciones RC:<\/td>\n<td>Profundidad, direcci\u00f2n, motor, (alerones opcional)<\/td>\n<\/tr>\n<\/tbody>\n<\/table>\n","protected":false},"excerpt":{"rendered":"<p><span style=\"font-size: 10pt;\">Razzor RR de Multiplex &#8211; \u00a1Novedad! el peque\u00f1o avi\u00f3n acrob\u00e1tico de Elapor que vuela y maniobra como uno grande. Velocidad, agilidad y potencia a partes iguales, divertido y resistente, el Razzor de Multiplex te encantar\u00e1 ya desde el primer vuelo&#8230;<\/span><\/p>\n","protected":false},"featured_media":11391,"comment_status":"closed","ping_status":"closed","template":"","meta":[],"pwb-brand":[],"product_cat":[585,617,562,565],"product_tag":[808,807],"yoast_head":"<!-- This site is optimized with the Yoast SEO plugin v20.2 - https:\/\/yoast.com\/wordpress\/plugins\/seo\/ -->\n<title>Razzor RR Multiplex<\/title>\n<meta name=\"description\" content=\"Multiplex Razzor EE, el nuevo avion tama\u00f1o micro de Multiplex\" \/>\n<meta name=\"robots\" content=\"index, follow, max-snippet:-1, max-image-preview:large, max-video-preview:-1\" \/>\n<link rel=\"canonical\" href=\"https:\/\/futurhobby.com\/tienda\/comprar\/avion-rc-razzor-rr-multiplex\/\" \/>\n<meta property=\"og:locale\" content=\"es_ES\" \/>\n<meta property=\"og:type\" content=\"article\" \/>\n<meta property=\"og:title\" content=\"Razzor RR Multiplex\" \/>\n<meta property=\"og:description\" content=\"Multiplex Razzor EE, el nuevo avion tama\u00f1o micro de Multiplex\" \/>\n<meta property=\"og:url\" content=\"https:\/\/futurhobby.com\/tienda\/comprar\/avion-rc-razzor-rr-multiplex\/\" \/>\n<meta property=\"og:site_name\" content=\"Futurhobby.com\/tienda\" \/>\n<meta property=\"article:publisher\" content=\"https:\/\/www.facebook.com\/futurhobby\/\" \/>\n<meta property=\"og:image\" content=\"https:\/\/futurhobby.com\/tienda\/wp-content\/uploads\/2012\/10\/2164-thickbox_default-Razzor-RR-de-Multiplex.jpg\" \/>\n\t<meta property=\"og:image:width\" content=\"800\" \/>\n\t<meta property=\"og:image:height\" content=\"800\" \/>\n\t<meta property=\"og:image:type\" content=\"image\/jpeg\" \/>\n<meta name=\"twitter:card\" content=\"summary_large_image\" \/>\n<meta name=\"twitter:label1\" content=\"Tiempo de lectura\" \/>\n\t<meta name=\"twitter:data1\" content=\"1 minuto\" \/>\n<script type=\"application\/ld+json\" class=\"yoast-schema-graph\">{\"@context\":\"https:\/\/schema.org\",\"@graph\":[{\"@type\":\"WebPage\",\"@id\":\"https:\/\/futurhobby.com\/tienda\/comprar\/avion-rc-razzor-rr-multiplex\/\",\"url\":\"https:\/\/futurhobby.com\/tienda\/comprar\/avion-rc-razzor-rr-multiplex\/\",\"name\":\"Razzor RR Multiplex\",\"isPartOf\":{\"@id\":\"https:\/\/futurhobby.com\/tienda\/#website\"},\"datePublished\":\"2012-10-31T17:42:28+00:00\",\"dateModified\":\"2012-10-31T17:42:28+00:00\",\"description\":\"Multiplex Razzor EE, el nuevo avion tama\u00f1o micro de Multiplex\",\"breadcrumb\":{\"@id\":\"https:\/\/futurhobby.com\/tienda\/comprar\/avion-rc-razzor-rr-multiplex\/#breadcrumb\"},\"inLanguage\":\"es\",\"potentialAction\":[{\"@type\":\"ReadAction\",\"target\":[\"https:\/\/futurhobby.com\/tienda\/comprar\/avion-rc-razzor-rr-multiplex\/\"]}]},{\"@type\":\"BreadcrumbList\",\"@id\":\"https:\/\/futurhobby.com\/tienda\/comprar\/avion-rc-razzor-rr-multiplex\/#breadcrumb\",\"itemListElement\":[{\"@type\":\"ListItem\",\"position\":1,\"name\":\"Portada\",\"item\":\"https:\/\/futurhobby.com\/tienda\/\"},{\"@type\":\"ListItem\",\"position\":2,\"name\":\"Tienda\",\"item\":\"https:\/\/futurhobby.com\/tienda\/\"},{\"@type\":\"ListItem\",\"position\":3,\"name\":\"Razzor RR de Multiplex\"}]},{\"@type\":\"WebSite\",\"@id\":\"https:\/\/futurhobby.com\/tienda\/#website\",\"url\":\"https:\/\/futurhobby.com\/tienda\/\",\"name\":\"Futurhobby.com\/tienda\",\"description\":\"Lo mejor en Drones, Aeromodelismo y Hobby\",\"potentialAction\":[{\"@type\":\"SearchAction\",\"target\":{\"@type\":\"EntryPoint\",\"urlTemplate\":\"https:\/\/futurhobby.com\/tienda\/?s={search_term_string}\"},\"query-input\":\"required name=search_term_string\"}],\"inLanguage\":\"es\"}]}<\/script>\n<!-- \/ Yoast SEO plugin. -->","yoast_head_json":{"title":"Razzor RR Multiplex","description":"Multiplex Razzor EE, el nuevo avion tama\u00f1o micro de Multiplex","robots":{"index":"index","follow":"follow","max-snippet":"max-snippet:-1","max-image-preview":"max-image-preview:large","max-video-preview":"max-video-preview:-1"},"canonical":"https:\/\/futurhobby.com\/tienda\/comprar\/avion-rc-razzor-rr-multiplex\/","og_locale":"es_ES","og_type":"article","og_title":"Razzor RR Multiplex","og_description":"Multiplex Razzor EE, el nuevo avion tama\u00f1o micro de Multiplex","og_url":"https:\/\/futurhobby.com\/tienda\/comprar\/avion-rc-razzor-rr-multiplex\/","og_site_name":"Futurhobby.com\/tienda","article_publisher":"https:\/\/www.facebook.com\/futurhobby\/","og_image":[{"width":800,"height":800,"url":"https:\/\/futurhobby.com\/tienda\/wp-content\/uploads\/2012\/10\/2164-thickbox_default-Razzor-RR-de-Multiplex.jpg","type":"image\/jpeg"}],"twitter_card":"summary_large_image","twitter_misc":{"Tiempo de lectura":"1 minuto"},"schema":{"@context":"https:\/\/schema.org","@graph":[{"@type":"WebPage","@id":"https:\/\/futurhobby.com\/tienda\/comprar\/avion-rc-razzor-rr-multiplex\/","url":"https:\/\/futurhobby.com\/tienda\/comprar\/avion-rc-razzor-rr-multiplex\/","name":"Razzor RR Multiplex","isPartOf":{"@id":"https:\/\/futurhobby.com\/tienda\/#website"},"datePublished":"2012-10-31T17:42:28+00:00","dateModified":"2012-10-31T17:42:28+00:00","description":"Multiplex Razzor EE, el nuevo avion tama\u00f1o micro de Multiplex","breadcrumb":{"@id":"https:\/\/futurhobby.com\/tienda\/comprar\/avion-rc-razzor-rr-multiplex\/#breadcrumb"},"inLanguage":"es","potentialAction":[{"@type":"ReadAction","target":["https:\/\/futurhobby.com\/tienda\/comprar\/avion-rc-razzor-rr-multiplex\/"]}]},{"@type":"BreadcrumbList","@id":"https:\/\/futurhobby.com\/tienda\/comprar\/avion-rc-razzor-rr-multiplex\/#breadcrumb","itemListElement":[{"@type":"ListItem","position":1,"name":"Portada","item":"https:\/\/futurhobby.com\/tienda\/"},{"@type":"ListItem","position":2,"name":"Tienda","item":"https:\/\/futurhobby.com\/tienda\/"},{"@type":"ListItem","position":3,"name":"Razzor RR de Multiplex"}]},{"@type":"WebSite","@id":"https:\/\/futurhobby.com\/tienda\/#website","url":"https:\/\/futurhobby.com\/tienda\/","name":"Futurhobby.com\/tienda","description":"Lo mejor en Drones, Aeromodelismo y Hobby","potentialAction":[{"@type":"SearchAction","target":{"@type":"EntryPoint","urlTemplate":"https:\/\/futurhobby.com\/tienda\/?s={search_term_string}"},"query-input":"required name=search_term_string"}],"inLanguage":"es"}]}},"brands":[],"_links":{"self":[{"href":"https:\/\/futurhobby.com\/tienda\/wp-json\/wp\/v2\/product\/11395"}],"collection":[{"href":"https:\/\/futurhobby.com\/tienda\/wp-json\/wp\/v2\/product"}],"about":[{"href":"https:\/\/futurhobby.com\/tienda\/wp-json\/wp\/v2\/types\/product"}],"replies":[{"embeddable":true,"href":"https:\/\/futurhobby.com\/tienda\/wp-json\/wp\/v2\/comments?post=11395"}],"wp:featuredmedia":[{"embeddable":true,"href":"https:\/\/futurhobby.com\/tienda\/wp-json\/wp\/v2\/media\/11391"}],"wp:attachment":[{"href":"https:\/\/futurhobby.com\/tienda\/wp-json\/wp\/v2\/media?parent=11395"}],"wp:term":[{"taxonomy":"pwb-brand","embeddable":true,"href":"https:\/\/futurhobby.com\/tienda\/wp-json\/wp\/v2\/pwb-brand?post=11395"},{"taxonomy":"product_cat","embeddable":true,"href":"https:\/\/futurhobby.com\/tienda\/wp-json\/wp\/v2\/product_cat?post=11395"},{"taxonomy":"product_tag","embeddable":true,"href":"https:\/\/futurhobby.com\/tienda\/wp-json\/wp\/v2\/product_tag?post=11395"}],"curies":[{"name":"wp","href":"https:\/\/api.w.org\/{rel}","templated":true}]}}