{"id":11782,"date":"2013-04-09T21:26:59","date_gmt":"2013-04-09T19:26:59","guid":{"rendered":"https:\/\/futurhobby.com\/tienda\/comprar\/gopro-hero3-soporte-para-tubos\/"},"modified":"2013-04-09T21:26:59","modified_gmt":"2013-04-09T19:26:59","slug":"gopro-hero3-soporte-para-tubos","status":"publish","type":"product","link":"https:\/\/futurhobby.com\/tienda\/comprar\/gopro-hero3-soporte-para-tubos\/","title":{"rendered":"GoPro &#8211; Hero3 &#8211; Soporte para Tubos"},"content":{"rendered":"<p><span style=\"text-decoration: underline; font-size: 12pt;\"><strong>GoPro &#8211; Hero3 &#8211; Soporte para Tubos &#8211; Roll Bar Mount<\/strong><\/span><\/p>\n<p>Sujeta tu c\u00e1mara GoPro a barras estabilizadoras, tubos y m\u00e1s. Se adapta a tubos de 1,4\u2033 a 2,5\u2033 (3,5cm \u2013 6,35cm) de di\u00e1metro. Perfecto para sujetarla a la tapa del radiador (met\u00e1lica o pl\u00e1stica). Tambi\u00e9n podr\u00e1s sujetarla a marcos de bicicleta, parachoques, porta esqu\u00eds\/tablas de surf, y cualquier otro elemento que est\u00e9 dentro del rango de tama\u00f1o antes indicado.<\/p>\n<p>Se suministra con brazos de pivote ajustables en 3 direcciones, para que puedas conseguir siempre el \u00e1ngulo que desees.<\/p>\n<p>Compatible con TODAS las c\u00e1maras HERO3, HERO2 y HD HERO\u00a0<em>HERO<\/em> Original.<\/p>\n<p><strong><span style=\"font-size: 10pt;\">Qu\u00e9 incluye:<\/span><\/strong><\/p>\n<ul>\n<li>1 Abrazadera para tubo<\/li>\n<li>1 Brazo de pivote ajustable en 3 direcciones (ensamblaje de 3 piezas)<\/li>\n<\/ul>\n","protected":false},"excerpt":{"rendered":"<p><span style=\"text-decoration: underline;\"><strong><span style=\"font-size: 10pt;\">Roll Bar Mount<\/span><\/strong><\/span><\/p>\n<p><span style=\"font-size: 10pt;\">permite sujetar su c\u00e1mara GoPro a cualquier tubo de 3,5 cm a 6,35 cm de di\u00e1metro.<\/span><\/p>\n","protected":false},"featured_media":11778,"comment_status":"closed","ping_status":"closed","template":"","meta":[],"pwb-brand":[],"product_cat":[584],"product_tag":[],"yoast_head":"<!-- This site is optimized with the Yoast SEO plugin v20.2 - https:\/\/yoast.com\/wordpress\/plugins\/seo\/ -->\n<title>Soporte para Tubos GoPro<\/title>\n<meta name=\"description\" content=\"Roll Bar Mount\" \/>\n<meta name=\"robots\" content=\"index, follow, max-snippet:-1, max-image-preview:large, max-video-preview:-1\" \/>\n<link rel=\"canonical\" href=\"https:\/\/futurhobby.com\/tienda\/comprar\/gopro-hero3-soporte-para-tubos\/\" \/>\n<meta property=\"og:locale\" content=\"es_ES\" \/>\n<meta property=\"og:type\" content=\"article\" \/>\n<meta property=\"og:title\" content=\"Soporte para Tubos GoPro\" \/>\n<meta property=\"og:description\" content=\"Roll Bar Mount\" \/>\n<meta property=\"og:url\" content=\"https:\/\/futurhobby.com\/tienda\/comprar\/gopro-hero3-soporte-para-tubos\/\" \/>\n<meta property=\"og:site_name\" content=\"Futurhobby.com\/tienda\" \/>\n<meta property=\"article:publisher\" content=\"https:\/\/www.facebook.com\/futurhobby\/\" \/>\n<meta property=\"og:image\" content=\"https:\/\/futurhobby.com\/tienda\/wp-content\/uploads\/2013\/04\/2522-thickbox_default-GoPro-Hero3-Soporte-para-Tubos.jpg\" \/>\n\t<meta property=\"og:image:width\" content=\"800\" \/>\n\t<meta property=\"og:image:height\" content=\"800\" \/>\n\t<meta property=\"og:image:type\" content=\"image\/jpeg\" \/>\n<meta name=\"twitter:card\" content=\"summary_large_image\" \/>\n<meta name=\"twitter:label1\" content=\"Tiempo de lectura\" \/>\n\t<meta name=\"twitter:data1\" content=\"1 minuto\" \/>\n<script type=\"application\/ld+json\" class=\"yoast-schema-graph\">{\"@context\":\"https:\/\/schema.org\",\"@graph\":[{\"@type\":\"WebPage\",\"@id\":\"https:\/\/futurhobby.com\/tienda\/comprar\/gopro-hero3-soporte-para-tubos\/\",\"url\":\"https:\/\/futurhobby.com\/tienda\/comprar\/gopro-hero3-soporte-para-tubos\/\",\"name\":\"Soporte para Tubos GoPro\",\"isPartOf\":{\"@id\":\"https:\/\/futurhobby.com\/tienda\/#website\"},\"datePublished\":\"2013-04-09T19:26:59+00:00\",\"dateModified\":\"2013-04-09T19:26:59+00:00\",\"description\":\"Roll Bar Mount\",\"breadcrumb\":{\"@id\":\"https:\/\/futurhobby.com\/tienda\/comprar\/gopro-hero3-soporte-para-tubos\/#breadcrumb\"},\"inLanguage\":\"es\",\"potentialAction\":[{\"@type\":\"ReadAction\",\"target\":[\"https:\/\/futurhobby.com\/tienda\/comprar\/gopro-hero3-soporte-para-tubos\/\"]}]},{\"@type\":\"BreadcrumbList\",\"@id\":\"https:\/\/futurhobby.com\/tienda\/comprar\/gopro-hero3-soporte-para-tubos\/#breadcrumb\",\"itemListElement\":[{\"@type\":\"ListItem\",\"position\":1,\"name\":\"Portada\",\"item\":\"https:\/\/futurhobby.com\/tienda\/\"},{\"@type\":\"ListItem\",\"position\":2,\"name\":\"Tienda\",\"item\":\"https:\/\/futurhobby.com\/tienda\/\"},{\"@type\":\"ListItem\",\"position\":3,\"name\":\"GoPro &#8211; Hero3 &#8211; Soporte para Tubos\"}]},{\"@type\":\"WebSite\",\"@id\":\"https:\/\/futurhobby.com\/tienda\/#website\",\"url\":\"https:\/\/futurhobby.com\/tienda\/\",\"name\":\"Futurhobby.com\/tienda\",\"description\":\"Lo mejor en Drones, Aeromodelismo y Hobby\",\"potentialAction\":[{\"@type\":\"SearchAction\",\"target\":{\"@type\":\"EntryPoint\",\"urlTemplate\":\"https:\/\/futurhobby.com\/tienda\/?s={search_term_string}\"},\"query-input\":\"required name=search_term_string\"}],\"inLanguage\":\"es\"}]}<\/script>\n<!-- \/ Yoast SEO plugin. -->","yoast_head_json":{"title":"Soporte para Tubos GoPro","description":"Roll Bar Mount","robots":{"index":"index","follow":"follow","max-snippet":"max-snippet:-1","max-image-preview":"max-image-preview:large","max-video-preview":"max-video-preview:-1"},"canonical":"https:\/\/futurhobby.com\/tienda\/comprar\/gopro-hero3-soporte-para-tubos\/","og_locale":"es_ES","og_type":"article","og_title":"Soporte para Tubos GoPro","og_description":"Roll Bar Mount","og_url":"https:\/\/futurhobby.com\/tienda\/comprar\/gopro-hero3-soporte-para-tubos\/","og_site_name":"Futurhobby.com\/tienda","article_publisher":"https:\/\/www.facebook.com\/futurhobby\/","og_image":[{"width":800,"height":800,"url":"https:\/\/futurhobby.com\/tienda\/wp-content\/uploads\/2013\/04\/2522-thickbox_default-GoPro-Hero3-Soporte-para-Tubos.jpg","type":"image\/jpeg"}],"twitter_card":"summary_large_image","twitter_misc":{"Tiempo de lectura":"1 minuto"},"schema":{"@context":"https:\/\/schema.org","@graph":[{"@type":"WebPage","@id":"https:\/\/futurhobby.com\/tienda\/comprar\/gopro-hero3-soporte-para-tubos\/","url":"https:\/\/futurhobby.com\/tienda\/comprar\/gopro-hero3-soporte-para-tubos\/","name":"Soporte para Tubos GoPro","isPartOf":{"@id":"https:\/\/futurhobby.com\/tienda\/#website"},"datePublished":"2013-04-09T19:26:59+00:00","dateModified":"2013-04-09T19:26:59+00:00","description":"Roll Bar Mount","breadcrumb":{"@id":"https:\/\/futurhobby.com\/tienda\/comprar\/gopro-hero3-soporte-para-tubos\/#breadcrumb"},"inLanguage":"es","potentialAction":[{"@type":"ReadAction","target":["https:\/\/futurhobby.com\/tienda\/comprar\/gopro-hero3-soporte-para-tubos\/"]}]},{"@type":"BreadcrumbList","@id":"https:\/\/futurhobby.com\/tienda\/comprar\/gopro-hero3-soporte-para-tubos\/#breadcrumb","itemListElement":[{"@type":"ListItem","position":1,"name":"Portada","item":"https:\/\/futurhobby.com\/tienda\/"},{"@type":"ListItem","position":2,"name":"Tienda","item":"https:\/\/futurhobby.com\/tienda\/"},{"@type":"ListItem","position":3,"name":"GoPro &#8211; Hero3 &#8211; Soporte para Tubos"}]},{"@type":"WebSite","@id":"https:\/\/futurhobby.com\/tienda\/#website","url":"https:\/\/futurhobby.com\/tienda\/","name":"Futurhobby.com\/tienda","description":"Lo mejor en Drones, Aeromodelismo y Hobby","potentialAction":[{"@type":"SearchAction","target":{"@type":"EntryPoint","urlTemplate":"https:\/\/futurhobby.com\/tienda\/?s={search_term_string}"},"query-input":"required name=search_term_string"}],"inLanguage":"es"}]}},"brands":[],"_links":{"self":[{"href":"https:\/\/futurhobby.com\/tienda\/wp-json\/wp\/v2\/product\/11782"}],"collection":[{"href":"https:\/\/futurhobby.com\/tienda\/wp-json\/wp\/v2\/product"}],"about":[{"href":"https:\/\/futurhobby.com\/tienda\/wp-json\/wp\/v2\/types\/product"}],"replies":[{"embeddable":true,"href":"https:\/\/futurhobby.com\/tienda\/wp-json\/wp\/v2\/comments?post=11782"}],"wp:featuredmedia":[{"embeddable":true,"href":"https:\/\/futurhobby.com\/tienda\/wp-json\/wp\/v2\/media\/11778"}],"wp:attachment":[{"href":"https:\/\/futurhobby.com\/tienda\/wp-json\/wp\/v2\/media?parent=11782"}],"wp:term":[{"taxonomy":"pwb-brand","embeddable":true,"href":"https:\/\/futurhobby.com\/tienda\/wp-json\/wp\/v2\/pwb-brand?post=11782"},{"taxonomy":"product_cat","embeddable":true,"href":"https:\/\/futurhobby.com\/tienda\/wp-json\/wp\/v2\/product_cat?post=11782"},{"taxonomy":"product_tag","embeddable":true,"href":"https:\/\/futurhobby.com\/tienda\/wp-json\/wp\/v2\/product_tag?post=11782"}],"curies":[{"name":"wp","href":"https:\/\/api.w.org\/{rel}","templated":true}]}}