{"id":11866,"date":"2013-04-26T19:31:18","date_gmt":"2013-04-26T17:31:18","guid":{"rendered":"https:\/\/futurhobby.com\/tienda\/comprar\/gopro-hero3-battery-bacpac\/"},"modified":"2013-04-26T19:31:18","modified_gmt":"2013-04-26T17:31:18","slug":"gopro-hero3-battery-bacpac","status":"publish","type":"product","link":"https:\/\/futurhobby.com\/tienda\/comprar\/gopro-hero3-battery-bacpac\/","title":{"rendered":"GoPro &#8211; Hero3 &#8211; Battery BACPAC\u2122"},"content":{"rendered":"<p><span style=\"text-decoration: underline; font-size: 12pt;\"><strong>GoPro &#8211; Hero3 &#8211; Battery BACPAC\u2122<\/strong><\/span><\/p>\n<p>El Battery BacPac se instala en tu c\u00e1mara GoPro para doblar la duraci\u00f3n de la\u00a0bater\u00eda.*<\/p>\n<p>Perfecto para sesiones de fotograf\u00eda mediante time-lapse de larga\u00a0duraci\u00f3n, deportes de motor de resistencia o cualquier aplicaci\u00f3n donde necesites\u00a0hasta el doble de bater\u00eda.<\/p>\n<p>Compatible con todas las c\u00e1maras GoPro.<\/p>\n<p>\u00a0<\/p>\n<p>* Es posible que la duraci\u00f3n real de la\u00a0bater\u00eda var\u00ede en funci\u00f3n de la resoluci\u00f3n.<\/p>\n","protected":false},"excerpt":{"rendered":"<p><span style=\"text-decoration: underline; font-size: 10pt;\"><strong>BATTERY BACPAC\u2122<\/strong><\/span><\/p>\n","protected":false},"featured_media":11862,"comment_status":"closed","ping_status":"closed","template":"","meta":[],"pwb-brand":[],"product_cat":[584],"product_tag":[833,837,836],"yoast_head":"<!-- This site is optimized with the Yoast SEO plugin v20.2 - https:\/\/yoast.com\/wordpress\/plugins\/seo\/ -->\n<title>GoPro Battery bacpac<\/title>\n<meta name=\"description\" content=\"battery bacpac\" \/>\n<meta name=\"robots\" content=\"index, follow, max-snippet:-1, max-image-preview:large, max-video-preview:-1\" \/>\n<link rel=\"canonical\" href=\"https:\/\/futurhobby.com\/tienda\/comprar\/gopro-hero3-battery-bacpac\/\" \/>\n<meta property=\"og:locale\" content=\"es_ES\" \/>\n<meta property=\"og:type\" content=\"article\" \/>\n<meta property=\"og:title\" content=\"GoPro Battery bacpac\" \/>\n<meta property=\"og:description\" content=\"battery bacpac\" \/>\n<meta property=\"og:url\" content=\"https:\/\/futurhobby.com\/tienda\/comprar\/gopro-hero3-battery-bacpac\/\" \/>\n<meta property=\"og:site_name\" content=\"Futurhobby.com\/tienda\" \/>\n<meta property=\"article:publisher\" content=\"https:\/\/www.facebook.com\/futurhobby\/\" \/>\n<meta property=\"og:image\" content=\"https:\/\/futurhobby.com\/tienda\/wp-content\/uploads\/2013\/04\/2591-thickbox_default-GoPro-Hero3-Battery-BACPAC\u2122.jpg\" \/>\n\t<meta property=\"og:image:width\" content=\"800\" \/>\n\t<meta property=\"og:image:height\" content=\"800\" \/>\n\t<meta property=\"og:image:type\" content=\"image\/jpeg\" \/>\n<meta name=\"twitter:card\" content=\"summary_large_image\" \/>\n<script type=\"application\/ld+json\" class=\"yoast-schema-graph\">{\"@context\":\"https:\/\/schema.org\",\"@graph\":[{\"@type\":\"WebPage\",\"@id\":\"https:\/\/futurhobby.com\/tienda\/comprar\/gopro-hero3-battery-bacpac\/\",\"url\":\"https:\/\/futurhobby.com\/tienda\/comprar\/gopro-hero3-battery-bacpac\/\",\"name\":\"GoPro Battery bacpac\",\"isPartOf\":{\"@id\":\"https:\/\/futurhobby.com\/tienda\/#website\"},\"datePublished\":\"2013-04-26T17:31:18+00:00\",\"dateModified\":\"2013-04-26T17:31:18+00:00\",\"description\":\"battery bacpac\",\"breadcrumb\":{\"@id\":\"https:\/\/futurhobby.com\/tienda\/comprar\/gopro-hero3-battery-bacpac\/#breadcrumb\"},\"inLanguage\":\"es\",\"potentialAction\":[{\"@type\":\"ReadAction\",\"target\":[\"https:\/\/futurhobby.com\/tienda\/comprar\/gopro-hero3-battery-bacpac\/\"]}]},{\"@type\":\"BreadcrumbList\",\"@id\":\"https:\/\/futurhobby.com\/tienda\/comprar\/gopro-hero3-battery-bacpac\/#breadcrumb\",\"itemListElement\":[{\"@type\":\"ListItem\",\"position\":1,\"name\":\"Portada\",\"item\":\"https:\/\/futurhobby.com\/tienda\/\"},{\"@type\":\"ListItem\",\"position\":2,\"name\":\"Tienda\",\"item\":\"https:\/\/futurhobby.com\/tienda\/\"},{\"@type\":\"ListItem\",\"position\":3,\"name\":\"GoPro &#8211; Hero3 &#8211; Battery BACPAC\u2122\"}]},{\"@type\":\"WebSite\",\"@id\":\"https:\/\/futurhobby.com\/tienda\/#website\",\"url\":\"https:\/\/futurhobby.com\/tienda\/\",\"name\":\"Futurhobby.com\/tienda\",\"description\":\"Lo mejor en Drones, Aeromodelismo y Hobby\",\"potentialAction\":[{\"@type\":\"SearchAction\",\"target\":{\"@type\":\"EntryPoint\",\"urlTemplate\":\"https:\/\/futurhobby.com\/tienda\/?s={search_term_string}\"},\"query-input\":\"required name=search_term_string\"}],\"inLanguage\":\"es\"}]}<\/script>\n<!-- \/ Yoast SEO plugin. -->","yoast_head_json":{"title":"GoPro Battery bacpac","description":"battery bacpac","robots":{"index":"index","follow":"follow","max-snippet":"max-snippet:-1","max-image-preview":"max-image-preview:large","max-video-preview":"max-video-preview:-1"},"canonical":"https:\/\/futurhobby.com\/tienda\/comprar\/gopro-hero3-battery-bacpac\/","og_locale":"es_ES","og_type":"article","og_title":"GoPro Battery bacpac","og_description":"battery bacpac","og_url":"https:\/\/futurhobby.com\/tienda\/comprar\/gopro-hero3-battery-bacpac\/","og_site_name":"Futurhobby.com\/tienda","article_publisher":"https:\/\/www.facebook.com\/futurhobby\/","og_image":[{"width":800,"height":800,"url":"https:\/\/futurhobby.com\/tienda\/wp-content\/uploads\/2013\/04\/2591-thickbox_default-GoPro-Hero3-Battery-BACPAC\u2122.jpg","type":"image\/jpeg"}],"twitter_card":"summary_large_image","schema":{"@context":"https:\/\/schema.org","@graph":[{"@type":"WebPage","@id":"https:\/\/futurhobby.com\/tienda\/comprar\/gopro-hero3-battery-bacpac\/","url":"https:\/\/futurhobby.com\/tienda\/comprar\/gopro-hero3-battery-bacpac\/","name":"GoPro Battery bacpac","isPartOf":{"@id":"https:\/\/futurhobby.com\/tienda\/#website"},"datePublished":"2013-04-26T17:31:18+00:00","dateModified":"2013-04-26T17:31:18+00:00","description":"battery bacpac","breadcrumb":{"@id":"https:\/\/futurhobby.com\/tienda\/comprar\/gopro-hero3-battery-bacpac\/#breadcrumb"},"inLanguage":"es","potentialAction":[{"@type":"ReadAction","target":["https:\/\/futurhobby.com\/tienda\/comprar\/gopro-hero3-battery-bacpac\/"]}]},{"@type":"BreadcrumbList","@id":"https:\/\/futurhobby.com\/tienda\/comprar\/gopro-hero3-battery-bacpac\/#breadcrumb","itemListElement":[{"@type":"ListItem","position":1,"name":"Portada","item":"https:\/\/futurhobby.com\/tienda\/"},{"@type":"ListItem","position":2,"name":"Tienda","item":"https:\/\/futurhobby.com\/tienda\/"},{"@type":"ListItem","position":3,"name":"GoPro &#8211; Hero3 &#8211; Battery BACPAC\u2122"}]},{"@type":"WebSite","@id":"https:\/\/futurhobby.com\/tienda\/#website","url":"https:\/\/futurhobby.com\/tienda\/","name":"Futurhobby.com\/tienda","description":"Lo mejor en Drones, Aeromodelismo y Hobby","potentialAction":[{"@type":"SearchAction","target":{"@type":"EntryPoint","urlTemplate":"https:\/\/futurhobby.com\/tienda\/?s={search_term_string}"},"query-input":"required name=search_term_string"}],"inLanguage":"es"}]}},"brands":[],"_links":{"self":[{"href":"https:\/\/futurhobby.com\/tienda\/wp-json\/wp\/v2\/product\/11866"}],"collection":[{"href":"https:\/\/futurhobby.com\/tienda\/wp-json\/wp\/v2\/product"}],"about":[{"href":"https:\/\/futurhobby.com\/tienda\/wp-json\/wp\/v2\/types\/product"}],"replies":[{"embeddable":true,"href":"https:\/\/futurhobby.com\/tienda\/wp-json\/wp\/v2\/comments?post=11866"}],"wp:featuredmedia":[{"embeddable":true,"href":"https:\/\/futurhobby.com\/tienda\/wp-json\/wp\/v2\/media\/11862"}],"wp:attachment":[{"href":"https:\/\/futurhobby.com\/tienda\/wp-json\/wp\/v2\/media?parent=11866"}],"wp:term":[{"taxonomy":"pwb-brand","embeddable":true,"href":"https:\/\/futurhobby.com\/tienda\/wp-json\/wp\/v2\/pwb-brand?post=11866"},{"taxonomy":"product_cat","embeddable":true,"href":"https:\/\/futurhobby.com\/tienda\/wp-json\/wp\/v2\/product_cat?post=11866"},{"taxonomy":"product_tag","embeddable":true,"href":"https:\/\/futurhobby.com\/tienda\/wp-json\/wp\/v2\/product_tag?post=11866"}],"curies":[{"name":"wp","href":"https:\/\/api.w.org\/{rel}","templated":true}]}}