{"id":12161,"date":"2013-12-19T19:26:31","date_gmt":"2013-12-19T18:26:31","guid":{"rendered":"https:\/\/futurhobby.com\/tienda\/comprar\/gopro-jaws-abrazadera-flex\/"},"modified":"2013-12-19T19:26:31","modified_gmt":"2013-12-19T18:26:31","slug":"gopro-jaws-abrazadera-flex","status":"publish","type":"product","link":"https:\/\/futurhobby.com\/tienda\/comprar\/gopro-jaws-abrazadera-flex\/","title":{"rendered":"GoPro Jaws : Abrazadera Flex"},"content":{"rendered":"<p><strong><span style=\"text-decoration: underline;\"><span style=\"font-size: 12pt;\">GoPro &#8211; Abrazadera Flex &#8211; Jaws : Flex Clamp<\/span><\/span><\/strong><\/p>\n<p><span>Compatibilidad : HERO3+, HERO3, HD HERO2, Original HD HERO<\/span><\/p>\n<p>\u00a0<\/p>\n<p><span style=\"color: #000000; font-size: 14px;\">Sujeta tu GoPro a objetos con un di\u00e1metro de entre 0,6 cm y 5 cm. Fija tu c\u00e1mara directamente a la abrazadera para obtener un montaje de bajo perfil, o utiliza el cuello opcional para conseguir una mayor\u00a0variedad en el ajuste del \u00e1ngulo de la c\u00e1mara. Jaws sujeta de forma segura objetos irregulares y ultradelgados gracias a su dise\u00f1o innovador.<\/span><\/p>\n<div class=\"row-fluid\">\n<h4>\n<ul class=\"gray-font large-top-margin\">\n<li class=\"small-top-margin\">Fija tu GoPro a objetos con un di\u00e1metro de entre 0,6 cm y 5 cm<\/li>\n<li class=\"small-top-margin\">El cuello opcional se ajusta para permitir una gran variedad de \u00e1ngulos de captura<\/li>\n<li class=\"small-top-margin\">La c\u00e1mara se puede fijar directamente a una abrazadera para realizar montajes de bajo perfil.<\/li>\n<li class=\"small-top-margin\">Las bases de f\u00e1cil apertura simplifican el traslado de la c\u00e1mara entre distintos soportes y ubicaciones.<\/li>\n<\/ul>\n<p><span style=\"text-decoration: underline;\">INCLUYE :<\/span><\/p>\n<ul class=\"gray-font\">\n<li>Jaws: Abrazadera Flex<\/li>\n<li>Cuello ajustable<\/li>\n<\/ul>\n<p>\u00a0<\/p>\n<ul class=\"gray-font large-top-margin\"> <\/ul>\n<\/h4><\/div>\n","protected":false},"excerpt":{"rendered":"<p>Jaws : Flex Clamp<\/p>\n","protected":false},"featured_media":12158,"comment_status":"closed","ping_status":"closed","template":"","meta":[],"pwb-brand":[],"product_cat":[584],"product_tag":[],"yoast_head":"<!-- This site is optimized with the Yoast SEO plugin v20.2 - https:\/\/yoast.com\/wordpress\/plugins\/seo\/ -->\n<title>GoPro Jaws : Abrazadera Flex &#8902; Futurhobby.com\/tienda<\/title>\n<meta name=\"robots\" content=\"index, follow, max-snippet:-1, max-image-preview:large, max-video-preview:-1\" \/>\n<link rel=\"canonical\" href=\"https:\/\/futurhobby.com\/tienda\/comprar\/gopro-jaws-abrazadera-flex\/\" \/>\n<meta property=\"og:locale\" content=\"es_ES\" \/>\n<meta property=\"og:type\" content=\"article\" \/>\n<meta property=\"og:title\" content=\"GoPro Jaws : Abrazadera Flex &#8902; Futurhobby.com\/tienda\" \/>\n<meta property=\"og:description\" content=\"Jaws : Flex Clamp\" \/>\n<meta property=\"og:url\" content=\"https:\/\/futurhobby.com\/tienda\/comprar\/gopro-jaws-abrazadera-flex\/\" \/>\n<meta property=\"og:site_name\" content=\"Futurhobby.com\/tienda\" \/>\n<meta property=\"article:publisher\" content=\"https:\/\/www.facebook.com\/futurhobby\/\" \/>\n<meta property=\"og:image\" content=\"https:\/\/futurhobby.com\/tienda\/wp-content\/uploads\/2013\/12\/1873-2869-GoPro-Jaws-Abrazadera-Flex.jpg\" \/>\n\t<meta property=\"og:image:width\" content=\"790\" \/>\n\t<meta property=\"og:image:height\" content=\"420\" \/>\n\t<meta property=\"og:image:type\" content=\"image\/jpeg\" \/>\n<meta name=\"twitter:card\" content=\"summary_large_image\" \/>\n<meta name=\"twitter:label1\" content=\"Tiempo de lectura\" \/>\n\t<meta name=\"twitter:data1\" content=\"1 minuto\" \/>\n<script type=\"application\/ld+json\" class=\"yoast-schema-graph\">{\"@context\":\"https:\/\/schema.org\",\"@graph\":[{\"@type\":\"WebPage\",\"@id\":\"https:\/\/futurhobby.com\/tienda\/comprar\/gopro-jaws-abrazadera-flex\/\",\"url\":\"https:\/\/futurhobby.com\/tienda\/comprar\/gopro-jaws-abrazadera-flex\/\",\"name\":\"GoPro Jaws : Abrazadera Flex &#8902; Futurhobby.com\/tienda\",\"isPartOf\":{\"@id\":\"https:\/\/futurhobby.com\/tienda\/#website\"},\"datePublished\":\"2013-12-19T18:26:31+00:00\",\"dateModified\":\"2013-12-19T18:26:31+00:00\",\"breadcrumb\":{\"@id\":\"https:\/\/futurhobby.com\/tienda\/comprar\/gopro-jaws-abrazadera-flex\/#breadcrumb\"},\"inLanguage\":\"es\",\"potentialAction\":[{\"@type\":\"ReadAction\",\"target\":[\"https:\/\/futurhobby.com\/tienda\/comprar\/gopro-jaws-abrazadera-flex\/\"]}]},{\"@type\":\"BreadcrumbList\",\"@id\":\"https:\/\/futurhobby.com\/tienda\/comprar\/gopro-jaws-abrazadera-flex\/#breadcrumb\",\"itemListElement\":[{\"@type\":\"ListItem\",\"position\":1,\"name\":\"Portada\",\"item\":\"https:\/\/futurhobby.com\/tienda\/\"},{\"@type\":\"ListItem\",\"position\":2,\"name\":\"Tienda\",\"item\":\"https:\/\/futurhobby.com\/tienda\/\"},{\"@type\":\"ListItem\",\"position\":3,\"name\":\"GoPro Jaws : Abrazadera Flex\"}]},{\"@type\":\"WebSite\",\"@id\":\"https:\/\/futurhobby.com\/tienda\/#website\",\"url\":\"https:\/\/futurhobby.com\/tienda\/\",\"name\":\"Futurhobby.com\/tienda\",\"description\":\"Lo mejor en Drones, Aeromodelismo y Hobby\",\"potentialAction\":[{\"@type\":\"SearchAction\",\"target\":{\"@type\":\"EntryPoint\",\"urlTemplate\":\"https:\/\/futurhobby.com\/tienda\/?s={search_term_string}\"},\"query-input\":\"required name=search_term_string\"}],\"inLanguage\":\"es\"}]}<\/script>\n<!-- \/ Yoast SEO plugin. -->","yoast_head_json":{"title":"GoPro Jaws : Abrazadera Flex &#8902; Futurhobby.com\/tienda","robots":{"index":"index","follow":"follow","max-snippet":"max-snippet:-1","max-image-preview":"max-image-preview:large","max-video-preview":"max-video-preview:-1"},"canonical":"https:\/\/futurhobby.com\/tienda\/comprar\/gopro-jaws-abrazadera-flex\/","og_locale":"es_ES","og_type":"article","og_title":"GoPro Jaws : Abrazadera Flex &#8902; Futurhobby.com\/tienda","og_description":"Jaws : Flex Clamp","og_url":"https:\/\/futurhobby.com\/tienda\/comprar\/gopro-jaws-abrazadera-flex\/","og_site_name":"Futurhobby.com\/tienda","article_publisher":"https:\/\/www.facebook.com\/futurhobby\/","og_image":[{"width":790,"height":420,"url":"https:\/\/futurhobby.com\/tienda\/wp-content\/uploads\/2013\/12\/1873-2869-GoPro-Jaws-Abrazadera-Flex.jpg","type":"image\/jpeg"}],"twitter_card":"summary_large_image","twitter_misc":{"Tiempo de lectura":"1 minuto"},"schema":{"@context":"https:\/\/schema.org","@graph":[{"@type":"WebPage","@id":"https:\/\/futurhobby.com\/tienda\/comprar\/gopro-jaws-abrazadera-flex\/","url":"https:\/\/futurhobby.com\/tienda\/comprar\/gopro-jaws-abrazadera-flex\/","name":"GoPro Jaws : Abrazadera Flex &#8902; Futurhobby.com\/tienda","isPartOf":{"@id":"https:\/\/futurhobby.com\/tienda\/#website"},"datePublished":"2013-12-19T18:26:31+00:00","dateModified":"2013-12-19T18:26:31+00:00","breadcrumb":{"@id":"https:\/\/futurhobby.com\/tienda\/comprar\/gopro-jaws-abrazadera-flex\/#breadcrumb"},"inLanguage":"es","potentialAction":[{"@type":"ReadAction","target":["https:\/\/futurhobby.com\/tienda\/comprar\/gopro-jaws-abrazadera-flex\/"]}]},{"@type":"BreadcrumbList","@id":"https:\/\/futurhobby.com\/tienda\/comprar\/gopro-jaws-abrazadera-flex\/#breadcrumb","itemListElement":[{"@type":"ListItem","position":1,"name":"Portada","item":"https:\/\/futurhobby.com\/tienda\/"},{"@type":"ListItem","position":2,"name":"Tienda","item":"https:\/\/futurhobby.com\/tienda\/"},{"@type":"ListItem","position":3,"name":"GoPro Jaws : Abrazadera Flex"}]},{"@type":"WebSite","@id":"https:\/\/futurhobby.com\/tienda\/#website","url":"https:\/\/futurhobby.com\/tienda\/","name":"Futurhobby.com\/tienda","description":"Lo mejor en Drones, Aeromodelismo y Hobby","potentialAction":[{"@type":"SearchAction","target":{"@type":"EntryPoint","urlTemplate":"https:\/\/futurhobby.com\/tienda\/?s={search_term_string}"},"query-input":"required name=search_term_string"}],"inLanguage":"es"}]}},"brands":[],"_links":{"self":[{"href":"https:\/\/futurhobby.com\/tienda\/wp-json\/wp\/v2\/product\/12161"}],"collection":[{"href":"https:\/\/futurhobby.com\/tienda\/wp-json\/wp\/v2\/product"}],"about":[{"href":"https:\/\/futurhobby.com\/tienda\/wp-json\/wp\/v2\/types\/product"}],"replies":[{"embeddable":true,"href":"https:\/\/futurhobby.com\/tienda\/wp-json\/wp\/v2\/comments?post=12161"}],"wp:featuredmedia":[{"embeddable":true,"href":"https:\/\/futurhobby.com\/tienda\/wp-json\/wp\/v2\/media\/12158"}],"wp:attachment":[{"href":"https:\/\/futurhobby.com\/tienda\/wp-json\/wp\/v2\/media?parent=12161"}],"wp:term":[{"taxonomy":"pwb-brand","embeddable":true,"href":"https:\/\/futurhobby.com\/tienda\/wp-json\/wp\/v2\/pwb-brand?post=12161"},{"taxonomy":"product_cat","embeddable":true,"href":"https:\/\/futurhobby.com\/tienda\/wp-json\/wp\/v2\/product_cat?post=12161"},{"taxonomy":"product_tag","embeddable":true,"href":"https:\/\/futurhobby.com\/tienda\/wp-json\/wp\/v2\/product_tag?post=12161"}],"curies":[{"name":"wp","href":"https:\/\/api.w.org\/{rel}","templated":true}]}}