{"id":12307,"date":"2014-05-09T21:15:49","date_gmt":"2014-05-09T19:15:49","guid":{"rendered":"https:\/\/futurhobby.com\/tienda\/comprar\/monitor-7-de-video-fpv-58-ghz-doble-receptor\/"},"modified":"2018-12-19T23:53:06","modified_gmt":"2018-12-19T22:53:06","slug":"monitor-7-de-video-fpv-58-ghz-doble-receptor","status":"publish","type":"product","link":"https:\/\/futurhobby.com\/tienda\/comprar\/monitor-7-de-video-fpv-58-ghz-doble-receptor\/","title":{"rendered":"Monitor 7&#8243; de Video FPV &#8211; 5,8 Ghz. &#8211; Doble Receptor"},"content":{"rendered":"<h3><span id=\"current_product\">Monitor 7&#8243; de Video FPV &#8211; 5,8 Ghz. &#8211; Doble Receptor<\/span><\/h3>\n<p><span style=\"font-size: 10pt;\"><strong>incl. bater\u00eda Lipo 7,4 V. &#8211; 2450 mah<\/strong><\/span><\/p>\n<p>Uno de los monitores FPV de m\u00e1s calidad, y desde luego el m\u00e1s f\u00e1cil de usar&#8230; todo integrado (tambi\u00e9n la bater\u00eda). Basta cargarlo con el cargador incluido (enchufe europeo a 220V), encenderlo con un bot\u00f3n, darle al bot\u00f3n \u00absearch\u00bb, y los receptores encontrar\u00e1n en segundos cualquier canal de v\u00eddeo en el que est\u00e9 trabajando nuestro transmisor (no incluido).<\/p>\n<p>COMPATIBLE con sistemas de transmisi\u00f3n de v\u00eddeo anal\u00f3gicos en 5.8GHZ.<\/p>\n<p>Ideal para uso con DJI Phantom (equipado con transmisor de v\u00eddeo, no de serie) o Walkera QR X350 y 350Pro, Walkera Ladybird FPV, Hubsan X4 FPV, etc&#8230;<\/p>\n<p>&nbsp;<\/p>\n","protected":false},"excerpt":{"rendered":"<h3><span id=\"current_product\">Monitor 7&#8243; de Video FPV &#8211; 5,8 Ghz. &#8211; Doble Receptor<\/span><\/h3>\n<p><span style=\"font-size: 10pt;\"><strong>incl. bater\u00eda Lipo 7,4 V. &#8211; 2450 mah<\/strong><\/span><\/p>\n","protected":false},"featured_media":12306,"comment_status":"closed","ping_status":"closed","template":"","meta":[],"pwb-brand":[],"product_cat":[562,573,575,582,583,671,620,622],"product_tag":[],"yoast_head":"<!-- This site is optimized with the Yoast SEO plugin v20.2 - https:\/\/yoast.com\/wordpress\/plugins\/seo\/ -->\n<title>Monitor 7&quot; de Video FPV - 5,8 Ghz. - Doble Receptor &#8902; Futurhobby.com\/tienda<\/title>\n<meta name=\"robots\" content=\"index, follow, max-snippet:-1, max-image-preview:large, max-video-preview:-1\" \/>\n<link rel=\"canonical\" href=\"https:\/\/futurhobby.com\/tienda\/comprar\/monitor-7-de-video-fpv-58-ghz-doble-receptor\/\" \/>\n<meta property=\"og:locale\" content=\"es_ES\" \/>\n<meta property=\"og:type\" content=\"article\" \/>\n<meta property=\"og:title\" content=\"Monitor 7&quot; de Video FPV - 5,8 Ghz. - Doble Receptor &#8902; Futurhobby.com\/tienda\" \/>\n<meta property=\"og:description\" content=\"Monitor 7&quot; de Video FPV - 5,8 Ghz. - Doble Receptor incl. bater\u00eda Lipo 7,4 V. - 2450 mah\" \/>\n<meta property=\"og:url\" content=\"https:\/\/futurhobby.com\/tienda\/comprar\/monitor-7-de-video-fpv-58-ghz-doble-receptor\/\" \/>\n<meta property=\"og:site_name\" content=\"Futurhobby.com\/tienda\" \/>\n<meta property=\"article:publisher\" content=\"https:\/\/www.facebook.com\/futurhobby\/\" \/>\n<meta property=\"article:modified_time\" content=\"2018-12-19T22:53:06+00:00\" \/>\n<meta property=\"og:image\" content=\"https:\/\/futurhobby.com\/tienda\/wp-content\/uploads\/2014\/05\/1928-3002-Monitor-7-de-Video-FPV-58-Ghz.-Doble-Receptor.jpg\" \/>\n\t<meta property=\"og:image:width\" content=\"641\" \/>\n\t<meta property=\"og:image:height\" content=\"629\" \/>\n\t<meta property=\"og:image:type\" content=\"image\/jpeg\" \/>\n<meta name=\"twitter:card\" content=\"summary_large_image\" \/>\n<meta name=\"twitter:label1\" content=\"Tiempo de lectura\" \/>\n\t<meta name=\"twitter:data1\" content=\"1 minuto\" \/>\n<script type=\"application\/ld+json\" class=\"yoast-schema-graph\">{\"@context\":\"https:\/\/schema.org\",\"@graph\":[{\"@type\":\"WebPage\",\"@id\":\"https:\/\/futurhobby.com\/tienda\/comprar\/monitor-7-de-video-fpv-58-ghz-doble-receptor\/\",\"url\":\"https:\/\/futurhobby.com\/tienda\/comprar\/monitor-7-de-video-fpv-58-ghz-doble-receptor\/\",\"name\":\"Monitor 7\\\" de Video FPV - 5,8 Ghz. - Doble Receptor &#8902; Futurhobby.com\/tienda\",\"isPartOf\":{\"@id\":\"https:\/\/futurhobby.com\/tienda\/#website\"},\"datePublished\":\"2014-05-09T19:15:49+00:00\",\"dateModified\":\"2018-12-19T22:53:06+00:00\",\"breadcrumb\":{\"@id\":\"https:\/\/futurhobby.com\/tienda\/comprar\/monitor-7-de-video-fpv-58-ghz-doble-receptor\/#breadcrumb\"},\"inLanguage\":\"es\",\"potentialAction\":[{\"@type\":\"ReadAction\",\"target\":[\"https:\/\/futurhobby.com\/tienda\/comprar\/monitor-7-de-video-fpv-58-ghz-doble-receptor\/\"]}]},{\"@type\":\"BreadcrumbList\",\"@id\":\"https:\/\/futurhobby.com\/tienda\/comprar\/monitor-7-de-video-fpv-58-ghz-doble-receptor\/#breadcrumb\",\"itemListElement\":[{\"@type\":\"ListItem\",\"position\":1,\"name\":\"Portada\",\"item\":\"https:\/\/futurhobby.com\/tienda\/\"},{\"@type\":\"ListItem\",\"position\":2,\"name\":\"Tienda\",\"item\":\"https:\/\/futurhobby.com\/tienda\/\"},{\"@type\":\"ListItem\",\"position\":3,\"name\":\"Monitor 7&#8243; de Video FPV &#8211; 5,8 Ghz. &#8211; Doble Receptor\"}]},{\"@type\":\"WebSite\",\"@id\":\"https:\/\/futurhobby.com\/tienda\/#website\",\"url\":\"https:\/\/futurhobby.com\/tienda\/\",\"name\":\"Futurhobby.com\/tienda\",\"description\":\"Lo mejor en Drones, Aeromodelismo y Hobby\",\"potentialAction\":[{\"@type\":\"SearchAction\",\"target\":{\"@type\":\"EntryPoint\",\"urlTemplate\":\"https:\/\/futurhobby.com\/tienda\/?s={search_term_string}\"},\"query-input\":\"required name=search_term_string\"}],\"inLanguage\":\"es\"}]}<\/script>\n<!-- \/ Yoast SEO plugin. -->","yoast_head_json":{"title":"Monitor 7\" de Video FPV - 5,8 Ghz. - Doble Receptor &#8902; Futurhobby.com\/tienda","robots":{"index":"index","follow":"follow","max-snippet":"max-snippet:-1","max-image-preview":"max-image-preview:large","max-video-preview":"max-video-preview:-1"},"canonical":"https:\/\/futurhobby.com\/tienda\/comprar\/monitor-7-de-video-fpv-58-ghz-doble-receptor\/","og_locale":"es_ES","og_type":"article","og_title":"Monitor 7\" de Video FPV - 5,8 Ghz. - Doble Receptor &#8902; Futurhobby.com\/tienda","og_description":"Monitor 7\" de Video FPV - 5,8 Ghz. - Doble Receptor incl. bater\u00eda Lipo 7,4 V. - 2450 mah","og_url":"https:\/\/futurhobby.com\/tienda\/comprar\/monitor-7-de-video-fpv-58-ghz-doble-receptor\/","og_site_name":"Futurhobby.com\/tienda","article_publisher":"https:\/\/www.facebook.com\/futurhobby\/","article_modified_time":"2018-12-19T22:53:06+00:00","og_image":[{"width":641,"height":629,"url":"https:\/\/futurhobby.com\/tienda\/wp-content\/uploads\/2014\/05\/1928-3002-Monitor-7-de-Video-FPV-58-Ghz.-Doble-Receptor.jpg","type":"image\/jpeg"}],"twitter_card":"summary_large_image","twitter_misc":{"Tiempo de lectura":"1 minuto"},"schema":{"@context":"https:\/\/schema.org","@graph":[{"@type":"WebPage","@id":"https:\/\/futurhobby.com\/tienda\/comprar\/monitor-7-de-video-fpv-58-ghz-doble-receptor\/","url":"https:\/\/futurhobby.com\/tienda\/comprar\/monitor-7-de-video-fpv-58-ghz-doble-receptor\/","name":"Monitor 7\" de Video FPV - 5,8 Ghz. - Doble Receptor &#8902; Futurhobby.com\/tienda","isPartOf":{"@id":"https:\/\/futurhobby.com\/tienda\/#website"},"datePublished":"2014-05-09T19:15:49+00:00","dateModified":"2018-12-19T22:53:06+00:00","breadcrumb":{"@id":"https:\/\/futurhobby.com\/tienda\/comprar\/monitor-7-de-video-fpv-58-ghz-doble-receptor\/#breadcrumb"},"inLanguage":"es","potentialAction":[{"@type":"ReadAction","target":["https:\/\/futurhobby.com\/tienda\/comprar\/monitor-7-de-video-fpv-58-ghz-doble-receptor\/"]}]},{"@type":"BreadcrumbList","@id":"https:\/\/futurhobby.com\/tienda\/comprar\/monitor-7-de-video-fpv-58-ghz-doble-receptor\/#breadcrumb","itemListElement":[{"@type":"ListItem","position":1,"name":"Portada","item":"https:\/\/futurhobby.com\/tienda\/"},{"@type":"ListItem","position":2,"name":"Tienda","item":"https:\/\/futurhobby.com\/tienda\/"},{"@type":"ListItem","position":3,"name":"Monitor 7&#8243; de Video FPV &#8211; 5,8 Ghz. &#8211; Doble Receptor"}]},{"@type":"WebSite","@id":"https:\/\/futurhobby.com\/tienda\/#website","url":"https:\/\/futurhobby.com\/tienda\/","name":"Futurhobby.com\/tienda","description":"Lo mejor en Drones, Aeromodelismo y Hobby","potentialAction":[{"@type":"SearchAction","target":{"@type":"EntryPoint","urlTemplate":"https:\/\/futurhobby.com\/tienda\/?s={search_term_string}"},"query-input":"required name=search_term_string"}],"inLanguage":"es"}]}},"brands":[],"_links":{"self":[{"href":"https:\/\/futurhobby.com\/tienda\/wp-json\/wp\/v2\/product\/12307"}],"collection":[{"href":"https:\/\/futurhobby.com\/tienda\/wp-json\/wp\/v2\/product"}],"about":[{"href":"https:\/\/futurhobby.com\/tienda\/wp-json\/wp\/v2\/types\/product"}],"replies":[{"embeddable":true,"href":"https:\/\/futurhobby.com\/tienda\/wp-json\/wp\/v2\/comments?post=12307"}],"wp:featuredmedia":[{"embeddable":true,"href":"https:\/\/futurhobby.com\/tienda\/wp-json\/wp\/v2\/media\/12306"}],"wp:attachment":[{"href":"https:\/\/futurhobby.com\/tienda\/wp-json\/wp\/v2\/media?parent=12307"}],"wp:term":[{"taxonomy":"pwb-brand","embeddable":true,"href":"https:\/\/futurhobby.com\/tienda\/wp-json\/wp\/v2\/pwb-brand?post=12307"},{"taxonomy":"product_cat","embeddable":true,"href":"https:\/\/futurhobby.com\/tienda\/wp-json\/wp\/v2\/product_cat?post=12307"},{"taxonomy":"product_tag","embeddable":true,"href":"https:\/\/futurhobby.com\/tienda\/wp-json\/wp\/v2\/product_tag?post=12307"}],"curies":[{"name":"wp","href":"https:\/\/api.w.org\/{rel}","templated":true}]}}