{"id":12811,"date":"2016-03-31T19:45:59","date_gmt":"2016-03-31T17:45:59","guid":{"rendered":"https:\/\/futurhobby.com\/tienda\/comprar\/jamara-micospy-nanodrone-camara\/"},"modified":"2022-11-04T13:24:47","modified_gmt":"2022-11-04T12:24:47","slug":"jamara-micospy-nanodrone-camara","status":"publish","type":"product","link":"https:\/\/futurhobby.com\/tienda\/comprar\/jamara-micospy-nanodrone-camara\/","title":{"rendered":"Jamara MiCoSpy &#8211; Nanodrone con c\u00e1mara"},"content":{"rendered":"<p><span style=\"font-size: 10pt;\"><strong>Jamara MiCoSpy<\/strong><\/span><\/p>\n<p><strong>Contenido del kit:<\/strong><\/p>\n<ul>\n<li>Cuadric\u00f3ptero MiCoSpy AHP+ 2,4 GHz<\/li>\n<li>Emisora 2,4 GHz<\/li>\n<li>Bater\u00eda integrada<\/li>\n<li>H\u00e9lices de repuesto<\/li>\n<li>Cable USB<\/li>\n<li>Adaptador USB para tarjeta de memoria<\/li>\n<li>C\u00e1mara con tarjeta de memoria SD de 4 GB<\/li>\n<li>Herramienta para el montaje de las h\u00e9lices<\/li>\n<li>Instrucciones<\/li>\n<\/ul>\n<p><strong>Datos t\u00e9cnicos:<\/strong><\/p>\n<ul>\n<li>Di\u00e1metro Rotor \u00d8 \u00a0~ 28 mm<\/li>\n<li>Di\u00e1metro Multic\u00f3ptero \u00d8\u00a0~ 73 mm<\/li>\n<li>Altura\u00a0\u00a0~ 26 mm<\/li>\n<li>Peso\u00a0\u00a0~ 13 g<\/li>\n<li>Bateria\u00a0LiPo (integrada) 3,7 V 120 mAh<\/li>\n<\/ul>\n","protected":false},"excerpt":{"rendered":"<p>Os presentamos el \u00abDron Esp\u00eda\u00bb m\u00e1s peque\u00f1o del mundo : <strong>Jamara MiCoSpy<\/strong>, nanodrone con c\u00e1mara, una aut\u00e9ntica peque\u00f1a maravilla de la t\u00e9cnica.<\/p>\n","protected":false},"featured_media":12810,"comment_status":"closed","ping_status":"closed","template":"","meta":[],"pwb-brand":[],"product_cat":[564,571],"product_tag":[848,1049,780,1048,1047],"yoast_head":"<!-- This site is optimized with the Yoast SEO plugin v20.2 - https:\/\/yoast.com\/wordpress\/plugins\/seo\/ -->\n<title>Micospy Nanodrone Jamara Camara<\/title>\n<meta name=\"description\" content=\"Dron espia mas peque\u00f1o del mundo\" \/>\n<meta name=\"robots\" content=\"index, follow, max-snippet:-1, max-image-preview:large, max-video-preview:-1\" \/>\n<link rel=\"canonical\" href=\"https:\/\/futurhobby.com\/tienda\/comprar\/jamara-micospy-nanodrone-camara\/\" \/>\n<meta property=\"og:locale\" content=\"es_ES\" \/>\n<meta property=\"og:type\" content=\"article\" \/>\n<meta property=\"og:title\" content=\"Micospy Nanodrone Jamara Camara\" \/>\n<meta property=\"og:description\" content=\"Dron espia mas peque\u00f1o del mundo\" \/>\n<meta property=\"og:url\" content=\"https:\/\/futurhobby.com\/tienda\/comprar\/jamara-micospy-nanodrone-camara\/\" \/>\n<meta property=\"og:site_name\" content=\"Futurhobby.com\/tienda\" \/>\n<meta property=\"article:publisher\" content=\"https:\/\/www.facebook.com\/futurhobby\/\" \/>\n<meta property=\"article:modified_time\" content=\"2022-11-04T12:24:47+00:00\" \/>\n<meta property=\"og:image\" content=\"https:\/\/futurhobby.com\/tienda\/wp-content\/uploads\/2016\/03\/2123-3395-Jamara-MiCoSpy-Nanodrone-con-camara.jpg\" \/>\n\t<meta property=\"og:image:width\" content=\"504\" \/>\n\t<meta property=\"og:image:height\" content=\"346\" \/>\n\t<meta property=\"og:image:type\" content=\"image\/jpeg\" \/>\n<meta name=\"twitter:card\" content=\"summary_large_image\" \/>\n<script type=\"application\/ld+json\" class=\"yoast-schema-graph\">{\"@context\":\"https:\/\/schema.org\",\"@graph\":[{\"@type\":\"WebPage\",\"@id\":\"https:\/\/futurhobby.com\/tienda\/comprar\/jamara-micospy-nanodrone-camara\/\",\"url\":\"https:\/\/futurhobby.com\/tienda\/comprar\/jamara-micospy-nanodrone-camara\/\",\"name\":\"Micospy Nanodrone Jamara Camara\",\"isPartOf\":{\"@id\":\"https:\/\/futurhobby.com\/tienda\/#website\"},\"datePublished\":\"2016-03-31T17:45:59+00:00\",\"dateModified\":\"2022-11-04T12:24:47+00:00\",\"description\":\"Dron espia mas peque\u00f1o del mundo\",\"breadcrumb\":{\"@id\":\"https:\/\/futurhobby.com\/tienda\/comprar\/jamara-micospy-nanodrone-camara\/#breadcrumb\"},\"inLanguage\":\"es\",\"potentialAction\":[{\"@type\":\"ReadAction\",\"target\":[\"https:\/\/futurhobby.com\/tienda\/comprar\/jamara-micospy-nanodrone-camara\/\"]}]},{\"@type\":\"BreadcrumbList\",\"@id\":\"https:\/\/futurhobby.com\/tienda\/comprar\/jamara-micospy-nanodrone-camara\/#breadcrumb\",\"itemListElement\":[{\"@type\":\"ListItem\",\"position\":1,\"name\":\"Portada\",\"item\":\"https:\/\/futurhobby.com\/tienda\/\"},{\"@type\":\"ListItem\",\"position\":2,\"name\":\"Tienda\",\"item\":\"https:\/\/futurhobby.com\/tienda\/\"},{\"@type\":\"ListItem\",\"position\":3,\"name\":\"Jamara MiCoSpy &#8211; Nanodrone con c\u00e1mara\"}]},{\"@type\":\"WebSite\",\"@id\":\"https:\/\/futurhobby.com\/tienda\/#website\",\"url\":\"https:\/\/futurhobby.com\/tienda\/\",\"name\":\"Futurhobby.com\/tienda\",\"description\":\"Lo mejor en Drones, Aeromodelismo y Hobby\",\"potentialAction\":[{\"@type\":\"SearchAction\",\"target\":{\"@type\":\"EntryPoint\",\"urlTemplate\":\"https:\/\/futurhobby.com\/tienda\/?s={search_term_string}\"},\"query-input\":\"required name=search_term_string\"}],\"inLanguage\":\"es\"}]}<\/script>\n<!-- \/ Yoast SEO plugin. -->","yoast_head_json":{"title":"Micospy Nanodrone Jamara Camara","description":"Dron espia mas peque\u00f1o del mundo","robots":{"index":"index","follow":"follow","max-snippet":"max-snippet:-1","max-image-preview":"max-image-preview:large","max-video-preview":"max-video-preview:-1"},"canonical":"https:\/\/futurhobby.com\/tienda\/comprar\/jamara-micospy-nanodrone-camara\/","og_locale":"es_ES","og_type":"article","og_title":"Micospy Nanodrone Jamara Camara","og_description":"Dron espia mas peque\u00f1o del mundo","og_url":"https:\/\/futurhobby.com\/tienda\/comprar\/jamara-micospy-nanodrone-camara\/","og_site_name":"Futurhobby.com\/tienda","article_publisher":"https:\/\/www.facebook.com\/futurhobby\/","article_modified_time":"2022-11-04T12:24:47+00:00","og_image":[{"width":504,"height":346,"url":"https:\/\/futurhobby.com\/tienda\/wp-content\/uploads\/2016\/03\/2123-3395-Jamara-MiCoSpy-Nanodrone-con-camara.jpg","type":"image\/jpeg"}],"twitter_card":"summary_large_image","schema":{"@context":"https:\/\/schema.org","@graph":[{"@type":"WebPage","@id":"https:\/\/futurhobby.com\/tienda\/comprar\/jamara-micospy-nanodrone-camara\/","url":"https:\/\/futurhobby.com\/tienda\/comprar\/jamara-micospy-nanodrone-camara\/","name":"Micospy Nanodrone Jamara Camara","isPartOf":{"@id":"https:\/\/futurhobby.com\/tienda\/#website"},"datePublished":"2016-03-31T17:45:59+00:00","dateModified":"2022-11-04T12:24:47+00:00","description":"Dron espia mas peque\u00f1o del mundo","breadcrumb":{"@id":"https:\/\/futurhobby.com\/tienda\/comprar\/jamara-micospy-nanodrone-camara\/#breadcrumb"},"inLanguage":"es","potentialAction":[{"@type":"ReadAction","target":["https:\/\/futurhobby.com\/tienda\/comprar\/jamara-micospy-nanodrone-camara\/"]}]},{"@type":"BreadcrumbList","@id":"https:\/\/futurhobby.com\/tienda\/comprar\/jamara-micospy-nanodrone-camara\/#breadcrumb","itemListElement":[{"@type":"ListItem","position":1,"name":"Portada","item":"https:\/\/futurhobby.com\/tienda\/"},{"@type":"ListItem","position":2,"name":"Tienda","item":"https:\/\/futurhobby.com\/tienda\/"},{"@type":"ListItem","position":3,"name":"Jamara MiCoSpy &#8211; Nanodrone con c\u00e1mara"}]},{"@type":"WebSite","@id":"https:\/\/futurhobby.com\/tienda\/#website","url":"https:\/\/futurhobby.com\/tienda\/","name":"Futurhobby.com\/tienda","description":"Lo mejor en Drones, Aeromodelismo y Hobby","potentialAction":[{"@type":"SearchAction","target":{"@type":"EntryPoint","urlTemplate":"https:\/\/futurhobby.com\/tienda\/?s={search_term_string}"},"query-input":"required name=search_term_string"}],"inLanguage":"es"}]}},"brands":[],"_links":{"self":[{"href":"https:\/\/futurhobby.com\/tienda\/wp-json\/wp\/v2\/product\/12811"}],"collection":[{"href":"https:\/\/futurhobby.com\/tienda\/wp-json\/wp\/v2\/product"}],"about":[{"href":"https:\/\/futurhobby.com\/tienda\/wp-json\/wp\/v2\/types\/product"}],"replies":[{"embeddable":true,"href":"https:\/\/futurhobby.com\/tienda\/wp-json\/wp\/v2\/comments?post=12811"}],"wp:featuredmedia":[{"embeddable":true,"href":"https:\/\/futurhobby.com\/tienda\/wp-json\/wp\/v2\/media\/12810"}],"wp:attachment":[{"href":"https:\/\/futurhobby.com\/tienda\/wp-json\/wp\/v2\/media?parent=12811"}],"wp:term":[{"taxonomy":"pwb-brand","embeddable":true,"href":"https:\/\/futurhobby.com\/tienda\/wp-json\/wp\/v2\/pwb-brand?post=12811"},{"taxonomy":"product_cat","embeddable":true,"href":"https:\/\/futurhobby.com\/tienda\/wp-json\/wp\/v2\/product_cat?post=12811"},{"taxonomy":"product_tag","embeddable":true,"href":"https:\/\/futurhobby.com\/tienda\/wp-json\/wp\/v2\/product_tag?post=12811"}],"curies":[{"name":"wp","href":"https:\/\/api.w.org\/{rel}","templated":true}]}}