{"id":12893,"date":"2018-12-20T00:44:04","date_gmt":"2018-12-19T23:44:04","guid":{"rendered":"https:\/\/futurhobby.com\/tienda\/?post_type=product&#038;p=12893"},"modified":"2022-11-04T13:26:21","modified_gmt":"2022-11-04T12:26:21","slug":"yuneec-skyview","status":"publish","type":"product","link":"https:\/\/futurhobby.com\/tienda\/comprar\/yuneec-skyview\/","title":{"rendered":"Yuneec SKYVIEW &#8211; Gafas FPV"},"content":{"rendered":"<p><strong>YUNEEC SKYVIEW<\/strong><\/p>\n<p><span style=\"font-size: 11px;\">Es un placer presentaros la \u00faltima novedad de la casa Yuneec :<\/span><\/p>\n<p><span style=\"font-size: 11px;\">Las nuevas gafas SKY VIEW, para los amantes del FPV, pero con muchas mas funciones adicionales.<\/span><\/p>\n<p><span style=\"font-size: 11px;\">Tome asiento \u00aben el aire\u00bb y disfrute de unas vistas como nunca antes.<\/span><\/p>\n<p><span style=\"font-size: 11px;\">Las gafas SKY VIEW est\u00e1n especialmente dise\u00f1adas para su uso con el Typhoon H y Tornado H920.<\/span><\/p>\n<p><span style=\"font-size: 11px;\">Te permiten concentrarte \u00fanicamente en la mejor toma en cada momento, ya que al mover la c\u00e1mara, siempre ves exactamente lo mismo que tu multic\u00f3ptero, como si estuvieras \u00aba bordo\u00bb.<\/span><\/p>\n<p><span style=\"font-size: 11px;\">Adicionalmente las gafas SKY VIEW tambi\u00e9n son compatibles con cualquier dispositivo que dispone de una salida HDMI.<\/span><\/p>\n<p><span style=\"font-size: 11px;\">Conecta tu dispositivo, ponte las SKY VIEW y estar\u00e1s sumergido en tu propia experiencia de realidad virtual. Ideal para muchas aplicaciones excitantes como videojuegos y peliculas.<\/span><\/p>\n<p><strong>Destacamos :<\/strong><\/p>\n<p>* La cincha el\u00e1stica asegura un ajuste perfecto y c\u00f3modo.<\/p>\n<p>* El dise\u00f1o ligero y las almohadillas blandas aseguran tu confort.<\/p>\n<p>* Las SKY VIEW permiten el uso de la mayor\u00eda de gafas graduadas.<\/p>\n<p>* Disponen de una pantalla HD de 5&#8243;<\/p>\n<p>* Puedes conectar tus auriculares directamente a la salida AUDIO.<\/p>\n<p>* Las gafas se cargan via la salida USB.<\/p>\n<p>* Salida HDMI para la conexi\u00f3n a los dispositivos.<\/p>\n<p><span style=\"text-decoration: underline;\"><strong>Caracter\u00edsticas :<\/strong><\/span><\/p>\n<p>Medidas : 201 x 189 x 122 mm<\/p>\n<p>Pantalla : 5&#8243; HD<\/p>\n<p>Resoluci\u00f3n : 1280 x 720<\/p>\n<p>Peso : 462,5 g<\/p>\n<p>Bater\u00eda : Li-Ion Panasonic &#8211; 3,7 V. &#8211; 2900 mah<\/p>\n<p>Duraci\u00f3n de bater\u00eda : 180 minutos<\/p>\n<p style=\"text-align: center;\"><span style=\"font-size: 11px;\"><img loading=\"lazy\" decoding=\"async\" class=\" size-full wp-image-12892\" title=\"Gafas FPS Yuneec\" src=\"https:\/\/futurhobby.com\/tienda\/wp-content\/uploads\/2016\/06\/Yuneec-gafas-fpv-futurhobby-Yuneec-Sky-View-gafas-FPV-Yuneec-Typhoon-H-y-Tornado.jpg\" alt=\"Yuneec Sky View gafas FPV Yuneec Typhoon H y Tornado\" width=\"460\" height=\"388\" srcset=\"https:\/\/futurhobby.com\/tienda\/wp-content\/uploads\/2016\/06\/Yuneec-gafas-fpv-futurhobby-Yuneec-Sky-View-gafas-FPV-Yuneec-Typhoon-H-y-Tornado.jpg 600w, https:\/\/futurhobby.com\/tienda\/wp-content\/uploads\/2016\/06\/Yuneec-gafas-fpv-futurhobby-Yuneec-Sky-View-gafas-FPV-Yuneec-Typhoon-H-y-Tornado-300x253.jpg 300w, https:\/\/futurhobby.com\/tienda\/wp-content\/uploads\/2016\/06\/Yuneec-gafas-fpv-futurhobby-Yuneec-Sky-View-gafas-FPV-Yuneec-Typhoon-H-y-Tornado-498x420.jpg 498w\" sizes=\"(max-width: 460px) 100vw, 460px\" \/><\/span><\/p>\n<p style=\"text-align: center;\"><span style=\"font-size: 11px;\">Probando la primera muestra&#8230; \u00a0\u00a1son fant\u00e1sticas!<\/span><\/p>\n","protected":false},"excerpt":{"rendered":"<p><strong>Para comprar este art\u00edculo, haga <a href=\"http:\/\/futurdrone.com\/es\/inicio\/10-yuneec-skyview.html\" target=\"_blank\" rel=\"noopener\">CLICK AQUI<\/a>.<\/strong><\/p>\n","protected":false},"featured_media":12888,"comment_status":"closed","ping_status":"closed","template":"","meta":[],"pwb-brand":[],"product_cat":[562,566,608,611],"product_tag":[799,1074,1076,1072,1077,928,1075,941,1069,1073],"yoast_head":"<!-- This site is optimized with the Yoast SEO plugin v20.2 - https:\/\/yoast.com\/wordpress\/plugins\/seo\/ -->\n<title>Yuneec SKYVIEW Gafas FPV<\/title>\n<meta name=\"description\" content=\"Nuevas gafas Skyview de Yuneec\" \/>\n<meta name=\"robots\" content=\"index, follow, max-snippet:-1, max-image-preview:large, max-video-preview:-1\" \/>\n<link rel=\"canonical\" href=\"https:\/\/futurhobby.com\/tienda\/comprar\/yuneec-skyview\/\" \/>\n<meta property=\"og:locale\" content=\"es_ES\" \/>\n<meta property=\"og:type\" content=\"article\" \/>\n<meta property=\"og:title\" content=\"Yuneec SKYVIEW Gafas FPV\" \/>\n<meta property=\"og:description\" content=\"Nuevas gafas Skyview de Yuneec\" \/>\n<meta property=\"og:url\" content=\"https:\/\/futurhobby.com\/tienda\/comprar\/yuneec-skyview\/\" \/>\n<meta property=\"og:site_name\" content=\"Futurhobby.com\/tienda\" \/>\n<meta property=\"article:publisher\" content=\"https:\/\/www.facebook.com\/futurhobby\/\" \/>\n<meta property=\"article:modified_time\" content=\"2022-11-04T12:26:21+00:00\" \/>\n<meta property=\"og:image\" content=\"https:\/\/futurhobby.com\/tienda\/wp-content\/uploads\/2016\/06\/2140-3443-Yuneec-SKY-VIEW-Gafas-FPV.jpg\" \/>\n\t<meta property=\"og:image:width\" content=\"960\" \/>\n\t<meta property=\"og:image:height\" content=\"640\" \/>\n\t<meta property=\"og:image:type\" content=\"image\/jpeg\" \/>\n<meta name=\"twitter:card\" content=\"summary_large_image\" \/>\n<meta name=\"twitter:label1\" content=\"Tiempo de lectura\" \/>\n\t<meta name=\"twitter:data1\" content=\"1 minuto\" \/>\n<script type=\"application\/ld+json\" class=\"yoast-schema-graph\">{\"@context\":\"https:\/\/schema.org\",\"@graph\":[{\"@type\":\"WebPage\",\"@id\":\"https:\/\/futurhobby.com\/tienda\/comprar\/yuneec-skyview\/\",\"url\":\"https:\/\/futurhobby.com\/tienda\/comprar\/yuneec-skyview\/\",\"name\":\"Yuneec SKYVIEW Gafas FPV\",\"isPartOf\":{\"@id\":\"https:\/\/futurhobby.com\/tienda\/#website\"},\"datePublished\":\"2018-12-19T23:44:04+00:00\",\"dateModified\":\"2022-11-04T12:26:21+00:00\",\"description\":\"Nuevas gafas Skyview de Yuneec\",\"breadcrumb\":{\"@id\":\"https:\/\/futurhobby.com\/tienda\/comprar\/yuneec-skyview\/#breadcrumb\"},\"inLanguage\":\"es\",\"potentialAction\":[{\"@type\":\"ReadAction\",\"target\":[\"https:\/\/futurhobby.com\/tienda\/comprar\/yuneec-skyview\/\"]}]},{\"@type\":\"BreadcrumbList\",\"@id\":\"https:\/\/futurhobby.com\/tienda\/comprar\/yuneec-skyview\/#breadcrumb\",\"itemListElement\":[{\"@type\":\"ListItem\",\"position\":1,\"name\":\"Portada\",\"item\":\"https:\/\/futurhobby.com\/tienda\/\"},{\"@type\":\"ListItem\",\"position\":2,\"name\":\"Tienda\",\"item\":\"https:\/\/futurhobby.com\/tienda\/\"},{\"@type\":\"ListItem\",\"position\":3,\"name\":\"Yuneec SKYVIEW &#8211; Gafas FPV\"}]},{\"@type\":\"WebSite\",\"@id\":\"https:\/\/futurhobby.com\/tienda\/#website\",\"url\":\"https:\/\/futurhobby.com\/tienda\/\",\"name\":\"Futurhobby.com\/tienda\",\"description\":\"Lo mejor en Drones, Aeromodelismo y Hobby\",\"potentialAction\":[{\"@type\":\"SearchAction\",\"target\":{\"@type\":\"EntryPoint\",\"urlTemplate\":\"https:\/\/futurhobby.com\/tienda\/?s={search_term_string}\"},\"query-input\":\"required name=search_term_string\"}],\"inLanguage\":\"es\"}]}<\/script>\n<!-- \/ Yoast SEO plugin. -->","yoast_head_json":{"title":"Yuneec SKYVIEW Gafas FPV","description":"Nuevas gafas Skyview de Yuneec","robots":{"index":"index","follow":"follow","max-snippet":"max-snippet:-1","max-image-preview":"max-image-preview:large","max-video-preview":"max-video-preview:-1"},"canonical":"https:\/\/futurhobby.com\/tienda\/comprar\/yuneec-skyview\/","og_locale":"es_ES","og_type":"article","og_title":"Yuneec SKYVIEW Gafas FPV","og_description":"Nuevas gafas Skyview de Yuneec","og_url":"https:\/\/futurhobby.com\/tienda\/comprar\/yuneec-skyview\/","og_site_name":"Futurhobby.com\/tienda","article_publisher":"https:\/\/www.facebook.com\/futurhobby\/","article_modified_time":"2022-11-04T12:26:21+00:00","og_image":[{"width":960,"height":640,"url":"https:\/\/futurhobby.com\/tienda\/wp-content\/uploads\/2016\/06\/2140-3443-Yuneec-SKY-VIEW-Gafas-FPV.jpg","type":"image\/jpeg"}],"twitter_card":"summary_large_image","twitter_misc":{"Tiempo de lectura":"1 minuto"},"schema":{"@context":"https:\/\/schema.org","@graph":[{"@type":"WebPage","@id":"https:\/\/futurhobby.com\/tienda\/comprar\/yuneec-skyview\/","url":"https:\/\/futurhobby.com\/tienda\/comprar\/yuneec-skyview\/","name":"Yuneec SKYVIEW Gafas FPV","isPartOf":{"@id":"https:\/\/futurhobby.com\/tienda\/#website"},"datePublished":"2018-12-19T23:44:04+00:00","dateModified":"2022-11-04T12:26:21+00:00","description":"Nuevas gafas Skyview de Yuneec","breadcrumb":{"@id":"https:\/\/futurhobby.com\/tienda\/comprar\/yuneec-skyview\/#breadcrumb"},"inLanguage":"es","potentialAction":[{"@type":"ReadAction","target":["https:\/\/futurhobby.com\/tienda\/comprar\/yuneec-skyview\/"]}]},{"@type":"BreadcrumbList","@id":"https:\/\/futurhobby.com\/tienda\/comprar\/yuneec-skyview\/#breadcrumb","itemListElement":[{"@type":"ListItem","position":1,"name":"Portada","item":"https:\/\/futurhobby.com\/tienda\/"},{"@type":"ListItem","position":2,"name":"Tienda","item":"https:\/\/futurhobby.com\/tienda\/"},{"@type":"ListItem","position":3,"name":"Yuneec SKYVIEW &#8211; Gafas FPV"}]},{"@type":"WebSite","@id":"https:\/\/futurhobby.com\/tienda\/#website","url":"https:\/\/futurhobby.com\/tienda\/","name":"Futurhobby.com\/tienda","description":"Lo mejor en Drones, Aeromodelismo y Hobby","potentialAction":[{"@type":"SearchAction","target":{"@type":"EntryPoint","urlTemplate":"https:\/\/futurhobby.com\/tienda\/?s={search_term_string}"},"query-input":"required name=search_term_string"}],"inLanguage":"es"}]}},"brands":[],"_links":{"self":[{"href":"https:\/\/futurhobby.com\/tienda\/wp-json\/wp\/v2\/product\/12893"}],"collection":[{"href":"https:\/\/futurhobby.com\/tienda\/wp-json\/wp\/v2\/product"}],"about":[{"href":"https:\/\/futurhobby.com\/tienda\/wp-json\/wp\/v2\/types\/product"}],"replies":[{"embeddable":true,"href":"https:\/\/futurhobby.com\/tienda\/wp-json\/wp\/v2\/comments?post=12893"}],"wp:featuredmedia":[{"embeddable":true,"href":"https:\/\/futurhobby.com\/tienda\/wp-json\/wp\/v2\/media\/12888"}],"wp:attachment":[{"href":"https:\/\/futurhobby.com\/tienda\/wp-json\/wp\/v2\/media?parent=12893"}],"wp:term":[{"taxonomy":"pwb-brand","embeddable":true,"href":"https:\/\/futurhobby.com\/tienda\/wp-json\/wp\/v2\/pwb-brand?post=12893"},{"taxonomy":"product_cat","embeddable":true,"href":"https:\/\/futurhobby.com\/tienda\/wp-json\/wp\/v2\/product_cat?post=12893"},{"taxonomy":"product_tag","embeddable":true,"href":"https:\/\/futurhobby.com\/tienda\/wp-json\/wp\/v2\/product_tag?post=12893"}],"curies":[{"name":"wp","href":"https:\/\/api.w.org\/{rel}","templated":true}]}}