{"id":21312,"date":"2021-12-23T21:15:38","date_gmt":"2021-12-23T20:15:38","guid":{"rendered":"https:\/\/futurhobby.com\/tienda\/?post_type=product&#038;p=21312"},"modified":"2021-12-23T21:38:22","modified_gmt":"2021-12-23T20:38:22","slug":"h-m-s-bounty-constructo-1-50","status":"publish","type":"product","link":"https:\/\/futurhobby.com\/tienda\/comprar\/h-m-s-bounty-constructo-1-50\/","title":{"rendered":"H.M.S. Bounty &#8211; Constructo &#8211; 1\/50"},"content":{"rendered":"<p>Maqueta de Madera del H.M.S. Bounty de Constructo<\/p>\n<p>\u00bfListo para el mot\u00edn en el Bounty?<\/p>\n<p>Escala : 1\/50<\/p>\n<p>Inicialmente un buque mercante, el H.M.S. Bounty fue sometido a importantes reformas, tras su adquisici\u00f3n por la Royal Navy.<\/p>\n<p>Al mando de una tripulaci\u00f3n de 44 hombres, el capit\u00e1n William Bligh zarp\u00f3 el 23 de Diciembre de 1787 de Londres rumbo a la actual Polinesia francesa, para traer \u00e1rboles de pan desde Tahit\u00ed al Caribe, para que sus frutos sirvieran como alimento barato para los esclavos de las plantaciones de Jamaica entre otras.<\/p>\n<p>El viaje no iba para nada como planeado y tras muchos retrasos y problemas ser\u00e1 siempre recordado por el mot\u00edn organizado por Christian Fletcher en 1789, obligando al capit\u00e1n Bligh a abandonar el barco.<\/p>\n<p>Grado de dificultad : Avanzado<\/p>\n<p>Medidas : Eslora: 760 mm &#8211; Manga: 295 mm &#8211; Altura: 600 mm<\/p>\n<p>M\u00e1s caracter\u00edsticas :<\/p>\n<ul>\n<li>Casco hueco con falsa quilla y costillas cortadas a l\u00e1ser<\/li>\n<li>Piezas pre-cortadas en madera y lat\u00f3n torneado, piezas en fundici\u00f3n y fotograbado de lat\u00f3n para los detalles<\/li>\n<li>Manual de instrucciones detalladas con fotos \u00abpaso a paso\u00bb del montaje<\/li>\n<li>Incluye cinco planos con todas las vistas y detalles necesarios para su construcci\u00f3n<\/li>\n<li>Set de velas cosidas incluido<\/li>\n<\/ul>\n<p>MAQUETA EN MADERA Y METAL PARA CONSTRUIR<\/p>\n<p>&nbsp;<\/p>\n","protected":false},"excerpt":{"rendered":"<p>Maqueta de Madera H.M.S. Bounty de la marca Constructo.<br \/>\nPrep\u00e1rate para el mot\u00edn.<\/p>\n","protected":false},"featured_media":21325,"comment_status":"closed","ping_status":"closed","template":"","meta":[],"pwb-brand":[],"product_cat":[587],"product_tag":[1135,1136,1133,1132,1134],"yoast_head":"<!-- This site is optimized with the Yoast SEO plugin v20.2 - https:\/\/yoast.com\/wordpress\/plugins\/seo\/ -->\n<title>H.M.S. Bounty - Constructo - 1\/50 &#8902; Futurhobby.com\/tienda<\/title>\n<meta name=\"description\" content=\"Elegante maqueta de madera del H.M.S Bounty de la Royal Navy. Escala : 1\/50. Construcci\u00f3n tradicional. Marca Constructo.\" \/>\n<meta name=\"robots\" content=\"index, follow, max-snippet:-1, max-image-preview:large, max-video-preview:-1\" \/>\n<link rel=\"canonical\" href=\"https:\/\/futurhobby.com\/tienda\/comprar\/h-m-s-bounty-constructo-1-50\/\" \/>\n<meta property=\"og:locale\" content=\"es_ES\" \/>\n<meta property=\"og:type\" content=\"article\" \/>\n<meta property=\"og:title\" content=\"H.M.S. Bounty - Constructo - 1\/50 &#8902; Futurhobby.com\/tienda\" \/>\n<meta property=\"og:description\" content=\"Elegante maqueta de madera del H.M.S Bounty de la Royal Navy. Escala : 1\/50. Construcci\u00f3n tradicional. Marca Constructo.\" \/>\n<meta property=\"og:url\" content=\"https:\/\/futurhobby.com\/tienda\/comprar\/h-m-s-bounty-constructo-1-50\/\" \/>\n<meta property=\"og:site_name\" content=\"Futurhobby.com\/tienda\" \/>\n<meta property=\"article:publisher\" content=\"https:\/\/www.facebook.com\/futurhobby\/\" \/>\n<meta property=\"article:modified_time\" content=\"2021-12-23T20:38:22+00:00\" \/>\n<meta property=\"og:image\" content=\"https:\/\/futurhobby.com\/tienda\/wp-content\/uploads\/2021\/12\/ConstructoHMSBounty-5.jpg\" \/>\n\t<meta property=\"og:image:width\" content=\"682\" \/>\n\t<meta property=\"og:image:height\" content=\"280\" \/>\n\t<meta property=\"og:image:type\" content=\"image\/jpeg\" \/>\n<meta name=\"twitter:card\" content=\"summary_large_image\" \/>\n<meta name=\"twitter:label1\" content=\"Tiempo de lectura\" \/>\n\t<meta name=\"twitter:data1\" content=\"1 minuto\" \/>\n<script type=\"application\/ld+json\" class=\"yoast-schema-graph\">{\"@context\":\"https:\/\/schema.org\",\"@graph\":[{\"@type\":\"WebPage\",\"@id\":\"https:\/\/futurhobby.com\/tienda\/comprar\/h-m-s-bounty-constructo-1-50\/\",\"url\":\"https:\/\/futurhobby.com\/tienda\/comprar\/h-m-s-bounty-constructo-1-50\/\",\"name\":\"H.M.S. Bounty - Constructo - 1\/50 &#8902; Futurhobby.com\/tienda\",\"isPartOf\":{\"@id\":\"https:\/\/futurhobby.com\/tienda\/#website\"},\"datePublished\":\"2021-12-23T20:15:38+00:00\",\"dateModified\":\"2021-12-23T20:38:22+00:00\",\"description\":\"Elegante maqueta de madera del H.M.S Bounty de la Royal Navy. Escala : 1\/50. Construcci\u00f3n tradicional. Marca Constructo.\",\"breadcrumb\":{\"@id\":\"https:\/\/futurhobby.com\/tienda\/comprar\/h-m-s-bounty-constructo-1-50\/#breadcrumb\"},\"inLanguage\":\"es\",\"potentialAction\":[{\"@type\":\"ReadAction\",\"target\":[\"https:\/\/futurhobby.com\/tienda\/comprar\/h-m-s-bounty-constructo-1-50\/\"]}]},{\"@type\":\"BreadcrumbList\",\"@id\":\"https:\/\/futurhobby.com\/tienda\/comprar\/h-m-s-bounty-constructo-1-50\/#breadcrumb\",\"itemListElement\":[{\"@type\":\"ListItem\",\"position\":1,\"name\":\"Portada\",\"item\":\"https:\/\/futurhobby.com\/tienda\/\"},{\"@type\":\"ListItem\",\"position\":2,\"name\":\"Tienda\",\"item\":\"https:\/\/futurhobby.com\/tienda\/\"},{\"@type\":\"ListItem\",\"position\":3,\"name\":\"H.M.S. Bounty &#8211; Constructo &#8211; 1\/50\"}]},{\"@type\":\"WebSite\",\"@id\":\"https:\/\/futurhobby.com\/tienda\/#website\",\"url\":\"https:\/\/futurhobby.com\/tienda\/\",\"name\":\"Futurhobby.com\/tienda\",\"description\":\"Lo mejor en Drones, Aeromodelismo y Hobby\",\"potentialAction\":[{\"@type\":\"SearchAction\",\"target\":{\"@type\":\"EntryPoint\",\"urlTemplate\":\"https:\/\/futurhobby.com\/tienda\/?s={search_term_string}\"},\"query-input\":\"required name=search_term_string\"}],\"inLanguage\":\"es\"}]}<\/script>\n<!-- \/ Yoast SEO plugin. -->","yoast_head_json":{"title":"H.M.S. Bounty - Constructo - 1\/50 &#8902; Futurhobby.com\/tienda","description":"Elegante maqueta de madera del H.M.S Bounty de la Royal Navy. Escala : 1\/50. Construcci\u00f3n tradicional. Marca Constructo.","robots":{"index":"index","follow":"follow","max-snippet":"max-snippet:-1","max-image-preview":"max-image-preview:large","max-video-preview":"max-video-preview:-1"},"canonical":"https:\/\/futurhobby.com\/tienda\/comprar\/h-m-s-bounty-constructo-1-50\/","og_locale":"es_ES","og_type":"article","og_title":"H.M.S. Bounty - Constructo - 1\/50 &#8902; Futurhobby.com\/tienda","og_description":"Elegante maqueta de madera del H.M.S Bounty de la Royal Navy. Escala : 1\/50. Construcci\u00f3n tradicional. Marca Constructo.","og_url":"https:\/\/futurhobby.com\/tienda\/comprar\/h-m-s-bounty-constructo-1-50\/","og_site_name":"Futurhobby.com\/tienda","article_publisher":"https:\/\/www.facebook.com\/futurhobby\/","article_modified_time":"2021-12-23T20:38:22+00:00","og_image":[{"width":682,"height":280,"url":"https:\/\/futurhobby.com\/tienda\/wp-content\/uploads\/2021\/12\/ConstructoHMSBounty-5.jpg","type":"image\/jpeg"}],"twitter_card":"summary_large_image","twitter_misc":{"Tiempo de lectura":"1 minuto"},"schema":{"@context":"https:\/\/schema.org","@graph":[{"@type":"WebPage","@id":"https:\/\/futurhobby.com\/tienda\/comprar\/h-m-s-bounty-constructo-1-50\/","url":"https:\/\/futurhobby.com\/tienda\/comprar\/h-m-s-bounty-constructo-1-50\/","name":"H.M.S. Bounty - Constructo - 1\/50 &#8902; Futurhobby.com\/tienda","isPartOf":{"@id":"https:\/\/futurhobby.com\/tienda\/#website"},"datePublished":"2021-12-23T20:15:38+00:00","dateModified":"2021-12-23T20:38:22+00:00","description":"Elegante maqueta de madera del H.M.S Bounty de la Royal Navy. Escala : 1\/50. Construcci\u00f3n tradicional. Marca Constructo.","breadcrumb":{"@id":"https:\/\/futurhobby.com\/tienda\/comprar\/h-m-s-bounty-constructo-1-50\/#breadcrumb"},"inLanguage":"es","potentialAction":[{"@type":"ReadAction","target":["https:\/\/futurhobby.com\/tienda\/comprar\/h-m-s-bounty-constructo-1-50\/"]}]},{"@type":"BreadcrumbList","@id":"https:\/\/futurhobby.com\/tienda\/comprar\/h-m-s-bounty-constructo-1-50\/#breadcrumb","itemListElement":[{"@type":"ListItem","position":1,"name":"Portada","item":"https:\/\/futurhobby.com\/tienda\/"},{"@type":"ListItem","position":2,"name":"Tienda","item":"https:\/\/futurhobby.com\/tienda\/"},{"@type":"ListItem","position":3,"name":"H.M.S. Bounty &#8211; Constructo &#8211; 1\/50"}]},{"@type":"WebSite","@id":"https:\/\/futurhobby.com\/tienda\/#website","url":"https:\/\/futurhobby.com\/tienda\/","name":"Futurhobby.com\/tienda","description":"Lo mejor en Drones, Aeromodelismo y Hobby","potentialAction":[{"@type":"SearchAction","target":{"@type":"EntryPoint","urlTemplate":"https:\/\/futurhobby.com\/tienda\/?s={search_term_string}"},"query-input":"required name=search_term_string"}],"inLanguage":"es"}]}},"brands":[],"_links":{"self":[{"href":"https:\/\/futurhobby.com\/tienda\/wp-json\/wp\/v2\/product\/21312"}],"collection":[{"href":"https:\/\/futurhobby.com\/tienda\/wp-json\/wp\/v2\/product"}],"about":[{"href":"https:\/\/futurhobby.com\/tienda\/wp-json\/wp\/v2\/types\/product"}],"replies":[{"embeddable":true,"href":"https:\/\/futurhobby.com\/tienda\/wp-json\/wp\/v2\/comments?post=21312"}],"wp:featuredmedia":[{"embeddable":true,"href":"https:\/\/futurhobby.com\/tienda\/wp-json\/wp\/v2\/media\/21325"}],"wp:attachment":[{"href":"https:\/\/futurhobby.com\/tienda\/wp-json\/wp\/v2\/media?parent=21312"}],"wp:term":[{"taxonomy":"pwb-brand","embeddable":true,"href":"https:\/\/futurhobby.com\/tienda\/wp-json\/wp\/v2\/pwb-brand?post=21312"},{"taxonomy":"product_cat","embeddable":true,"href":"https:\/\/futurhobby.com\/tienda\/wp-json\/wp\/v2\/product_cat?post=21312"},{"taxonomy":"product_tag","embeddable":true,"href":"https:\/\/futurhobby.com\/tienda\/wp-json\/wp\/v2\/product_tag?post=21312"}],"curies":[{"name":"wp","href":"https:\/\/api.w.org\/{rel}","templated":true}]}}