{"id":4332,"date":"2018-12-07T15:24:53","date_gmt":"2018-12-07T14:24:53","guid":{"rendered":"https:\/\/futurhobby.com\/tienda\/?post_type=product&#038;p=4332"},"modified":"2020-12-14T19:30:24","modified_gmt":"2020-12-14T18:30:24","slug":"hubsan-zino-4k","status":"publish","type":"product","link":"https:\/\/futurhobby.com\/tienda\/comprar\/hubsan-zino-4k\/","title":{"rendered":"Hubsan Zino 4K"},"content":{"rendered":"<h1>El Hubsan Zino es plegable, port\u00e1til, con c\u00e1mara<br \/>\nde calidad 4K y extremadamente inteligente&#8230;<\/h1>\n<p>El Zino de Hubsan es un dron compacto, plegable y muy f\u00e1cil de transportar en cualquier bolsa de mano, mochila o equipaje, para poderlo llevar a todos los sitios contigo. La c\u00e1mara es 4K UHD Ultra High Definition 3840&#215;2160, 30FPS, estabilizada en un gimbal de 3 ejes que nos permite grabaciones suaves y n\u00edtidas, y fotos de asombrosa resoluci\u00f3n.<\/p>\n<h2>Caracter\u00edsticas del Hubsan Zino :<\/h2>\n<ul>\n<li>Emisora Hubsan HT016B con soporte para smartphone<\/li>\n<li>C\u00e1mara integrada de 4K high-performance estabilizada en 3 ejes, equipada con apertura F2.2 y<br \/>\nuna lente de gran angular de 89\u00b0<\/li>\n<li>Camara y FPV con transmisi\u00f3n de video al dispositivo (5.8 GHz).<\/li>\n<li>Bot\u00f3n de grabaci\u00f3n r\u00e1pido : Modo Panor\u00e1mico, Modo \u00abLine Fly\u00bb y video en calidad cine<\/li>\n<li>FPV video online broadcast<\/li>\n<li>Dise\u00f1o compacto y plegable<\/li>\n<li>Motores Brushless<\/li>\n<li>Transmisi\u00f3n de video HD WI-FI<\/li>\n<li>Experiencia FPV inmersiva en tiempo real<\/li>\n<li>Modo de emergencia por perdida de se\u00f1al o bater\u00eda baja<\/li>\n<li>Bater\u00eda inteligente 11.4V &#8211; 3100mAh<\/li>\n<li>GPS integrado<\/li>\n<li>Modo Waypoints<\/li>\n<li>Modo Image Tracking &#8211; \u00abSigue a la imagen\u00bb<\/li>\n<li>Modo Follow Me &#8211; \u00abS\u00edgueme\u00bb<\/li>\n<li>Modo de orientaci\u00f3n inteligente<\/li>\n<li>Vuelta a Casa autom\u00e1tica de emergencia<\/li>\n<li>Despegue y Aterrizaje autom\u00e1tico<\/li>\n<li>Orbitar un punto de inter\u00e9s &#8211; POI<\/li>\n<li>Modo Mantener Altura<\/li>\n<li>Modo RTH<\/li>\n<\/ul>\n<p><img loading=\"lazy\" decoding=\"async\" class=\"alignnone wp-image-20953 size-large\" src=\"https:\/\/futurhobby.com\/tienda\/wp-content\/uploads\/2018\/12\/Hubsan-Zino-031-1024x576.jpg\" alt=\"Hubsan Zino Precio\" width=\"696\" height=\"392\" srcset=\"https:\/\/futurhobby.com\/tienda\/wp-content\/uploads\/2018\/12\/Hubsan-Zino-031-1024x576.jpg 1024w, https:\/\/futurhobby.com\/tienda\/wp-content\/uploads\/2018\/12\/Hubsan-Zino-031-300x169.jpg 300w, https:\/\/futurhobby.com\/tienda\/wp-content\/uploads\/2018\/12\/Hubsan-Zino-031-768x432.jpg 768w, https:\/\/futurhobby.com\/tienda\/wp-content\/uploads\/2018\/12\/Hubsan-Zino-031-696x392.jpg 696w, https:\/\/futurhobby.com\/tienda\/wp-content\/uploads\/2018\/12\/Hubsan-Zino-031-1068x601.jpg 1068w, https:\/\/futurhobby.com\/tienda\/wp-content\/uploads\/2018\/12\/Hubsan-Zino-031-747x420.jpg 747w, https:\/\/futurhobby.com\/tienda\/wp-content\/uploads\/2018\/12\/Hubsan-Zino-031-600x338.jpg 600w, https:\/\/futurhobby.com\/tienda\/wp-content\/uploads\/2018\/12\/Hubsan-Zino-031.jpg 1200w\" sizes=\"(max-width: 696px) 100vw, 696px\" \/><\/p>\n<h2>Especificaciones Hubsan Zino:<\/h2>\n<p>Longitud: 304.6mm<br \/>\nAnchura: 252.4mm<br \/>\nAltura: 90mm<br \/>\nTiempo m\u00e1ximo de vuelo: 23 minutos<br \/>\nTiempo de carga: 180 minutos<br \/>\nDistancia de transmisi\u00f3n: hasta 1km<br \/>\nVelocidad m\u00e1xima: 60 km \/ h<br \/>\nPeso en vuelo :700g (sin protector de h\u00e9lices)<\/p>\n<h3>Contenido del Kit:<\/h3>\n<p>1 x Hubsan Zino<br \/>\n1 x Emisora<br \/>\n1 x Bater\u00eda<br \/>\n1 x Cable de Carga<br \/>\n3 x Cable RC<br \/>\n4 x H\u00e9lices<br \/>\n1 x Destornillador<br \/>\n1 x Manual de Instrucciones<\/p>\n<h3>Nuevo Hubsan Zino Presentaci\u00f3n en Espa\u00f1ol, en nuestro canal de YouTube<\/h3>\n<p><iframe loading=\"lazy\" title=\"HUBSAN ZINO 4K NUEVO DRON PLEGABLE en Espa\u00f1ol\" width=\"696\" height=\"392\" src=\"https:\/\/www.youtube.com\/embed\/V5DObMXnRHg?feature=oembed\" frameborder=\"0\" allow=\"accelerometer; autoplay; encrypted-media; gyroscope; picture-in-picture\" allowfullscreen><\/iframe><\/p>\n<h2>Hubsan Zino Manual Espa\u00f1ol en V\u00eddeo:<\/h2>\n<p>Al ser un modelo muy reciente, f\u00e1brica no ha publicado a\u00fan <img loading=\"lazy\" decoding=\"async\" class=\"alignright wp-image-20966 size-full\" src=\"https:\/\/futurhobby.com\/tienda\/wp-content\/uploads\/2018\/12\/Hubsan-Zino-Manual-Espa\u00f1ol-1.jpg\" alt=\"Hubsan Zino Espa\u00f1ol Instrucciones V\u00eddeo\" width=\"374\" height=\"245\" srcset=\"https:\/\/futurhobby.com\/tienda\/wp-content\/uploads\/2018\/12\/Hubsan-Zino-Manual-Espa\u00f1ol-1.jpg 374w, https:\/\/futurhobby.com\/tienda\/wp-content\/uploads\/2018\/12\/Hubsan-Zino-Manual-Espa\u00f1ol-1-300x197.jpg 300w\" sizes=\"(max-width: 374px) 100vw, 374px\" \/>un Manual de Instrucciones del Hubsan Zino en Espa\u00f1ol, pero no te preocupes&#8230; una de las ventajas que tienes\u00a0al comprar en FuturHobby.com es el acceso (exclusivo para Clientes) a\u00a0<span style=\"text-decoration: underline; color: #0000ff;\"><strong>nuestro canal privado de v\u00eddeos<\/strong><\/span>, y tendr\u00e1s informaci\u00f3n mucho mas completa que la que puedan darte unas instrucciones del Zino escritas.<\/p>\n<p>&nbsp;<\/p>\n<p>Nuestro v\u00eddeo de demostraci\u00f3n del Hubsan Zino en 4K, donde puede verse la calidad en que puede filmar:<\/p>\n<p><iframe loading=\"lazy\" title=\"HUBSAN ZINO H117S 4K TEST\" width=\"696\" height=\"392\" src=\"https:\/\/www.youtube.com\/embed\/8jy5_9SlT6g?feature=oembed\" frameborder=\"0\" allow=\"accelerometer; autoplay; encrypted-media; gyroscope; picture-in-picture\" allowfullscreen><\/iframe><\/p>\n<p><img loading=\"lazy\" decoding=\"async\" class=\"alignnone wp-image-4336 size-large alignleft\" src=\"https:\/\/futurhobby.com\/tienda\/wp-content\/uploads\/2018\/12\/Hubsan-Zino-espanol-4-1024x809.jpg\" alt=\"\" width=\"696\" height=\"550\" srcset=\"https:\/\/futurhobby.com\/tienda\/wp-content\/uploads\/2018\/12\/Hubsan-Zino-espanol-4-1024x809.jpg 1024w, https:\/\/futurhobby.com\/tienda\/wp-content\/uploads\/2018\/12\/Hubsan-Zino-espanol-4-300x237.jpg 300w, https:\/\/futurhobby.com\/tienda\/wp-content\/uploads\/2018\/12\/Hubsan-Zino-espanol-4-768x607.jpg 768w, https:\/\/futurhobby.com\/tienda\/wp-content\/uploads\/2018\/12\/Hubsan-Zino-espanol-4-696x550.jpg 696w, https:\/\/futurhobby.com\/tienda\/wp-content\/uploads\/2018\/12\/Hubsan-Zino-espanol-4-1068x844.jpg 1068w, https:\/\/futurhobby.com\/tienda\/wp-content\/uploads\/2018\/12\/Hubsan-Zino-espanol-4-531x420.jpg 531w, https:\/\/futurhobby.com\/tienda\/wp-content\/uploads\/2018\/12\/Hubsan-Zino-espanol-4-600x474.jpg 600w, https:\/\/futurhobby.com\/tienda\/wp-content\/uploads\/2018\/12\/Hubsan-Zino-espanol-4.jpg 1240w\" sizes=\"(max-width: 696px) 100vw, 696px\" \/><\/p>\n<p>&nbsp;<\/p>\n<p><img loading=\"lazy\" decoding=\"async\" class=\"alignnone wp-image-4333 size-large\" src=\"https:\/\/futurhobby.com\/tienda\/wp-content\/uploads\/2018\/12\/Hubsan-Zino-espanol-1-1024x809.jpg\" alt=\"\" width=\"696\" height=\"550\" srcset=\"https:\/\/futurhobby.com\/tienda\/wp-content\/uploads\/2018\/12\/Hubsan-Zino-espanol-1-1024x809.jpg 1024w, https:\/\/futurhobby.com\/tienda\/wp-content\/uploads\/2018\/12\/Hubsan-Zino-espanol-1-300x237.jpg 300w, https:\/\/futurhobby.com\/tienda\/wp-content\/uploads\/2018\/12\/Hubsan-Zino-espanol-1-768x607.jpg 768w, https:\/\/futurhobby.com\/tienda\/wp-content\/uploads\/2018\/12\/Hubsan-Zino-espanol-1-696x550.jpg 696w, https:\/\/futurhobby.com\/tienda\/wp-content\/uploads\/2018\/12\/Hubsan-Zino-espanol-1-1068x844.jpg 1068w, https:\/\/futurhobby.com\/tienda\/wp-content\/uploads\/2018\/12\/Hubsan-Zino-espanol-1-531x420.jpg 531w, https:\/\/futurhobby.com\/tienda\/wp-content\/uploads\/2018\/12\/Hubsan-Zino-espanol-1-600x474.jpg 600w, https:\/\/futurhobby.com\/tienda\/wp-content\/uploads\/2018\/12\/Hubsan-Zino-espanol-1.jpg 1240w\" sizes=\"(max-width: 696px) 100vw, 696px\" \/><\/p>\n<p><img loading=\"lazy\" decoding=\"async\" class=\"alignnone wp-image-4334 size-large\" src=\"https:\/\/futurhobby.com\/tienda\/wp-content\/uploads\/2018\/12\/Hubsan-Zino-espanol-2-1024x809.jpg\" alt=\"\" width=\"696\" height=\"550\" srcset=\"https:\/\/futurhobby.com\/tienda\/wp-content\/uploads\/2018\/12\/Hubsan-Zino-espanol-2-1024x809.jpg 1024w, https:\/\/futurhobby.com\/tienda\/wp-content\/uploads\/2018\/12\/Hubsan-Zino-espanol-2-300x237.jpg 300w, https:\/\/futurhobby.com\/tienda\/wp-content\/uploads\/2018\/12\/Hubsan-Zino-espanol-2-768x607.jpg 768w, https:\/\/futurhobby.com\/tienda\/wp-content\/uploads\/2018\/12\/Hubsan-Zino-espanol-2-696x550.jpg 696w, https:\/\/futurhobby.com\/tienda\/wp-content\/uploads\/2018\/12\/Hubsan-Zino-espanol-2-1068x844.jpg 1068w, https:\/\/futurhobby.com\/tienda\/wp-content\/uploads\/2018\/12\/Hubsan-Zino-espanol-2-531x420.jpg 531w, https:\/\/futurhobby.com\/tienda\/wp-content\/uploads\/2018\/12\/Hubsan-Zino-espanol-2-600x474.jpg 600w, https:\/\/futurhobby.com\/tienda\/wp-content\/uploads\/2018\/12\/Hubsan-Zino-espanol-2.jpg 1240w\" sizes=\"(max-width: 696px) 100vw, 696px\" \/><\/p>\n","protected":false},"excerpt":{"rendered":"<p>Te presentamos el nuevo Hubsan Zino 4K en Espa\u00f1a, el nuevo dron con c\u00e1mara 4K, plegable y compacto, para acompa\u00f1arte all\u00ed donde vayas e inmortalizar la aventura&#8230;.<\/p>\n<p>Desconf\u00eda de los \u00abchollos\u00bb, todos nuestros drones se env\u00edan con funcionamiento comprobado, desde Espa\u00f1a y con IVA incluido&#8230;<\/p>\n","protected":false},"featured_media":20808,"comment_status":"closed","ping_status":"closed","template":"","meta":[],"pwb-brand":[],"product_cat":[564,570],"product_tag":[307,283,282,285,287,286,1120,306],"yoast_head":"<!-- This site is optimized with the Yoast SEO plugin v20.2 - https:\/\/yoast.com\/wordpress\/plugins\/seo\/ -->\n<title>Hubsan Zino 4K &#8902; Futurhobby.com\/tienda<\/title>\n<meta name=\"description\" content=\"Hubsan Zino, precios y comprar en Espa\u00f1a, nuevo dron con c\u00e1mara 4K plegable para viaje de Hubsan. Consigue fotos y v\u00eddeos en 4k, seguimiento, panor\u00e1micas...\" \/>\n<meta name=\"robots\" content=\"index, follow, max-snippet:-1, max-image-preview:large, max-video-preview:-1\" \/>\n<link rel=\"canonical\" href=\"https:\/\/futurhobby.com\/tienda\/comprar\/hubsan-zino-4k\/\" \/>\n<meta property=\"og:locale\" content=\"es_ES\" \/>\n<meta property=\"og:type\" content=\"article\" \/>\n<meta property=\"og:title\" content=\"Hubsan Zino 4K &#8902; Futurhobby.com\/tienda\" \/>\n<meta property=\"og:description\" content=\"Hubsan Zino, precios y comprar en Espa\u00f1a, nuevo dron con c\u00e1mara 4K plegable para viaje de Hubsan. Consigue fotos y v\u00eddeos en 4k, seguimiento, panor\u00e1micas...\" \/>\n<meta property=\"og:url\" content=\"https:\/\/futurhobby.com\/tienda\/comprar\/hubsan-zino-4k\/\" \/>\n<meta property=\"og:site_name\" content=\"Futurhobby.com\/tienda\" \/>\n<meta property=\"article:publisher\" content=\"https:\/\/www.facebook.com\/futurhobby\/\" \/>\n<meta property=\"article:modified_time\" content=\"2020-12-14T18:30:24+00:00\" \/>\n<meta property=\"og:image\" content=\"https:\/\/futurhobby.com\/tienda\/wp-content\/uploads\/2018\/12\/Hubsan-Zino-030b.jpg\" \/>\n\t<meta property=\"og:image:width\" content=\"1200\" \/>\n\t<meta property=\"og:image:height\" content=\"675\" \/>\n\t<meta property=\"og:image:type\" content=\"image\/jpeg\" \/>\n<meta name=\"twitter:card\" content=\"summary_large_image\" \/>\n<meta name=\"twitter:label1\" content=\"Tiempo de lectura\" \/>\n\t<meta name=\"twitter:data1\" content=\"2 minutos\" \/>\n<script type=\"application\/ld+json\" class=\"yoast-schema-graph\">{\"@context\":\"https:\/\/schema.org\",\"@graph\":[{\"@type\":\"WebPage\",\"@id\":\"https:\/\/futurhobby.com\/tienda\/comprar\/hubsan-zino-4k\/\",\"url\":\"https:\/\/futurhobby.com\/tienda\/comprar\/hubsan-zino-4k\/\",\"name\":\"Hubsan Zino 4K &#8902; Futurhobby.com\/tienda\",\"isPartOf\":{\"@id\":\"https:\/\/futurhobby.com\/tienda\/#website\"},\"datePublished\":\"2018-12-07T14:24:53+00:00\",\"dateModified\":\"2020-12-14T18:30:24+00:00\",\"description\":\"Hubsan Zino, precios y comprar en Espa\u00f1a, nuevo dron con c\u00e1mara 4K plegable para viaje de Hubsan. Consigue fotos y v\u00eddeos en 4k, seguimiento, panor\u00e1micas...\",\"breadcrumb\":{\"@id\":\"https:\/\/futurhobby.com\/tienda\/comprar\/hubsan-zino-4k\/#breadcrumb\"},\"inLanguage\":\"es\",\"potentialAction\":[{\"@type\":\"ReadAction\",\"target\":[\"https:\/\/futurhobby.com\/tienda\/comprar\/hubsan-zino-4k\/\"]}]},{\"@type\":\"BreadcrumbList\",\"@id\":\"https:\/\/futurhobby.com\/tienda\/comprar\/hubsan-zino-4k\/#breadcrumb\",\"itemListElement\":[{\"@type\":\"ListItem\",\"position\":1,\"name\":\"Portada\",\"item\":\"https:\/\/futurhobby.com\/tienda\/\"},{\"@type\":\"ListItem\",\"position\":2,\"name\":\"Tienda\",\"item\":\"https:\/\/futurhobby.com\/tienda\/\"},{\"@type\":\"ListItem\",\"position\":3,\"name\":\"Hubsan Zino 4K\"}]},{\"@type\":\"WebSite\",\"@id\":\"https:\/\/futurhobby.com\/tienda\/#website\",\"url\":\"https:\/\/futurhobby.com\/tienda\/\",\"name\":\"Futurhobby.com\/tienda\",\"description\":\"Lo mejor en Drones, Aeromodelismo y Hobby\",\"potentialAction\":[{\"@type\":\"SearchAction\",\"target\":{\"@type\":\"EntryPoint\",\"urlTemplate\":\"https:\/\/futurhobby.com\/tienda\/?s={search_term_string}\"},\"query-input\":\"required name=search_term_string\"}],\"inLanguage\":\"es\"}]}<\/script>\n<!-- \/ Yoast SEO plugin. -->","yoast_head_json":{"title":"Hubsan Zino 4K &#8902; Futurhobby.com\/tienda","description":"Hubsan Zino, precios y comprar en Espa\u00f1a, nuevo dron con c\u00e1mara 4K plegable para viaje de Hubsan. Consigue fotos y v\u00eddeos en 4k, seguimiento, panor\u00e1micas...","robots":{"index":"index","follow":"follow","max-snippet":"max-snippet:-1","max-image-preview":"max-image-preview:large","max-video-preview":"max-video-preview:-1"},"canonical":"https:\/\/futurhobby.com\/tienda\/comprar\/hubsan-zino-4k\/","og_locale":"es_ES","og_type":"article","og_title":"Hubsan Zino 4K &#8902; Futurhobby.com\/tienda","og_description":"Hubsan Zino, precios y comprar en Espa\u00f1a, nuevo dron con c\u00e1mara 4K plegable para viaje de Hubsan. Consigue fotos y v\u00eddeos en 4k, seguimiento, panor\u00e1micas...","og_url":"https:\/\/futurhobby.com\/tienda\/comprar\/hubsan-zino-4k\/","og_site_name":"Futurhobby.com\/tienda","article_publisher":"https:\/\/www.facebook.com\/futurhobby\/","article_modified_time":"2020-12-14T18:30:24+00:00","og_image":[{"width":1200,"height":675,"url":"https:\/\/futurhobby.com\/tienda\/wp-content\/uploads\/2018\/12\/Hubsan-Zino-030b.jpg","type":"image\/jpeg"}],"twitter_card":"summary_large_image","twitter_misc":{"Tiempo de lectura":"2 minutos"},"schema":{"@context":"https:\/\/schema.org","@graph":[{"@type":"WebPage","@id":"https:\/\/futurhobby.com\/tienda\/comprar\/hubsan-zino-4k\/","url":"https:\/\/futurhobby.com\/tienda\/comprar\/hubsan-zino-4k\/","name":"Hubsan Zino 4K &#8902; Futurhobby.com\/tienda","isPartOf":{"@id":"https:\/\/futurhobby.com\/tienda\/#website"},"datePublished":"2018-12-07T14:24:53+00:00","dateModified":"2020-12-14T18:30:24+00:00","description":"Hubsan Zino, precios y comprar en Espa\u00f1a, nuevo dron con c\u00e1mara 4K plegable para viaje de Hubsan. Consigue fotos y v\u00eddeos en 4k, seguimiento, panor\u00e1micas...","breadcrumb":{"@id":"https:\/\/futurhobby.com\/tienda\/comprar\/hubsan-zino-4k\/#breadcrumb"},"inLanguage":"es","potentialAction":[{"@type":"ReadAction","target":["https:\/\/futurhobby.com\/tienda\/comprar\/hubsan-zino-4k\/"]}]},{"@type":"BreadcrumbList","@id":"https:\/\/futurhobby.com\/tienda\/comprar\/hubsan-zino-4k\/#breadcrumb","itemListElement":[{"@type":"ListItem","position":1,"name":"Portada","item":"https:\/\/futurhobby.com\/tienda\/"},{"@type":"ListItem","position":2,"name":"Tienda","item":"https:\/\/futurhobby.com\/tienda\/"},{"@type":"ListItem","position":3,"name":"Hubsan Zino 4K"}]},{"@type":"WebSite","@id":"https:\/\/futurhobby.com\/tienda\/#website","url":"https:\/\/futurhobby.com\/tienda\/","name":"Futurhobby.com\/tienda","description":"Lo mejor en Drones, Aeromodelismo y Hobby","potentialAction":[{"@type":"SearchAction","target":{"@type":"EntryPoint","urlTemplate":"https:\/\/futurhobby.com\/tienda\/?s={search_term_string}"},"query-input":"required name=search_term_string"}],"inLanguage":"es"}]}},"brands":[],"_links":{"self":[{"href":"https:\/\/futurhobby.com\/tienda\/wp-json\/wp\/v2\/product\/4332"}],"collection":[{"href":"https:\/\/futurhobby.com\/tienda\/wp-json\/wp\/v2\/product"}],"about":[{"href":"https:\/\/futurhobby.com\/tienda\/wp-json\/wp\/v2\/types\/product"}],"replies":[{"embeddable":true,"href":"https:\/\/futurhobby.com\/tienda\/wp-json\/wp\/v2\/comments?post=4332"}],"wp:featuredmedia":[{"embeddable":true,"href":"https:\/\/futurhobby.com\/tienda\/wp-json\/wp\/v2\/media\/20808"}],"wp:attachment":[{"href":"https:\/\/futurhobby.com\/tienda\/wp-json\/wp\/v2\/media?parent=4332"}],"wp:term":[{"taxonomy":"pwb-brand","embeddable":true,"href":"https:\/\/futurhobby.com\/tienda\/wp-json\/wp\/v2\/pwb-brand?post=4332"},{"taxonomy":"product_cat","embeddable":true,"href":"https:\/\/futurhobby.com\/tienda\/wp-json\/wp\/v2\/product_cat?post=4332"},{"taxonomy":"product_tag","embeddable":true,"href":"https:\/\/futurhobby.com\/tienda\/wp-json\/wp\/v2\/product_tag?post=4332"}],"curies":[{"name":"wp","href":"https:\/\/api.w.org\/{rel}","templated":true}]}}