{"id":9139,"date":"2011-04-14T03:43:38","date_gmt":"2011-04-14T01:43:38","guid":{"rendered":"https:\/\/futurhobby.com\/tienda\/comprar\/cabeza-de-eje-en-aluminio-para-piccolo-fp-2\/"},"modified":"2011-04-14T03:43:38","modified_gmt":"2011-04-14T01:43:38","slug":"cabeza-de-eje-en-aluminio-para-piccolo-fp-2","status":"publish","type":"product","link":"https:\/\/futurhobby.com\/tienda\/comprar\/cabeza-de-eje-en-aluminio-para-piccolo-fp-2\/","title":{"rendered":"Cabeza de eje en aluminio para Piccolo Fp"},"content":{"rendered":"<p>Sustituye a la cabeza de pl\u00e1stico que lleva el Piccolo de serie. <br \/>  Aporta precisi\u00f3n y rigidez al conjunto del rotor, permitiendo as\u00ed que el disco de giro sea lo m\u00e1s uniforme posible. El agujero para el pasador que lo fija al eje est\u00e1 taladrado con precisi\u00f3n, para asegurar su perfecta perpendicularidad.<br \/>  Tiene 2 tornillos para fijar los rodamientos met\u00e1licos, que en la versi\u00f3n de pl\u00e1stico suelen a veces perderse como resultado de desprenderse el rotor en un golpe. <br \/>  Rodamientos met\u00e1licos NO incluidos, ya que le sirven los mismos que trae actualmente el Piccolo V2, y el Eco de versi\u00f3n antigua. Si tu heli es un Fun, que trae casquillos de pl\u00e1stico, consulta disponibilidad y precio de rodamientos de bolas met\u00e1licos.<\/p>\n","protected":false},"excerpt":{"rendered":"<p> Sustituye a la cabeza de pl\u00e1stico que lleva el Piccolo de serie.   Aporta precisi\u00f3n y rigidez al conjunto del rotor, permitiendo as\u00ed que el disco de giro sea lo m\u00e1s uniforme posible. El agujero para&#8230;<\/p>\n","protected":false},"featured_media":9138,"comment_status":"closed","ping_status":"closed","template":"","meta":[],"pwb-brand":[],"product_cat":[634],"product_tag":[],"yoast_head":"<!-- This site is optimized with the Yoast SEO plugin v20.2 - https:\/\/yoast.com\/wordpress\/plugins\/seo\/ -->\n<title>Cabeza de eje en aluminio para Piccolo Fp &#8902; Futurhobby.com\/tienda<\/title>\n<meta name=\"robots\" content=\"index, follow, max-snippet:-1, max-image-preview:large, max-video-preview:-1\" \/>\n<link rel=\"canonical\" href=\"https:\/\/futurhobby.com\/tienda\/comprar\/cabeza-de-eje-en-aluminio-para-piccolo-fp-2\/\" \/>\n<meta property=\"og:locale\" content=\"es_ES\" \/>\n<meta property=\"og:type\" content=\"article\" \/>\n<meta property=\"og:title\" content=\"Cabeza de eje en aluminio para Piccolo Fp &#8902; Futurhobby.com\/tienda\" \/>\n<meta property=\"og:description\" content=\"Sustituye a la cabeza de pl\u00e1stico que lleva el Piccolo de serie.  Aporta precisi\u00f3n y rigidez al conjunto del rotor, permitiendo as\u00ed que el disco de giro sea lo m\u00e1s uniforme posible. El agujero para...\" \/>\n<meta property=\"og:url\" content=\"https:\/\/futurhobby.com\/tienda\/comprar\/cabeza-de-eje-en-aluminio-para-piccolo-fp-2\/\" \/>\n<meta property=\"og:site_name\" content=\"Futurhobby.com\/tienda\" \/>\n<meta property=\"article:publisher\" content=\"https:\/\/www.facebook.com\/futurhobby\/\" \/>\n<meta property=\"og:image\" content=\"https:\/\/futurhobby.com\/tienda\/wp-content\/uploads\/2011\/04\/188-hauptrotorzentralstuck-fur-piccolo-fp.jpg\" \/>\n\t<meta property=\"og:image:width\" content=\"325\" \/>\n\t<meta property=\"og:image:height\" content=\"300\" \/>\n\t<meta property=\"og:image:type\" content=\"image\/jpeg\" \/>\n<meta name=\"twitter:card\" content=\"summary_large_image\" \/>\n<meta name=\"twitter:label1\" content=\"Tiempo de lectura\" \/>\n\t<meta name=\"twitter:data1\" content=\"1 minuto\" \/>\n<script type=\"application\/ld+json\" class=\"yoast-schema-graph\">{\"@context\":\"https:\/\/schema.org\",\"@graph\":[{\"@type\":\"WebPage\",\"@id\":\"https:\/\/futurhobby.com\/tienda\/comprar\/cabeza-de-eje-en-aluminio-para-piccolo-fp-2\/\",\"url\":\"https:\/\/futurhobby.com\/tienda\/comprar\/cabeza-de-eje-en-aluminio-para-piccolo-fp-2\/\",\"name\":\"Cabeza de eje en aluminio para Piccolo Fp &#8902; Futurhobby.com\/tienda\",\"isPartOf\":{\"@id\":\"https:\/\/futurhobby.com\/tienda\/#website\"},\"datePublished\":\"2011-04-14T01:43:38+00:00\",\"dateModified\":\"2011-04-14T01:43:38+00:00\",\"breadcrumb\":{\"@id\":\"https:\/\/futurhobby.com\/tienda\/comprar\/cabeza-de-eje-en-aluminio-para-piccolo-fp-2\/#breadcrumb\"},\"inLanguage\":\"es\",\"potentialAction\":[{\"@type\":\"ReadAction\",\"target\":[\"https:\/\/futurhobby.com\/tienda\/comprar\/cabeza-de-eje-en-aluminio-para-piccolo-fp-2\/\"]}]},{\"@type\":\"BreadcrumbList\",\"@id\":\"https:\/\/futurhobby.com\/tienda\/comprar\/cabeza-de-eje-en-aluminio-para-piccolo-fp-2\/#breadcrumb\",\"itemListElement\":[{\"@type\":\"ListItem\",\"position\":1,\"name\":\"Portada\",\"item\":\"https:\/\/futurhobby.com\/tienda\/\"},{\"@type\":\"ListItem\",\"position\":2,\"name\":\"Tienda\",\"item\":\"https:\/\/futurhobby.com\/tienda\/\"},{\"@type\":\"ListItem\",\"position\":3,\"name\":\"Cabeza de eje en aluminio para Piccolo Fp\"}]},{\"@type\":\"WebSite\",\"@id\":\"https:\/\/futurhobby.com\/tienda\/#website\",\"url\":\"https:\/\/futurhobby.com\/tienda\/\",\"name\":\"Futurhobby.com\/tienda\",\"description\":\"Lo mejor en Drones, Aeromodelismo y Hobby\",\"potentialAction\":[{\"@type\":\"SearchAction\",\"target\":{\"@type\":\"EntryPoint\",\"urlTemplate\":\"https:\/\/futurhobby.com\/tienda\/?s={search_term_string}\"},\"query-input\":\"required name=search_term_string\"}],\"inLanguage\":\"es\"}]}<\/script>\n<!-- \/ Yoast SEO plugin. -->","yoast_head_json":{"title":"Cabeza de eje en aluminio para Piccolo Fp &#8902; Futurhobby.com\/tienda","robots":{"index":"index","follow":"follow","max-snippet":"max-snippet:-1","max-image-preview":"max-image-preview:large","max-video-preview":"max-video-preview:-1"},"canonical":"https:\/\/futurhobby.com\/tienda\/comprar\/cabeza-de-eje-en-aluminio-para-piccolo-fp-2\/","og_locale":"es_ES","og_type":"article","og_title":"Cabeza de eje en aluminio para Piccolo Fp &#8902; Futurhobby.com\/tienda","og_description":"Sustituye a la cabeza de pl\u00e1stico que lleva el Piccolo de serie.  Aporta precisi\u00f3n y rigidez al conjunto del rotor, permitiendo as\u00ed que el disco de giro sea lo m\u00e1s uniforme posible. El agujero para...","og_url":"https:\/\/futurhobby.com\/tienda\/comprar\/cabeza-de-eje-en-aluminio-para-piccolo-fp-2\/","og_site_name":"Futurhobby.com\/tienda","article_publisher":"https:\/\/www.facebook.com\/futurhobby\/","og_image":[{"width":325,"height":300,"url":"https:\/\/futurhobby.com\/tienda\/wp-content\/uploads\/2011\/04\/188-hauptrotorzentralstuck-fur-piccolo-fp.jpg","type":"image\/jpeg"}],"twitter_card":"summary_large_image","twitter_misc":{"Tiempo de lectura":"1 minuto"},"schema":{"@context":"https:\/\/schema.org","@graph":[{"@type":"WebPage","@id":"https:\/\/futurhobby.com\/tienda\/comprar\/cabeza-de-eje-en-aluminio-para-piccolo-fp-2\/","url":"https:\/\/futurhobby.com\/tienda\/comprar\/cabeza-de-eje-en-aluminio-para-piccolo-fp-2\/","name":"Cabeza de eje en aluminio para Piccolo Fp &#8902; Futurhobby.com\/tienda","isPartOf":{"@id":"https:\/\/futurhobby.com\/tienda\/#website"},"datePublished":"2011-04-14T01:43:38+00:00","dateModified":"2011-04-14T01:43:38+00:00","breadcrumb":{"@id":"https:\/\/futurhobby.com\/tienda\/comprar\/cabeza-de-eje-en-aluminio-para-piccolo-fp-2\/#breadcrumb"},"inLanguage":"es","potentialAction":[{"@type":"ReadAction","target":["https:\/\/futurhobby.com\/tienda\/comprar\/cabeza-de-eje-en-aluminio-para-piccolo-fp-2\/"]}]},{"@type":"BreadcrumbList","@id":"https:\/\/futurhobby.com\/tienda\/comprar\/cabeza-de-eje-en-aluminio-para-piccolo-fp-2\/#breadcrumb","itemListElement":[{"@type":"ListItem","position":1,"name":"Portada","item":"https:\/\/futurhobby.com\/tienda\/"},{"@type":"ListItem","position":2,"name":"Tienda","item":"https:\/\/futurhobby.com\/tienda\/"},{"@type":"ListItem","position":3,"name":"Cabeza de eje en aluminio para Piccolo Fp"}]},{"@type":"WebSite","@id":"https:\/\/futurhobby.com\/tienda\/#website","url":"https:\/\/futurhobby.com\/tienda\/","name":"Futurhobby.com\/tienda","description":"Lo mejor en Drones, Aeromodelismo y Hobby","potentialAction":[{"@type":"SearchAction","target":{"@type":"EntryPoint","urlTemplate":"https:\/\/futurhobby.com\/tienda\/?s={search_term_string}"},"query-input":"required name=search_term_string"}],"inLanguage":"es"}]}},"brands":[],"_links":{"self":[{"href":"https:\/\/futurhobby.com\/tienda\/wp-json\/wp\/v2\/product\/9139"}],"collection":[{"href":"https:\/\/futurhobby.com\/tienda\/wp-json\/wp\/v2\/product"}],"about":[{"href":"https:\/\/futurhobby.com\/tienda\/wp-json\/wp\/v2\/types\/product"}],"replies":[{"embeddable":true,"href":"https:\/\/futurhobby.com\/tienda\/wp-json\/wp\/v2\/comments?post=9139"}],"wp:featuredmedia":[{"embeddable":true,"href":"https:\/\/futurhobby.com\/tienda\/wp-json\/wp\/v2\/media\/9138"}],"wp:attachment":[{"href":"https:\/\/futurhobby.com\/tienda\/wp-json\/wp\/v2\/media?parent=9139"}],"wp:term":[{"taxonomy":"pwb-brand","embeddable":true,"href":"https:\/\/futurhobby.com\/tienda\/wp-json\/wp\/v2\/pwb-brand?post=9139"},{"taxonomy":"product_cat","embeddable":true,"href":"https:\/\/futurhobby.com\/tienda\/wp-json\/wp\/v2\/product_cat?post=9139"},{"taxonomy":"product_tag","embeddable":true,"href":"https:\/\/futurhobby.com\/tienda\/wp-json\/wp\/v2\/product_tag?post=9139"}],"curies":[{"name":"wp","href":"https:\/\/api.w.org\/{rel}","templated":true}]}}