{"id":9165,"date":"2011-04-14T03:43:59","date_gmt":"2011-04-14T01:43:59","guid":{"rendered":"https:\/\/futurhobby.com\/tienda\/comprar\/fuselaje-airwolf-bell-222-para-micro-helicopteros\/"},"modified":"2011-04-14T03:43:59","modified_gmt":"2011-04-14T01:43:59","slug":"fuselaje-airwolf-bell-222-para-micro-helicopteros","status":"publish","type":"product","link":"https:\/\/futurhobby.com\/tienda\/comprar\/fuselaje-airwolf-bell-222-para-micro-helicopteros\/","title":{"rendered":"Fuselaje Airwolf -Bell 222 para micro helicopteros"},"content":{"rendered":"<p>Fuselaje a escala con gran realismo y detalle del modelo Bell 222 o Airwolf.<br \/> Originalmente dise\u00f1ado para el Piccolo, es tambi\u00e9n adaptable a los dem\u00e1s microhelic\u00f3pteros de su tama\u00f1o (Hornet, Dragonfly, Hummingbird, E-Sky Honey Bee, etc.<br \/> Fabricado en pl\u00e1stico Lexan muy ligero y resistente. Es transparente, por lo que puede ser pintado tanto desde el interior como desde el exterior, dejando los parabrisas y cristales transparentes.<\/p>\n<p>\u00a0<\/p>\n<p>Medidas:<\/p>\n<p>Longitud: 55cm.<\/p>\n<p>Altura m\u00e1xima fuselaje: 10.5cm<\/p>\n<p>Anchura m\u00e1xima (aprox.): 10.3cm.<\/p>\n","protected":false},"excerpt":{"rendered":"<p>Fuselaje a escala con gran realismo y detalle del modelo Bell 222 o Airwolf. Originalmente dise\u00f1ado para el Piccolo, es tambi\u00e9n adaptable a los dem\u00e1s microhelic\u00f3pteros de su tama\u00f1o (Hornet,&#8230;<\/p>\n","protected":false},"featured_media":9164,"comment_status":"closed","ping_status":"closed","template":"","meta":[],"pwb-brand":[],"product_cat":[634],"product_tag":[],"yoast_head":"<!-- This site is optimized with the Yoast SEO plugin v20.2 - https:\/\/yoast.com\/wordpress\/plugins\/seo\/ -->\n<title>Fuselaje Airwolf -Bell 222 para micro helicopteros &#8902; Futurhobby.com\/tienda<\/title>\n<meta name=\"robots\" content=\"index, follow, max-snippet:-1, max-image-preview:large, max-video-preview:-1\" \/>\n<link rel=\"canonical\" href=\"https:\/\/futurhobby.com\/tienda\/comprar\/fuselaje-airwolf-bell-222-para-micro-helicopteros\/\" \/>\n<meta property=\"og:locale\" content=\"es_ES\" \/>\n<meta property=\"og:type\" content=\"article\" \/>\n<meta property=\"og:title\" content=\"Fuselaje Airwolf -Bell 222 para micro helicopteros &#8902; Futurhobby.com\/tienda\" \/>\n<meta property=\"og:description\" content=\"Fuselaje a escala con gran realismo y detalle del modelo Bell 222 o Airwolf. Originalmente dise\u00f1ado para el Piccolo, es tambi\u00e9n adaptable a los dem\u00e1s microhelic\u00f3pteros de su tama\u00f1o (Hornet,...\" \/>\n<meta property=\"og:url\" content=\"https:\/\/futurhobby.com\/tienda\/comprar\/fuselaje-airwolf-bell-222-para-micro-helicopteros\/\" \/>\n<meta property=\"og:site_name\" content=\"Futurhobby.com\/tienda\" \/>\n<meta property=\"article:publisher\" content=\"https:\/\/www.facebook.com\/futurhobby\/\" \/>\n<meta property=\"og:image\" content=\"https:\/\/futurhobby.com\/tienda\/wp-content\/uploads\/2011\/04\/207-bell-222-airwolf-fuselage-for-micro-helicopters.jpg\" \/>\n\t<meta property=\"og:image:width\" content=\"550\" \/>\n\t<meta property=\"og:image:height\" content=\"305\" \/>\n\t<meta property=\"og:image:type\" content=\"image\/jpeg\" \/>\n<meta name=\"twitter:card\" content=\"summary_large_image\" \/>\n<script type=\"application\/ld+json\" class=\"yoast-schema-graph\">{\"@context\":\"https:\/\/schema.org\",\"@graph\":[{\"@type\":\"WebPage\",\"@id\":\"https:\/\/futurhobby.com\/tienda\/comprar\/fuselaje-airwolf-bell-222-para-micro-helicopteros\/\",\"url\":\"https:\/\/futurhobby.com\/tienda\/comprar\/fuselaje-airwolf-bell-222-para-micro-helicopteros\/\",\"name\":\"Fuselaje Airwolf -Bell 222 para micro helicopteros &#8902; Futurhobby.com\/tienda\",\"isPartOf\":{\"@id\":\"https:\/\/futurhobby.com\/tienda\/#website\"},\"datePublished\":\"2011-04-14T01:43:59+00:00\",\"dateModified\":\"2011-04-14T01:43:59+00:00\",\"breadcrumb\":{\"@id\":\"https:\/\/futurhobby.com\/tienda\/comprar\/fuselaje-airwolf-bell-222-para-micro-helicopteros\/#breadcrumb\"},\"inLanguage\":\"es\",\"potentialAction\":[{\"@type\":\"ReadAction\",\"target\":[\"https:\/\/futurhobby.com\/tienda\/comprar\/fuselaje-airwolf-bell-222-para-micro-helicopteros\/\"]}]},{\"@type\":\"BreadcrumbList\",\"@id\":\"https:\/\/futurhobby.com\/tienda\/comprar\/fuselaje-airwolf-bell-222-para-micro-helicopteros\/#breadcrumb\",\"itemListElement\":[{\"@type\":\"ListItem\",\"position\":1,\"name\":\"Portada\",\"item\":\"https:\/\/futurhobby.com\/tienda\/\"},{\"@type\":\"ListItem\",\"position\":2,\"name\":\"Tienda\",\"item\":\"https:\/\/futurhobby.com\/tienda\/\"},{\"@type\":\"ListItem\",\"position\":3,\"name\":\"Fuselaje Airwolf -Bell 222 para micro helicopteros\"}]},{\"@type\":\"WebSite\",\"@id\":\"https:\/\/futurhobby.com\/tienda\/#website\",\"url\":\"https:\/\/futurhobby.com\/tienda\/\",\"name\":\"Futurhobby.com\/tienda\",\"description\":\"Lo mejor en Drones, Aeromodelismo y Hobby\",\"potentialAction\":[{\"@type\":\"SearchAction\",\"target\":{\"@type\":\"EntryPoint\",\"urlTemplate\":\"https:\/\/futurhobby.com\/tienda\/?s={search_term_string}\"},\"query-input\":\"required name=search_term_string\"}],\"inLanguage\":\"es\"}]}<\/script>\n<!-- \/ Yoast SEO plugin. -->","yoast_head_json":{"title":"Fuselaje Airwolf -Bell 222 para micro helicopteros &#8902; Futurhobby.com\/tienda","robots":{"index":"index","follow":"follow","max-snippet":"max-snippet:-1","max-image-preview":"max-image-preview:large","max-video-preview":"max-video-preview:-1"},"canonical":"https:\/\/futurhobby.com\/tienda\/comprar\/fuselaje-airwolf-bell-222-para-micro-helicopteros\/","og_locale":"es_ES","og_type":"article","og_title":"Fuselaje Airwolf -Bell 222 para micro helicopteros &#8902; Futurhobby.com\/tienda","og_description":"Fuselaje a escala con gran realismo y detalle del modelo Bell 222 o Airwolf. Originalmente dise\u00f1ado para el Piccolo, es tambi\u00e9n adaptable a los dem\u00e1s microhelic\u00f3pteros de su tama\u00f1o (Hornet,...","og_url":"https:\/\/futurhobby.com\/tienda\/comprar\/fuselaje-airwolf-bell-222-para-micro-helicopteros\/","og_site_name":"Futurhobby.com\/tienda","article_publisher":"https:\/\/www.facebook.com\/futurhobby\/","og_image":[{"width":550,"height":305,"url":"https:\/\/futurhobby.com\/tienda\/wp-content\/uploads\/2011\/04\/207-bell-222-airwolf-fuselage-for-micro-helicopters.jpg","type":"image\/jpeg"}],"twitter_card":"summary_large_image","schema":{"@context":"https:\/\/schema.org","@graph":[{"@type":"WebPage","@id":"https:\/\/futurhobby.com\/tienda\/comprar\/fuselaje-airwolf-bell-222-para-micro-helicopteros\/","url":"https:\/\/futurhobby.com\/tienda\/comprar\/fuselaje-airwolf-bell-222-para-micro-helicopteros\/","name":"Fuselaje Airwolf -Bell 222 para micro helicopteros &#8902; Futurhobby.com\/tienda","isPartOf":{"@id":"https:\/\/futurhobby.com\/tienda\/#website"},"datePublished":"2011-04-14T01:43:59+00:00","dateModified":"2011-04-14T01:43:59+00:00","breadcrumb":{"@id":"https:\/\/futurhobby.com\/tienda\/comprar\/fuselaje-airwolf-bell-222-para-micro-helicopteros\/#breadcrumb"},"inLanguage":"es","potentialAction":[{"@type":"ReadAction","target":["https:\/\/futurhobby.com\/tienda\/comprar\/fuselaje-airwolf-bell-222-para-micro-helicopteros\/"]}]},{"@type":"BreadcrumbList","@id":"https:\/\/futurhobby.com\/tienda\/comprar\/fuselaje-airwolf-bell-222-para-micro-helicopteros\/#breadcrumb","itemListElement":[{"@type":"ListItem","position":1,"name":"Portada","item":"https:\/\/futurhobby.com\/tienda\/"},{"@type":"ListItem","position":2,"name":"Tienda","item":"https:\/\/futurhobby.com\/tienda\/"},{"@type":"ListItem","position":3,"name":"Fuselaje Airwolf -Bell 222 para micro helicopteros"}]},{"@type":"WebSite","@id":"https:\/\/futurhobby.com\/tienda\/#website","url":"https:\/\/futurhobby.com\/tienda\/","name":"Futurhobby.com\/tienda","description":"Lo mejor en Drones, Aeromodelismo y Hobby","potentialAction":[{"@type":"SearchAction","target":{"@type":"EntryPoint","urlTemplate":"https:\/\/futurhobby.com\/tienda\/?s={search_term_string}"},"query-input":"required name=search_term_string"}],"inLanguage":"es"}]}},"brands":[],"_links":{"self":[{"href":"https:\/\/futurhobby.com\/tienda\/wp-json\/wp\/v2\/product\/9165"}],"collection":[{"href":"https:\/\/futurhobby.com\/tienda\/wp-json\/wp\/v2\/product"}],"about":[{"href":"https:\/\/futurhobby.com\/tienda\/wp-json\/wp\/v2\/types\/product"}],"replies":[{"embeddable":true,"href":"https:\/\/futurhobby.com\/tienda\/wp-json\/wp\/v2\/comments?post=9165"}],"wp:featuredmedia":[{"embeddable":true,"href":"https:\/\/futurhobby.com\/tienda\/wp-json\/wp\/v2\/media\/9164"}],"wp:attachment":[{"href":"https:\/\/futurhobby.com\/tienda\/wp-json\/wp\/v2\/media?parent=9165"}],"wp:term":[{"taxonomy":"pwb-brand","embeddable":true,"href":"https:\/\/futurhobby.com\/tienda\/wp-json\/wp\/v2\/pwb-brand?post=9165"},{"taxonomy":"product_cat","embeddable":true,"href":"https:\/\/futurhobby.com\/tienda\/wp-json\/wp\/v2\/product_cat?post=9165"},{"taxonomy":"product_tag","embeddable":true,"href":"https:\/\/futurhobby.com\/tienda\/wp-json\/wp\/v2\/product_tag?post=9165"}],"curies":[{"name":"wp","href":"https:\/\/api.w.org\/{rel}","templated":true}]}}