{"id":9817,"date":"2023-01-24T18:33:44","date_gmt":"2023-01-24T17:33:44","guid":{"rendered":"https:\/\/futurhobby.com\/tienda\/?post_type=product&#038;p=9817"},"modified":"2023-11-21T18:04:40","modified_gmt":"2023-11-21T17:04:40","slug":"nine-eagles-bravo-sx","status":"publish","type":"product","link":"https:\/\/futurhobby.com\/tienda\/comprar\/nine-eagles-bravo-sx\/","title":{"rendered":"Nine Eagles Bravo SX Spooky Tested De Luxe Kit"},"content":{"rendered":"<p>Nine Eagles Bravo SX &#8211; 2,4 Ghz. &#8211; 4 Canales &#8211; \u00abSpooky Tested\u00bb De Luxe Kit<\/p>\n<p><span style=\"text-decoration: underline;\"><strong>NUEVA VERSION, MOTOR PRINCIPAL MEJORADO<\/strong><\/span><\/p>\n<p>\u00a1 El helic\u00f3ptero mono-rotor de la casa Nine Eagles para los amantes de las maquetas a escala ! \u00a1 Despu\u00e9s del gran \u00e9xito del Nine Eagles Solo Pro, ahora tambi\u00e9n te ofrecemos el BRAVO SX, que incorpora varias mejoras y vuela todav\u00eda mejor.<br \/>\nEl Kit contiene todo lo necesario para convertirse en piloto de helic\u00f3pteros. El lema como siempre es: \u201cCargar y despegar\u201d.<\/p>\n<p>COLOR FUSELAJE: CAMUFLAJE MILITAR<\/p>\n<p>El sucesor del exitoso Solo Pro llega al mercado con una serie de mejoras que permiten que vuele a\u00fan mejor, tanto en interior como exterior.<\/p>\n<p>Estable como un coaxial, r\u00e1pido como un monorotor, realismo de maqueta a escala. \u00a1 No puede faltar en tu flota !<\/p>\n<p><a title=\"nine eagles bravo sx\" href=\"https:\/\/www.futurhobby.com\/magazine\/futurhobby_rc_04_00000c.html\" target=\"_blank\" rel=\"noopener\">PUEDES VER UN REPORTAJE COMPLETO Y M\u00c1S FOTOS DEL BRAVO SX AQU\u00cd<\/a><\/p>\n<address>Caracter\u00edsticas :Di\u00e1metro Rotor : aprox. 190 mm<br \/>\nLongitud : aprox. 229 mm<br \/>\nPeso : aprox. 33 g<br \/>\n2 x LiPo 3,7 V &#8211; 150 mah (ORIGINAL Nine Eagles)<br \/>\n4 canales por 2,4 GHz radiocontrolTodos los recambios disponibles comprando tu Bravo SX aqu\u00ed.Contenido del kit:\u2022 Helic\u00f3ptero Bravo SX &#8211; Color Militar &#8211; \u00abSpooky Tested\u00bb<br \/>\n\u2022 Emisora 2,4 Ghz<br \/>\n\u2022 2 x Bater\u00eda LiPo &#8211; 3,7 V &#8211; 150 mah<br \/>\n\u2022 Cargador autom\u00e1tico y fuente de alimentaci\u00f3n a 220V (enchufe europeo) que carga una o dos bater\u00edas simultaneamente<br \/>\n\u2022 Malet\u00edn de aluminio de gran calidad, ligero y compacto<br \/>\n\u2022 4 Pilas AA (para la emisora)<\/address>\n<address>\u2022 Palas principales de recambio<br \/>\n\u2022 Destornillador<br \/>\n\u2022 Instrucciones<\/address>\n<address>Aprov\u00e9chate de nuestra experiencia en helic\u00f3pteros el\u00e9ctricos: fuimos la primera tienda en Espa\u00f1a en traer el Bravo SX, y te lo mandamos probado y ajustado por nosotros.Para ver m\u00e1s datos y fotos del Bravo SX de Nine Eagles, haz click <a href=\"https:\/\/www.futurhobby.com\/e-shop1_000005.html\" target=\"_blank\" rel=\"noopener\"><span style=\"text-decoration: underline;\">AQUI<\/span><\/a>.<\/address>\n<p><span style=\"color: #800000;\"><strong>\u00a1TODOS LOS RECAMBIOS DISPONIBLES AL COMPRAR TU BRAVO SX EN FUTURHOBBY! <\/strong><\/span><br \/>\n<span style=\"font-size: 10pt;\"><br \/>\nSi no encuentras algo que necesites, por favor cont\u00e1ctanos por email en <a href=\"..\/tienda\/contact_us.php\" target=\"_blank\" rel=\"noopener\"><span style=\"text-decoration: underline;\">info@futurhobby.com<\/span><\/a> <\/span>Para descargar el manual de instrucciones en ingl\u00e9s, haz click <a href=\"..\/Manuales\/Bravo_SX_Instruction_Manual.pdf\" target=\"_blank\" rel=\"noopener\"><span style=\"text-decoration: underline;\">AQUI<\/span><\/a>.<\/p>\n<p><object data=\"http:\/\/www.youtube.com\/v\/PbIvGOmaWBA&amp;feature\" type=\"application\/x-shockwave-flash\" width=\"425\" height=\"350\"><param name=\"data\" value=\"http:\/\/www.youtube.com\/v\/PbIvGOmaWBA&amp;feature\" \/><param name=\"src\" value=\"http:\/\/www.youtube.com\/v\/PbIvGOmaWBA&amp;feature\" \/><\/object><\/p>\n<p><object data=\"http:\/\/www.youtube.com\/v\/9Zr489gTRwE?fs=1&amp;hl=es_ES\" type=\"application\/x-shockwave-flash\" width=\"440\" height=\"295\"><param name=\"data\" value=\"http:\/\/www.youtube.com\/v\/9Zr489gTRwE?fs=1&amp;hl=es_ES\" \/><param name=\"allowFullScreen\" value=\"true\" \/><param name=\"allowscriptaccess\" value=\"always\" \/><param name=\"src\" value=\"http:\/\/www.youtube.com\/v\/9Zr489gTRwE?fs=1&amp;hl=es_ES\" \/><param name=\"allowfullscreen\" value=\"true\" \/><\/object><\/p>\n<p>\u00a1TODOS LOS RECAMBIOS DISPONIBLES AL COMPRAR TU BRAVO SX EN FUTURHOBBY!<br \/>\n<span style=\"font-size: 10pt;\"><br \/>\nSi no encuentras algo que necesites, por favor cont\u00e1ctanos por email en <a href=\"https:\/\/www.futurhobby.com\/tienda\/contact_us.php\" target=\"_blank\" rel=\"noopener\"><span style=\"text-decoration: underline;\">info@futurhobby.com<\/span><\/a> <\/span>Para descargar el manual de instrucciones en ingl\u00e9s, haz click <a href=\"https:\/\/www.futurhobby.com\/Manuales\/Bravo_SX_Instruction_Manual.pdf\" target=\"_blank\" rel=\"noopener\"><span style=\"text-decoration: underline;\">AQUI<\/span><\/a>.<\/p>\n<p>VIDEOS FILMADOS POR NUESTROS CLIENTES&#8230;<\/p>\n<p><object data=\"http:\/\/www.youtube.com\/v\/_uIcf22PUfU&amp;feature\" type=\"application\/x-shockwave-flash\" width=\"425\" height=\"350\"><param name=\"data\" value=\"http:\/\/www.youtube.com\/v\/_uIcf22PUfU&amp;feature\" \/><param name=\"src\" value=\"http:\/\/www.youtube.com\/v\/_uIcf22PUfU&amp;feature\" \/><\/object><br \/>\n<object data=\"http:\/\/www.youtube.com\/v\/YnXXQmDPgnM&amp;feature\" type=\"application\/x-shockwave-flash\" width=\"425\" height=\"350\"><param name=\"data\" value=\"http:\/\/www.youtube.com\/v\/YnXXQmDPgnM&amp;feature\" \/><param name=\"src\" value=\"http:\/\/www.youtube.com\/v\/YnXXQmDPgnM&amp;feature\" \/><\/object><\/p>\n","protected":false},"excerpt":{"rendered":"<p>BRAVO SX \u00a1 El helic\u00f3ptero mono-rotor de la casa Nine Eagles para los amantes de las maquetas a escala! Nuestra exclusiva versi\u00f3n \u00abSpooky Tested\u00bb llega a tu casa revisado, ajustado y probado en vuelo aqu\u00ed en Futurhobby por nosotros&#8230; <strong>NUEVA VERSION, MOTOR PRINCIPAL MEJORADO.<\/strong><\/p>\n<p>FUSELAJE CAMUFLAJE MILITAR<\/p>\n","protected":false},"featured_media":9812,"comment_status":"closed","ping_status":"closed","template":"","meta":[],"pwb-brand":[],"product_cat":[562,603,613],"product_tag":[723,721,724,722,716,1142],"yoast_head":"<!-- This site is optimized with the Yoast SEO plugin v20.2 - https:\/\/yoast.com\/wordpress\/plugins\/seo\/ -->\n<title>Nine Eagles Bravo SX DeLuxe kit &quot;Spooky Tested&quot;<\/title>\n<meta name=\"description\" content=\"El sucesor del Solo Pro, con aspecto de maqueta y mejores cualidades de vuelo\" \/>\n<meta name=\"robots\" content=\"index, follow, max-snippet:-1, max-image-preview:large, max-video-preview:-1\" \/>\n<link rel=\"canonical\" href=\"https:\/\/futurhobby.com\/tienda\/comprar\/nine-eagles-bravo-sx\/\" \/>\n<meta property=\"og:locale\" content=\"es_ES\" \/>\n<meta property=\"og:type\" content=\"article\" \/>\n<meta property=\"og:title\" content=\"Nine Eagles Bravo SX DeLuxe kit &quot;Spooky Tested&quot;\" \/>\n<meta property=\"og:description\" content=\"El sucesor del Solo Pro, con aspecto de maqueta y mejores cualidades de vuelo\" \/>\n<meta property=\"og:url\" content=\"https:\/\/futurhobby.com\/tienda\/comprar\/nine-eagles-bravo-sx\/\" \/>\n<meta property=\"og:site_name\" content=\"Futurhobby.com\/tienda\" \/>\n<meta property=\"article:publisher\" content=\"https:\/\/www.facebook.com\/futurhobby\/\" \/>\n<meta property=\"article:modified_time\" content=\"2023-11-21T17:04:40+00:00\" \/>\n<meta property=\"og:image\" content=\"https:\/\/futurhobby.com\/tienda\/wp-content\/uploads\/2011\/04\/706-nine-eagles-bravo-sx-spooky-tested-de-luxe-kit.jpg\" \/>\n\t<meta property=\"og:image:width\" content=\"640\" \/>\n\t<meta property=\"og:image:height\" content=\"480\" \/>\n\t<meta property=\"og:image:type\" content=\"image\/jpeg\" \/>\n<meta name=\"twitter:card\" content=\"summary_large_image\" \/>\n<meta name=\"twitter:label1\" content=\"Tiempo de lectura\" \/>\n\t<meta name=\"twitter:data1\" content=\"2 minutos\" \/>\n<script type=\"application\/ld+json\" class=\"yoast-schema-graph\">{\"@context\":\"https:\/\/schema.org\",\"@graph\":[{\"@type\":\"WebPage\",\"@id\":\"https:\/\/futurhobby.com\/tienda\/comprar\/nine-eagles-bravo-sx\/\",\"url\":\"https:\/\/futurhobby.com\/tienda\/comprar\/nine-eagles-bravo-sx\/\",\"name\":\"Nine Eagles Bravo SX DeLuxe kit \\\"Spooky Tested\\\"\",\"isPartOf\":{\"@id\":\"https:\/\/futurhobby.com\/tienda\/#website\"},\"datePublished\":\"2023-01-24T17:33:44+00:00\",\"dateModified\":\"2023-11-21T17:04:40+00:00\",\"description\":\"El sucesor del Solo Pro, con aspecto de maqueta y mejores cualidades de vuelo\",\"breadcrumb\":{\"@id\":\"https:\/\/futurhobby.com\/tienda\/comprar\/nine-eagles-bravo-sx\/#breadcrumb\"},\"inLanguage\":\"es\",\"potentialAction\":[{\"@type\":\"ReadAction\",\"target\":[\"https:\/\/futurhobby.com\/tienda\/comprar\/nine-eagles-bravo-sx\/\"]}]},{\"@type\":\"BreadcrumbList\",\"@id\":\"https:\/\/futurhobby.com\/tienda\/comprar\/nine-eagles-bravo-sx\/#breadcrumb\",\"itemListElement\":[{\"@type\":\"ListItem\",\"position\":1,\"name\":\"Portada\",\"item\":\"https:\/\/futurhobby.com\/tienda\/\"},{\"@type\":\"ListItem\",\"position\":2,\"name\":\"Tienda\",\"item\":\"https:\/\/futurhobby.com\/tienda\/\"},{\"@type\":\"ListItem\",\"position\":3,\"name\":\"Nine Eagles Bravo SX Spooky Tested De Luxe Kit\"}]},{\"@type\":\"WebSite\",\"@id\":\"https:\/\/futurhobby.com\/tienda\/#website\",\"url\":\"https:\/\/futurhobby.com\/tienda\/\",\"name\":\"Futurhobby.com\/tienda\",\"description\":\"Lo mejor en Drones, Aeromodelismo y Hobby\",\"potentialAction\":[{\"@type\":\"SearchAction\",\"target\":{\"@type\":\"EntryPoint\",\"urlTemplate\":\"https:\/\/futurhobby.com\/tienda\/?s={search_term_string}\"},\"query-input\":\"required name=search_term_string\"}],\"inLanguage\":\"es\"}]}<\/script>\n<!-- \/ Yoast SEO plugin. -->","yoast_head_json":{"title":"Nine Eagles Bravo SX DeLuxe kit \"Spooky Tested\"","description":"El sucesor del Solo Pro, con aspecto de maqueta y mejores cualidades de vuelo","robots":{"index":"index","follow":"follow","max-snippet":"max-snippet:-1","max-image-preview":"max-image-preview:large","max-video-preview":"max-video-preview:-1"},"canonical":"https:\/\/futurhobby.com\/tienda\/comprar\/nine-eagles-bravo-sx\/","og_locale":"es_ES","og_type":"article","og_title":"Nine Eagles Bravo SX DeLuxe kit \"Spooky Tested\"","og_description":"El sucesor del Solo Pro, con aspecto de maqueta y mejores cualidades de vuelo","og_url":"https:\/\/futurhobby.com\/tienda\/comprar\/nine-eagles-bravo-sx\/","og_site_name":"Futurhobby.com\/tienda","article_publisher":"https:\/\/www.facebook.com\/futurhobby\/","article_modified_time":"2023-11-21T17:04:40+00:00","og_image":[{"width":640,"height":480,"url":"https:\/\/futurhobby.com\/tienda\/wp-content\/uploads\/2011\/04\/706-nine-eagles-bravo-sx-spooky-tested-de-luxe-kit.jpg","type":"image\/jpeg"}],"twitter_card":"summary_large_image","twitter_misc":{"Tiempo de lectura":"2 minutos"},"schema":{"@context":"https:\/\/schema.org","@graph":[{"@type":"WebPage","@id":"https:\/\/futurhobby.com\/tienda\/comprar\/nine-eagles-bravo-sx\/","url":"https:\/\/futurhobby.com\/tienda\/comprar\/nine-eagles-bravo-sx\/","name":"Nine Eagles Bravo SX DeLuxe kit \"Spooky Tested\"","isPartOf":{"@id":"https:\/\/futurhobby.com\/tienda\/#website"},"datePublished":"2023-01-24T17:33:44+00:00","dateModified":"2023-11-21T17:04:40+00:00","description":"El sucesor del Solo Pro, con aspecto de maqueta y mejores cualidades de vuelo","breadcrumb":{"@id":"https:\/\/futurhobby.com\/tienda\/comprar\/nine-eagles-bravo-sx\/#breadcrumb"},"inLanguage":"es","potentialAction":[{"@type":"ReadAction","target":["https:\/\/futurhobby.com\/tienda\/comprar\/nine-eagles-bravo-sx\/"]}]},{"@type":"BreadcrumbList","@id":"https:\/\/futurhobby.com\/tienda\/comprar\/nine-eagles-bravo-sx\/#breadcrumb","itemListElement":[{"@type":"ListItem","position":1,"name":"Portada","item":"https:\/\/futurhobby.com\/tienda\/"},{"@type":"ListItem","position":2,"name":"Tienda","item":"https:\/\/futurhobby.com\/tienda\/"},{"@type":"ListItem","position":3,"name":"Nine Eagles Bravo SX Spooky Tested De Luxe Kit"}]},{"@type":"WebSite","@id":"https:\/\/futurhobby.com\/tienda\/#website","url":"https:\/\/futurhobby.com\/tienda\/","name":"Futurhobby.com\/tienda","description":"Lo mejor en Drones, Aeromodelismo y Hobby","potentialAction":[{"@type":"SearchAction","target":{"@type":"EntryPoint","urlTemplate":"https:\/\/futurhobby.com\/tienda\/?s={search_term_string}"},"query-input":"required name=search_term_string"}],"inLanguage":"es"}]}},"brands":[],"_links":{"self":[{"href":"https:\/\/futurhobby.com\/tienda\/wp-json\/wp\/v2\/product\/9817"}],"collection":[{"href":"https:\/\/futurhobby.com\/tienda\/wp-json\/wp\/v2\/product"}],"about":[{"href":"https:\/\/futurhobby.com\/tienda\/wp-json\/wp\/v2\/types\/product"}],"replies":[{"embeddable":true,"href":"https:\/\/futurhobby.com\/tienda\/wp-json\/wp\/v2\/comments?post=9817"}],"wp:featuredmedia":[{"embeddable":true,"href":"https:\/\/futurhobby.com\/tienda\/wp-json\/wp\/v2\/media\/9812"}],"wp:attachment":[{"href":"https:\/\/futurhobby.com\/tienda\/wp-json\/wp\/v2\/media?parent=9817"}],"wp:term":[{"taxonomy":"pwb-brand","embeddable":true,"href":"https:\/\/futurhobby.com\/tienda\/wp-json\/wp\/v2\/pwb-brand?post=9817"},{"taxonomy":"product_cat","embeddable":true,"href":"https:\/\/futurhobby.com\/tienda\/wp-json\/wp\/v2\/product_cat?post=9817"},{"taxonomy":"product_tag","embeddable":true,"href":"https:\/\/futurhobby.com\/tienda\/wp-json\/wp\/v2\/product_tag?post=9817"}],"curies":[{"name":"wp","href":"https:\/\/api.w.org\/{rel}","templated":true}]}}